{"id":10194,"date":"2022-07-03T15:27:41","date_gmt":"2022-07-03T13:27:41","guid":{"rendered":"https:\/\/karpatskanadacia.sk\/upre-women\/"},"modified":"2022-07-03T15:31:55","modified_gmt":"2022-07-03T13:31:55","slug":"upre-women","status":"publish","type":"page","link":"https:\/\/karpatskanadacia.sk\/en\/upre-women\/","title":{"rendered":"UPre Women"},"content":{"rendered":"\t\t<div data-elementor-type=\"wp-page\" data-elementor-id=\"10194\" class=\"elementor elementor-10194 elementor-8875\" data-elementor-post-type=\"page\">\n\t\t\t\t\t\t<section class=\"elementor-section elementor-top-section elementor-element elementor-element-a4310a0 elementor-section-boxed elementor-section-height-default elementor-section-height-default\" data-id=\"a4310a0\" data-element_type=\"section\">\n\t\t\t\t\t\t<div class=\"elementor-container elementor-column-gap-default\">\n\t\t\t\t\t<div class=\"elementor-column elementor-col-100 elementor-top-column elementor-element elementor-element-e2d710a\" data-id=\"e2d710a\" data-element_type=\"column\">\n\t\t\t<div class=\"elementor-widget-wrap elementor-element-populated\">\n\t\t\t\t\t\t<div class=\"elementor-element elementor-element-b21011b elementor-widget elementor-widget-heading\" data-id=\"b21011b\" data-element_type=\"widget\" data-widget_type=\"heading.default\">\n\t\t\t\t<div class=\"elementor-widget-container\">\n\t\t\t\t\t<h3 class=\"elementor-heading-title elementor-size-default\">UPre \u017eeny (UFor Women) - programme for the development and improvement of the employability of women from marginalised Roma communities<\/h3>\t\t\t\t<\/div>\n\t\t\t\t<\/div>\n\t\t\t\t\t<\/div>\n\t\t<\/div>\n\t\t\t\t\t<\/div>\n\t\t<\/section>\n\t\t\t\t<section class=\"elementor-section elementor-top-section elementor-element elementor-element-47713ef elementor-section-boxed elementor-section-height-default elementor-section-height-default\" data-id=\"47713ef\" data-element_type=\"section\">\n\t\t\t\t\t\t<div class=\"elementor-container elementor-column-gap-default\">\n\t\t\t\t\t<div class=\"elementor-column elementor-col-100 elementor-top-column elementor-element elementor-element-b7418e8\" data-id=\"b7418e8\" data-element_type=\"column\">\n\t\t\t<div class=\"elementor-widget-wrap elementor-element-populated\">\n\t\t\t\t\t\t<div class=\"elementor-element elementor-element-e7843d7 elementor-widget elementor-widget-text-editor\" data-id=\"e7843d7\" data-element_type=\"widget\" data-widget_type=\"text-editor.default\">\n\t\t\t\t<div class=\"elementor-widget-container\">\n\t\t\t\t\t\t\t\t\t<p>In 2020 only <strong>32% of Roma women<\/strong> in Slovakia were working, <strong>77% of young Roma women<\/strong> did not work, get educated nor did qualify further. At the same time, several surveys show that Roma are actively looking for jobs, but low level of education, lack of basic skills required in the labour market and racial or geographical discrimination are the main factors affecting their unemployment. Roma women at the same time experience even more extreme marginalisation, as gender discrimination and violence, to which they are often subjected, are added to mentioned denominators. All this also limits their ability to get and keep a job. Except for the gaps in education, they lack information about livelihood opportunities, but also the confidence, self-esteem, and soft skills (such as creativity, adaptability, and communication skills&#8230;) needed to take advantage of available job opportunities.<\/p>\t\t\t\t\t\t\t\t<\/div>\n\t\t\t\t<\/div>\n\t\t\t\t\t<\/div>\n\t\t<\/div>\n\t\t\t\t\t<\/div>\n\t\t<\/section>\n\t\t\t\t<section class=\"elementor-section elementor-top-section elementor-element elementor-element-f1b500b elementor-section-boxed elementor-section-height-default elementor-section-height-default\" data-id=\"f1b500b\" data-element_type=\"section\">\n\t\t\t\t\t\t<div class=\"elementor-container elementor-column-gap-default\">\n\t\t\t\t\t<div class=\"elementor-column elementor-col-100 elementor-top-column elementor-element elementor-element-8680672\" data-id=\"8680672\" data-element_type=\"column\">\n\t\t\t<div class=\"elementor-widget-wrap elementor-element-populated\">\n\t\t\t\t\t\t<div class=\"elementor-element elementor-element-744d765 elementor-widget elementor-widget-image\" data-id=\"744d765\" data-element_type=\"widget\" data-widget_type=\"image.default\">\n\t\t\t\t<div class=\"elementor-widget-container\">\n\t\t\t\t\t\t\t\t\t\t\t\t\t\t\t<img fetchpriority=\"high\" decoding=\"async\" width=\"768\" height=\"432\" src=\"https:\/\/karpatskanadacia.sk\/wp-content\/uploads\/2022\/03\/2509-farba-768x432.jpg\" class=\"attachment-medium_large size-medium_large wp-image-7659\" alt=\"\" srcset=\"https:\/\/karpatskanadacia.sk\/wp-content\/uploads\/2022\/03\/2509-farba-768x432.jpg 768w, https:\/\/karpatskanadacia.sk\/wp-content\/uploads\/2022\/03\/2509-farba-300x169.jpg 300w, https:\/\/karpatskanadacia.sk\/wp-content\/uploads\/2022\/03\/2509-farba-1024x576.jpg 1024w, https:\/\/karpatskanadacia.sk\/wp-content\/uploads\/2022\/03\/2509-farba-1536x864.jpg 1536w, https:\/\/karpatskanadacia.sk\/wp-content\/uploads\/2022\/03\/2509-farba.jpg 1920w\" sizes=\"(max-width: 768px) 100vw, 768px\" \/>\t\t\t\t\t\t\t\t\t\t\t\t\t\t\t<\/div>\n\t\t\t\t<\/div>\n\t\t\t\t\t<\/div>\n\t\t<\/div>\n\t\t\t\t\t<\/div>\n\t\t<\/section>\n\t\t\t\t<section class=\"elementor-section elementor-top-section elementor-element elementor-element-303e19b elementor-section-boxed elementor-section-height-default elementor-section-height-default\" data-id=\"303e19b\" data-element_type=\"section\">\n\t\t\t\t\t\t<div class=\"elementor-container elementor-column-gap-default\">\n\t\t\t\t\t<div class=\"elementor-column elementor-col-100 elementor-top-column elementor-element elementor-element-48c35b0\" data-id=\"48c35b0\" data-element_type=\"column\">\n\t\t\t<div class=\"elementor-widget-wrap elementor-element-populated\">\n\t\t\t\t\t\t<div class=\"elementor-element elementor-element-7414cbf elementor-widget elementor-widget-text-editor\" data-id=\"7414cbf\" data-element_type=\"widget\" data-widget_type=\"text-editor.default\">\n\t\t\t\t<div class=\"elementor-widget-container\">\n\t\t\t\t\t\t\t\t\t<p>That is why, the Carpathian Foundation, launched a long-term educational and development programme <a href=\"https:\/\/www.uprezeny.sk\/\" target=\"_blank\" rel=\"noopener\">UPre \u017eeny(UFor Women)<\/a>, in cooperation with partners, who have experience with increasing the employment of the long-term unemployed- with Agent\u00fara pr\u00e1ce Banskobystrick\u00e9ho sam<a href=\"https:\/\/www.agenturapracebbsk.sk\/\" target=\"_blank\" rel=\"noopener\">ospr\u00e1vneho kraja (Employment Agency of The Bansk\u00e1 Bystrica Self-Governing Region)<\/a> and the organisations <a href=\"http:\/\/dede.sk\/\" target=\"_blank\" rel=\"noopener\">OZ Destvo de\u0165om (Civic Association Childhood for Children)<\/a> and <a href=\"https:\/\/kcmvk-sk6.webnode.sk\/\" target=\"_blank\" rel=\"noopener\">Komunitn\u00e9 centrum men\u0161\u00edn Ve\u013ek\u00fd Krt\u00ed\u0161 (Community Centre for Minorities Ve\u013ek\u00fd Krt\u00ed\u0161).<\/a><\/p>\t\t\t\t\t\t\t\t<\/div>\n\t\t\t\t<\/div>\n\t\t\t\t\t<\/div>\n\t\t<\/div>\n\t\t\t\t\t<\/div>\n\t\t<\/section>\n\t\t\t\t<section class=\"elementor-section elementor-top-section elementor-element elementor-element-9227824 elementor-section-boxed elementor-section-height-default elementor-section-height-default\" data-id=\"9227824\" data-element_type=\"section\">\n\t\t\t\t\t\t<div class=\"elementor-container elementor-column-gap-default\">\n\t\t\t\t\t<div class=\"elementor-column elementor-col-100 elementor-top-column elementor-element elementor-element-1980eff\" data-id=\"1980eff\" data-element_type=\"column\">\n\t\t\t<div class=\"elementor-widget-wrap elementor-element-populated\">\n\t\t\t\t\t\t<div class=\"elementor-element elementor-element-0db24a3 elementor-widget elementor-widget-heading\" data-id=\"0db24a3\" data-element_type=\"widget\" data-widget_type=\"heading.default\">\n\t\t\t\t<div class=\"elementor-widget-container\">\n\t\t\t\t\t<h5 class=\"elementor-heading-title elementor-size-default\">Through programme UPre \u017eeny (UFor Women), we are working to ensure:<\/h5>\t\t\t\t<\/div>\n\t\t\t\t<\/div>\n\t\t\t\t\t<\/div>\n\t\t<\/div>\n\t\t\t\t\t<\/div>\n\t\t<\/section>\n\t\t\t\t<section class=\"elementor-section elementor-top-section elementor-element elementor-element-82842ba elementor-section-boxed elementor-section-height-default elementor-section-height-default\" data-id=\"82842ba\" data-element_type=\"section\">\n\t\t\t\t\t\t<div class=\"elementor-container elementor-column-gap-default\">\n\t\t\t\t\t<div class=\"elementor-column elementor-col-100 elementor-top-column elementor-element elementor-element-861dec1\" data-id=\"861dec1\" data-element_type=\"column\">\n\t\t\t<div class=\"elementor-widget-wrap elementor-element-populated\">\n\t\t\t\t\t\t<div class=\"elementor-element elementor-element-faa879f elementor-widget elementor-widget-text-editor\" data-id=\"faa879f\" data-element_type=\"widget\" data-widget_type=\"text-editor.default\">\n\t\t\t\t<div class=\"elementor-widget-container\">\n\t\t\t\t\t\t\t\t\t<ul><li>\u2022 that Roma women build their self-confidence and acquire the necessary information and skills to make free decisions,<\/li><li>that they will be able to gain financial independence and stability and be able to make a living,<\/li><li>that they will become agents of change in their communities and positively influence or lead other Roma women,<\/li><li>to dismantle prevailing harmful stereotypes about Roma women.<\/li><\/ul>\t\t\t\t\t\t\t\t<\/div>\n\t\t\t\t<\/div>\n\t\t\t\t\t<\/div>\n\t\t<\/div>\n\t\t\t\t\t<\/div>\n\t\t<\/section>\n\t\t\t\t<section class=\"elementor-section elementor-top-section elementor-element elementor-element-0567d98 elementor-section-boxed elementor-section-height-default elementor-section-height-default\" data-id=\"0567d98\" data-element_type=\"section\">\n\t\t\t\t\t\t<div class=\"elementor-container elementor-column-gap-default\">\n\t\t\t\t\t<div class=\"elementor-column elementor-col-100 elementor-top-column elementor-element elementor-element-5745a77\" data-id=\"5745a77\" data-element_type=\"column\">\n\t\t\t<div class=\"elementor-widget-wrap elementor-element-populated\">\n\t\t\t\t\t\t<div class=\"elementor-element elementor-element-29d1704 elementor-widget elementor-widget-text-editor\" data-id=\"29d1704\" data-element_type=\"widget\" data-widget_type=\"text-editor.default\">\n\t\t\t\t<div class=\"elementor-widget-container\">\n\t\t\t\t\t\t\t\t\t<p>Within the framework of the programme, Roma women are educated in <strong>the field of work<\/strong> (writing a resume, preparing for an interview, &#8230;),<strong>financial literacy,<\/strong> and <strong>the field of personal development<\/strong> (gender equality, gender-based violence, strengthening communication skills, etc.).<\/p><p>The entire process is conducted by experts and expert organisations in the communities, with the support of <strong>mentors.<\/strong> The Carpathian Foundation also collaborates with <strong>employers<\/strong> in the regions to create job opportunities for the participants.<\/p>\t\t\t\t\t\t\t\t<\/div>\n\t\t\t\t<\/div>\n\t\t\t\t\t<\/div>\n\t\t<\/div>\n\t\t\t\t\t<\/div>\n\t\t<\/section>\n\t\t\t\t<section class=\"elementor-section elementor-top-section elementor-element elementor-element-d387288 elementor-section-boxed elementor-section-height-default elementor-section-height-default\" data-id=\"d387288\" data-element_type=\"section\">\n\t\t\t\t\t\t<div class=\"elementor-container elementor-column-gap-default\">\n\t\t\t\t\t<div class=\"elementor-column elementor-col-100 elementor-top-column elementor-element elementor-element-4471837\" data-id=\"4471837\" data-element_type=\"column\">\n\t\t\t<div class=\"elementor-widget-wrap elementor-element-populated\">\n\t\t\t\t\t\t<div class=\"elementor-element elementor-element-c31b5d7 elementor-widget elementor-widget-image\" data-id=\"c31b5d7\" data-element_type=\"widget\" data-widget_type=\"image.default\">\n\t\t\t\t<div class=\"elementor-widget-container\">\n\t\t\t\t\t\t\t\t\t\t\t\t\t\t\t<img decoding=\"async\" width=\"768\" height=\"513\" src=\"https:\/\/karpatskanadacia.sk\/wp-content\/uploads\/2022\/05\/DSC_2452-768x513.jpg\" class=\"attachment-medium_large size-medium_large wp-image-8880\" alt=\"\" srcset=\"https:\/\/karpatskanadacia.sk\/wp-content\/uploads\/2022\/05\/DSC_2452-768x513.jpg 768w, https:\/\/karpatskanadacia.sk\/wp-content\/uploads\/2022\/05\/DSC_2452-300x200.jpg 300w, https:\/\/karpatskanadacia.sk\/wp-content\/uploads\/2022\/05\/DSC_2452-1024x684.jpg 1024w, https:\/\/karpatskanadacia.sk\/wp-content\/uploads\/2022\/05\/DSC_2452.jpg 1534w\" sizes=\"(max-width: 768px) 100vw, 768px\" \/>\t\t\t\t\t\t\t\t\t\t\t\t\t\t\t<\/div>\n\t\t\t\t<\/div>\n\t\t\t\t\t<\/div>\n\t\t<\/div>\n\t\t\t\t\t<\/div>\n\t\t<\/section>\n\t\t\t\t<section class=\"elementor-section elementor-top-section elementor-element elementor-element-7174ba2 elementor-section-boxed elementor-section-height-default elementor-section-height-default\" data-id=\"7174ba2\" data-element_type=\"section\">\n\t\t\t\t\t\t<div class=\"elementor-container elementor-column-gap-default\">\n\t\t\t\t\t<div class=\"elementor-column elementor-col-100 elementor-top-column elementor-element elementor-element-b38100f\" data-id=\"b38100f\" data-element_type=\"column\">\n\t\t\t<div class=\"elementor-widget-wrap elementor-element-populated\">\n\t\t\t\t\t\t<div data-dce-advanced-background-color=\"#A88C00\" class=\"elementor-element elementor-element-2698886 elementor-position-top elementor-view-default elementor-mobile-position-top elementor-widget elementor-widget-icon-box\" data-id=\"2698886\" data-element_type=\"widget\" data-widget_type=\"icon-box.default\">\n\t\t\t\t<div class=\"elementor-widget-container\">\n\t\t\t\t\t\t\t<div class=\"elementor-icon-box-wrapper\">\n\n\t\t\t\t\t\t<div class=\"elementor-icon-box-icon\">\n\t\t\t\t<a href=\"https:\/\/karpatskanadacia.sk\/en\/upre-zeny-ufor-women-study\/\" class=\"elementor-icon\" tabindex=\"-1\" aria-label=\"UPre Women study\">\n\t\t\t\t<i aria-hidden=\"true\" class=\"far fa-file-pdf\"><\/i>\t\t\t\t<\/a>\n\t\t\t<\/div>\n\t\t\t\n\t\t\t\t\t\t<div class=\"elementor-icon-box-content\">\n\n\t\t\t\t\t\t\t\t\t<h3 class=\"elementor-icon-box-title\">\n\t\t\t\t\t\t<a href=\"https:\/\/karpatskanadacia.sk\/en\/upre-zeny-ufor-women-study\/\">\n\t\t\t\t\t\t\tUPre Women study\t\t\t\t\t\t<\/a>\n\t\t\t\t\t<\/h3>\n\t\t\t\t\n\t\t\t\t\t\t\t\t\t<p class=\"elementor-icon-box-description\">\n\t\t\t\t\t\tPrior to the actual launch of the Women's UPre programme, an eponymous research study was carried out (2021) describing the situation of women \nfrom marginalised Roma communities, their status, empowerment, the journey to employment and the obstacles that stand on that road. \n<br><b>The study has 2 parts:<\/b> \n1. quantitative research into the empowerment of women from two marginalised Roma communities (Dob\u0161in\u00e1, Ve\u013ek\u00fd Krt\u00ed\u0161), <br>2. qualitative research of the \"path\" of Roma from marginalized environments (Dob\u0161in\u00e1, Ve\u013ek\u00fd Krti\u0161, Lun\u00edk IX. in Ko\u0161ice) that succeeded on the labour market. <br><br>This unique study is an excellent tool for setting up other activities and public policies aimed at developing marginalised Roma communities. We also built the UPre women's program on her knowledge and information.\t\t\t\t\t<\/p>\n\t\t\t\t\n\t\t\t<\/div>\n\t\t\t\n\t\t<\/div>\n\t\t\t\t\t\t<\/div>\n\t\t\t\t<\/div>\n\t\t\t\t\t<\/div>\n\t\t<\/div>\n\t\t\t\t\t<\/div>\n\t\t<\/section>\n\t\t\t\t<section class=\"elementor-section elementor-top-section elementor-element elementor-element-6c71bf6 elementor-section-boxed elementor-section-height-default elementor-section-height-default\" data-id=\"6c71bf6\" data-element_type=\"section\">\n\t\t\t\t\t\t<div class=\"elementor-container elementor-column-gap-default\">\n\t\t\t\t\t<div class=\"elementor-column elementor-col-100 elementor-top-column elementor-element elementor-element-a20e97a\" data-id=\"a20e97a\" data-element_type=\"column\">\n\t\t\t<div class=\"elementor-widget-wrap elementor-element-populated\">\n\t\t\t\t\t\t<div class=\"elementor-element elementor-element-3f6bd6d elementor-position-left elementor-view-default elementor-mobile-position-top elementor-widget elementor-widget-icon-box\" data-id=\"3f6bd6d\" data-element_type=\"widget\" data-widget_type=\"icon-box.default\">\n\t\t\t\t<div class=\"elementor-widget-container\">\n\t\t\t\t\t\t\t<div class=\"elementor-icon-box-wrapper\">\n\n\t\t\t\t\t\t<div class=\"elementor-icon-box-icon\">\n\t\t\t\t<span  class=\"elementor-icon\">\n\t\t\t\t<i aria-hidden=\"true\" class=\"fas fa-exclamation\"><\/i>\t\t\t\t<\/span>\n\t\t\t<\/div>\n\t\t\t\n\t\t\t\t\t\t<div class=\"elementor-icon-box-content\">\n\n\t\t\t\t\n\t\t\t\t\t\t\t\t\t<p class=\"elementor-icon-box-description\">\n\t\t\t\t\t\tAfter successful implementation of the pilot program in these locations, we plan to extend the UPre women program to other marginalized Roma communities. We also plan to establish an Inclusive Employers Platform for the Exchange of Experience between employers interested in employing Roma, especially Roma women.\t\t\t\t\t<\/p>\n\t\t\t\t\n\t\t\t<\/div>\n\t\t\t\n\t\t<\/div>\n\t\t\t\t\t\t<\/div>\n\t\t\t\t<\/div>\n\t\t\t\t\t<\/div>\n\t\t<\/div>\n\t\t\t\t\t<\/div>\n\t\t<\/section>\n\t\t\t\t<section class=\"elementor-section elementor-top-section elementor-element elementor-element-fee9088 elementor-section-boxed elementor-section-height-default elementor-section-height-default\" data-id=\"fee9088\" data-element_type=\"section\">\n\t\t\t\t\t\t<div class=\"elementor-container elementor-column-gap-default\">\n\t\t\t\t\t<div class=\"elementor-column elementor-col-100 elementor-top-column elementor-element elementor-element-3f1c070\" data-id=\"3f1c070\" data-element_type=\"column\">\n\t\t\t<div class=\"elementor-widget-wrap elementor-element-populated\">\n\t\t\t\t\t\t<div class=\"elementor-element elementor-element-f871bf2 elementor-align-justify elementor-widget elementor-widget-button\" data-id=\"f871bf2\" data-element_type=\"widget\" data-widget_type=\"button.default\">\n\t\t\t\t<div class=\"elementor-widget-container\">\n\t\t\t\t\t\t\t\t\t<div class=\"elementor-button-wrapper\">\n\t\t\t\t\t<a class=\"elementor-button elementor-button-link elementor-size-lg\" href=\"https:\/\/www.uprezeny.sk\/\" target=\"_blank\" rel=\"noopener\">\n\t\t\t\t\t\t<span class=\"elementor-button-content-wrapper\">\n\t\t\t\t\t\t\t\t\t<span class=\"elementor-button-text\">www.uprezeny.sk<\/span>\n\t\t\t\t\t<\/span>\n\t\t\t\t\t<\/a>\n\t\t\t\t<\/div>\n\t\t\t\t\t\t\t\t<\/div>\n\t\t\t\t<\/div>\n\t\t\t\t\t<\/div>\n\t\t<\/div>\n\t\t\t\t\t<\/div>\n\t\t<\/section>\n\t\t\t\t<section class=\"elementor-section elementor-top-section elementor-element elementor-element-f10da09 elementor-section-boxed elementor-section-height-default elementor-section-height-default\" data-id=\"f10da09\" data-element_type=\"section\">\n\t\t\t\t\t\t<div class=\"elementor-container elementor-column-gap-default\">\n\t\t\t\t\t<div class=\"elementor-column elementor-col-100 elementor-top-column elementor-element elementor-element-733c5dd\" data-id=\"733c5dd\" data-element_type=\"column\">\n\t\t\t<div class=\"elementor-widget-wrap elementor-element-populated\">\n\t\t\t\t\t\t<div class=\"elementor-element elementor-element-c1726d2 elementor-widget elementor-widget-text-editor\" data-id=\"c1726d2\" data-element_type=\"widget\" data-widget_type=\"text-editor.default\">\n\t\t\t\t<div class=\"elementor-widget-container\">\n\t\t\t\t\t\t\t\t\t<p style=\"text-align: center;\"><em>Upre \u017eeny (UFor Women) received a grant from Norway with co-financing from the state budget for the pilot project during which the team of partners and experts is going to work with 40 women from marginalized Roma communities in Ve\u013ek\u00fd Krt\u00ed\u0161 and Dob\u0161in\u00e1 in 2022 and 2023.<\/em><\/p>\t\t\t\t\t\t\t\t<\/div>\n\t\t\t\t<\/div>\n\t\t\t\t\t<\/div>\n\t\t<\/div>\n\t\t\t\t\t<\/div>\n\t\t<\/section>\n\t\t\t\t<section class=\"elementor-section elementor-top-section elementor-element elementor-element-07dba1c elementor-section-boxed elementor-section-height-default elementor-section-height-default\" data-id=\"07dba1c\" data-element_type=\"section\">\n\t\t\t\t\t\t<div class=\"elementor-container elementor-column-gap-default\">\n\t\t\t\t\t<div class=\"elementor-column elementor-col-50 elementor-top-column elementor-element elementor-element-27ff31b\" data-id=\"27ff31b\" data-element_type=\"column\">\n\t\t\t<div class=\"elementor-widget-wrap elementor-element-populated\">\n\t\t\t\t\t\t<div class=\"elementor-element elementor-element-c78560c elementor-widget elementor-widget-image\" data-id=\"c78560c\" data-element_type=\"widget\" data-widget_type=\"image.default\">\n\t\t\t\t<div class=\"elementor-widget-container\">\n\t\t\t\t\t\t\t\t\t\t\t\t\t\t\t<img decoding=\"async\" width=\"268\" height=\"300\" src=\"https:\/\/karpatskanadacia.sk\/wp-content\/uploads\/2022\/03\/Norway_grants@4x-268x300.png\" class=\"attachment-medium size-medium wp-image-7645\" alt=\"\" srcset=\"https:\/\/karpatskanadacia.sk\/wp-content\/uploads\/2022\/03\/Norway_grants@4x-268x300.png 268w, https:\/\/karpatskanadacia.sk\/wp-content\/uploads\/2022\/03\/Norway_grants@4x-913x1024.png 913w, https:\/\/karpatskanadacia.sk\/wp-content\/uploads\/2022\/03\/Norway_grants@4x-768x861.png 768w, https:\/\/karpatskanadacia.sk\/wp-content\/uploads\/2022\/03\/Norway_grants@4x.png 931w\" sizes=\"(max-width: 268px) 100vw, 268px\" \/>\t\t\t\t\t\t\t\t\t\t\t\t\t\t\t<\/div>\n\t\t\t\t<\/div>\n\t\t\t\t\t<\/div>\n\t\t<\/div>\n\t\t\t\t<div class=\"elementor-column elementor-col-50 elementor-top-column elementor-element elementor-element-411c72c\" data-id=\"411c72c\" data-element_type=\"column\">\n\t\t\t<div class=\"elementor-widget-wrap elementor-element-populated\">\n\t\t\t\t\t\t<div class=\"elementor-element elementor-element-652ee9a elementor-widget elementor-widget-image\" data-id=\"652ee9a\" data-element_type=\"widget\" data-widget_type=\"image.default\">\n\t\t\t\t<div class=\"elementor-widget-container\">\n\t\t\t\t\t\t\t\t\t\t\t\t\t\t\t<img loading=\"lazy\" decoding=\"async\" width=\"211\" height=\"300\" src=\"https:\/\/karpatskanadacia.sk\/wp-content\/uploads\/2022\/03\/MjI2MV8xMDY1-211x300.png\" class=\"attachment-medium size-medium wp-image-7647\" alt=\"\" srcset=\"https:\/\/karpatskanadacia.sk\/wp-content\/uploads\/2022\/03\/MjI2MV8xMDY1-211x300.png 211w, https:\/\/karpatskanadacia.sk\/wp-content\/uploads\/2022\/03\/MjI2MV8xMDY1-720x1024.png 720w, https:\/\/karpatskanadacia.sk\/wp-content\/uploads\/2022\/03\/MjI2MV8xMDY1-768x1092.png 768w, https:\/\/karpatskanadacia.sk\/wp-content\/uploads\/2022\/03\/MjI2MV8xMDY1-1080x1536.png 1080w, https:\/\/karpatskanadacia.sk\/wp-content\/uploads\/2022\/03\/MjI2MV8xMDY1-1440x2048.png 1440w, https:\/\/karpatskanadacia.sk\/wp-content\/uploads\/2022\/03\/MjI2MV8xMDY1.png 1619w\" sizes=\"(max-width: 211px) 100vw, 211px\" \/>\t\t\t\t\t\t\t\t\t\t\t\t\t\t\t<\/div>\n\t\t\t\t<\/div>\n\t\t\t\t\t<\/div>\n\t\t<\/div>\n\t\t\t\t\t<\/div>\n\t\t<\/section>\n\t\t\t\t<\/div>\n\t\t","protected":false},"excerpt":{"rendered":"<p>UPre \u017eeny (UFor Women) &#8211; programme for the development and improvement of the employability of women from marginalised Roma communities In 2020 only 32% of Roma women in Slovakia were working, 77% of young Roma women did not work, get educated nor did qualify further. At the same time, several surveys show that Roma are [&hellip;]<\/p>\n","protected":false},"author":7,"featured_media":0,"parent":0,"menu_order":0,"comment_status":"closed","ping_status":"closed","template":"","meta":{"_acf_changed":false,"site-sidebar-layout":"no-sidebar","site-content-layout":"page-builder","ast-site-content-layout":"default","site-content-style":"default","site-sidebar-style":"default","ast-global-header-display":"","ast-banner-title-visibility":"","ast-main-header-display":"","ast-hfb-above-header-display":"","ast-hfb-below-header-display":"","ast-hfb-mobile-header-display":"","site-post-title":"disabled","ast-breadcrumbs-content":"","ast-featured-img":"disabled","footer-sml-layout":"","ast-disable-related-posts":"","theme-transparent-header-meta":"default","adv-header-id-meta":"","stick-header-meta":"","header-above-stick-meta":"","header-main-stick-meta":"","header-below-stick-meta":"","astra-migrate-meta-layouts":"default","ast-page-background-enabled":"default","ast-page-background-meta":{"desktop":{"background-color":"","background-image":"","background-repeat":"repeat","background-position":"center center","background-size":"auto","background-attachment":"scroll","background-type":"","background-media":"","overlay-type":"","overlay-color":"","overlay-opacity":"","overlay-gradient":""},"tablet":{"background-color":"","background-image":"","background-repeat":"repeat","background-position":"center center","background-size":"auto","background-attachment":"scroll","background-type":"","background-media":"","overlay-type":"","overlay-color":"","overlay-opacity":"","overlay-gradient":""},"mobile":{"background-color":"","background-image":"","background-repeat":"repeat","background-position":"center center","background-size":"auto","background-attachment":"scroll","background-type":"","background-media":"","overlay-type":"","overlay-color":"","overlay-opacity":"","overlay-gradient":""}},"ast-content-background-meta":{"desktop":{"background-color":"var(--ast-global-color-5)","background-image":"","background-repeat":"repeat","background-position":"center center","background-size":"auto","background-attachment":"scroll","background-type":"","background-media":"","overlay-type":"","overlay-color":"","overlay-opacity":"","overlay-gradient":""},"tablet":{"background-color":"var(--ast-global-color-5)","background-image":"","background-repeat":"repeat","background-position":"center center","background-size":"auto","background-attachment":"scroll","background-type":"","background-media":"","overlay-type":"","overlay-color":"","overlay-opacity":"","overlay-gradient":""},"mobile":{"background-color":"var(--ast-global-color-5)","background-image":"","background-repeat":"repeat","background-position":"center center","background-size":"auto","background-attachment":"scroll","background-type":"","background-media":"","overlay-type":"","overlay-color":"","overlay-opacity":"","overlay-gradient":""}},"footnotes":""},"class_list":["post-10194","page","type-page","status-publish","hentry"],"acf":[],"_links":{"self":[{"href":"https:\/\/karpatskanadacia.sk\/en\/wp-json\/wp\/v2\/pages\/10194","targetHints":{"allow":["GET"]}}],"collection":[{"href":"https:\/\/karpatskanadacia.sk\/en\/wp-json\/wp\/v2\/pages"}],"about":[{"href":"https:\/\/karpatskanadacia.sk\/en\/wp-json\/wp\/v2\/types\/page"}],"author":[{"embeddable":true,"href":"https:\/\/karpatskanadacia.sk\/en\/wp-json\/wp\/v2\/users\/7"}],"replies":[{"embeddable":true,"href":"https:\/\/karpatskanadacia.sk\/en\/wp-json\/wp\/v2\/comments?post=10194"}],"version-history":[{"count":5,"href":"https:\/\/karpatskanadacia.sk\/en\/wp-json\/wp\/v2\/pages\/10194\/revisions"}],"predecessor-version":[{"id":10199,"href":"https:\/\/karpatskanadacia.sk\/en\/wp-json\/wp\/v2\/pages\/10194\/revisions\/10199"}],"wp:attachment":[{"href":"https:\/\/karpatskanadacia.sk\/en\/wp-json\/wp\/v2\/media?parent=10194"}],"curies":[{"name":"wp","href":"https:\/\/api.w.org\/{rel}","templated":true}]}}