{"id":10200,"date":"2022-07-03T15:53:08","date_gmt":"2022-07-03T13:53:08","guid":{"rendered":"https:\/\/karpatskanadacia.sk\/our-solutions\/lets-wake-up-the-sleeping-valleys\/"},"modified":"2022-11-03T08:36:53","modified_gmt":"2022-11-03T07:36:53","slug":"lets-wake-up-the-sleeping-valleys","status":"publish","type":"page","link":"https:\/\/karpatskanadacia.sk\/en\/our-solutions\/lets-wake-up-the-sleeping-valleys\/","title":{"rendered":"Let&#8217;s wake up the sleeping valleys"},"content":{"rendered":"\t\t<div data-elementor-type=\"wp-page\" data-elementor-id=\"10200\" class=\"elementor elementor-10200 elementor-6309\" data-elementor-post-type=\"page\">\n\t\t\t\t\t\t<section class=\"elementor-section elementor-top-section elementor-element elementor-element-d1fb146 elementor-section-boxed elementor-section-height-default elementor-section-height-default\" data-id=\"d1fb146\" data-element_type=\"section\">\n\t\t\t\t\t\t<div class=\"elementor-container elementor-column-gap-default\">\n\t\t\t\t\t<div class=\"elementor-column elementor-col-100 elementor-top-column elementor-element elementor-element-5664ea0\" data-id=\"5664ea0\" data-element_type=\"column\">\n\t\t\t<div class=\"elementor-widget-wrap elementor-element-populated\">\n\t\t\t\t\t\t<div class=\"elementor-element elementor-element-c6878e8 elementor-widget elementor-widget-text-editor\" data-id=\"c6878e8\" data-element_type=\"widget\" data-widget_type=\"text-editor.default\">\n\t\t\t\t<div class=\"elementor-widget-container\">\n\t\t\t\t\t\t\t\t\t<h5>CThrough our grant programmes, we help financially active people and organisations that are trying<strong>to develop their communities, villages, or towns.<\/strong> When we took a closer look at the cities where financial aid is going, we found that<strong>it has not been going to some locations for a long time.<\/strong> At the same time, these localities have few opportunities for cultural, sporting or community activities, and people from them are more likely to leave for work and education to larger cities or abroad. TWe have called these places <strong>sleeping valleys<\/strong> because it is as if life stopped there, and people do not see the perspective of the future. And we decided to wake them up gradually.<\/h5>\t\t\t\t\t\t\t\t<\/div>\n\t\t\t\t<\/div>\n\t\t\t\t\t<\/div>\n\t\t<\/div>\n\t\t\t\t\t<\/div>\n\t\t<\/section>\n\t\t\t\t<section class=\"elementor-section elementor-top-section elementor-element elementor-element-d5de446 elementor-section-boxed elementor-section-height-default elementor-section-height-default\" data-id=\"d5de446\" data-element_type=\"section\">\n\t\t\t\t\t\t<div class=\"elementor-container elementor-column-gap-default\">\n\t\t\t\t\t<div class=\"elementor-column elementor-col-100 elementor-top-column elementor-element elementor-element-d8bc78e\" data-id=\"d8bc78e\" data-element_type=\"column\">\n\t\t\t<div class=\"elementor-widget-wrap elementor-element-populated\">\n\t\t\t\t\t\t<div class=\"elementor-element elementor-element-01f7870 elementor-widget elementor-widget-text-editor\" data-id=\"01f7870\" data-element_type=\"widget\" data-widget_type=\"text-editor.default\">\n\t\t\t\t<div class=\"elementor-widget-container\">\n\t\t\t\t\t\t\t\t\t<h5 style=\"text-align: left;\">In 2020 we have launched the programme <strong>Prebu\u010fme spiace doliny (Let Us Wake Up the Sleeping Valleys).<\/strong> Its goal was to look for people &#8211; community leaders that can <strong>inspire and activate their surroundings<\/strong>and start working together to bring about progressive change in the region. We then provide these leaders with <strong>intensive educational training<\/strong> where they learn practical skills in the field of community development, project management and communication. We crosslink them with each other with experts from different areas. We also financially support their perspective projects because we believe that enthusiastic leaders and strong communities can truly awaken their villages. <\/h5>\t\t\t\t\t\t\t\t<\/div>\n\t\t\t\t<\/div>\n\t\t\t\t\t<\/div>\n\t\t<\/div>\n\t\t\t\t\t<\/div>\n\t\t<\/section>\n\t\t\t\t<section class=\"elementor-section elementor-top-section elementor-element elementor-element-bfb9ba3 elementor-section-boxed elementor-section-height-default elementor-section-height-default\" data-id=\"bfb9ba3\" data-element_type=\"section\">\n\t\t\t\t\t\t<div class=\"elementor-container elementor-column-gap-default\">\n\t\t\t\t\t<div class=\"elementor-column elementor-col-100 elementor-top-column elementor-element elementor-element-4f062c0\" data-id=\"4f062c0\" data-element_type=\"column\">\n\t\t\t<div class=\"elementor-widget-wrap elementor-element-populated\">\n\t\t\t\t\t\t<div class=\"elementor-element elementor-element-f16c94a elementor-widget elementor-widget-text-editor\" data-id=\"f16c94a\" data-element_type=\"widget\" data-widget_type=\"text-editor.default\">\n\t\t\t\t<div class=\"elementor-widget-container\">\n\t\t\t\t\t\t\t\t\t<h5>13 applicants took part in the first year. They completed online training on community development, community leaders and how to write a good project, selected applicants later completed project management training (bookkeeping, report writing). Funding for the programme was obtained through a crowdfunding campaign. We have raised \u20ac5,212 in December 2019 through the campaign from 140 individual donors and 3 corporate donors from Eastern Slovakia, of which \u20ac5,000 went directly to support community leaders and<strong>3 projects<\/strong> in sleeping valleys.<\/h5>\t\t\t\t\t\t\t\t<\/div>\n\t\t\t\t<\/div>\n\t\t\t\t\t<\/div>\n\t\t<\/div>\n\t\t\t\t\t<\/div>\n\t\t<\/section>\n\t\t\t\t<section class=\"elementor-section elementor-top-section elementor-element elementor-element-00b9b2c elementor-section-boxed elementor-section-height-default elementor-section-height-default\" data-id=\"00b9b2c\" data-element_type=\"section\">\n\t\t\t\t\t\t<div class=\"elementor-container elementor-column-gap-default\">\n\t\t\t\t\t<div class=\"elementor-column elementor-col-33 elementor-top-column elementor-element elementor-element-002b032\" data-id=\"002b032\" data-element_type=\"column\">\n\t\t\t<div class=\"elementor-widget-wrap elementor-element-populated\">\n\t\t\t\t\t\t<div class=\"elementor-element elementor-element-26f4efb elementor-position-top elementor-widget elementor-widget-image-box\" data-id=\"26f4efb\" data-element_type=\"widget\" data-widget_type=\"image-box.default\">\n\t\t\t\t<div class=\"elementor-widget-container\">\n\t\t\t\t\t<div class=\"elementor-image-box-wrapper\"><figure class=\"elementor-image-box-img\"><img decoding=\"async\" src=\"https:\/\/karpatskanadacia.sk\/wp-content\/uploads\/2022\/05\/20200914_164740_3.jpg\" title=\"20200914_164740_3\" alt=\"20200914_164740_3\" loading=\"lazy\" \/><\/figure><div class=\"elementor-image-box-content\"><h3 class=\"elementor-image-box-title\">Baking wafers<\/h3><p class=\"elementor-image-box-description\">Adriana Marcinov\u00e1 devised a project aimed at baking traditional wafers, through which she wanted to improve community relations in the village of Lo\u017e\u00edn and pass the tradition of baking to the next generations. Not only older inhabitants, but also young children took part in the project, thus deepening the intergenerational relations. Baking wafers together restored the social life in the village.<\/p><\/div><\/div>\t\t\t\t<\/div>\n\t\t\t\t<\/div>\n\t\t\t\t\t<\/div>\n\t\t<\/div>\n\t\t\t\t<div class=\"elementor-column elementor-col-33 elementor-top-column elementor-element elementor-element-55e5c4a\" data-id=\"55e5c4a\" data-element_type=\"column\">\n\t\t\t<div class=\"elementor-widget-wrap elementor-element-populated\">\n\t\t\t\t\t\t<div class=\"elementor-element elementor-element-b7aa354 elementor-position-top elementor-widget elementor-widget-image-box\" data-id=\"b7aa354\" data-element_type=\"widget\" data-widget_type=\"image-box.default\">\n\t\t\t\t<div class=\"elementor-widget-container\">\n\t\t\t\t\t<div class=\"elementor-image-box-wrapper\"><figure class=\"elementor-image-box-img\"><img fetchpriority=\"high\" decoding=\"async\" width=\"1077\" height=\"737\" src=\"https:\/\/karpatskanadacia.sk\/wp-content\/uploads\/2022\/05\/233540097_377064480711950_4997775347421780305_n_4.jpg\" class=\"attachment-full size-full wp-image-9181\" alt=\"\" srcset=\"https:\/\/karpatskanadacia.sk\/wp-content\/uploads\/2022\/05\/233540097_377064480711950_4997775347421780305_n_4.jpg 1077w, https:\/\/karpatskanadacia.sk\/wp-content\/uploads\/2022\/05\/233540097_377064480711950_4997775347421780305_n_4-300x205.jpg 300w, https:\/\/karpatskanadacia.sk\/wp-content\/uploads\/2022\/05\/233540097_377064480711950_4997775347421780305_n_4-1024x701.jpg 1024w, https:\/\/karpatskanadacia.sk\/wp-content\/uploads\/2022\/05\/233540097_377064480711950_4997775347421780305_n_4-768x526.jpg 768w\" sizes=\"(max-width: 1077px) 100vw, 1077px\" \/><\/figure><div class=\"elementor-image-box-content\"><h3 class=\"elementor-image-box-title\">Aragonite climb<\/h3><p class=\"elementor-image-box-description\">Denisa Rusn\u00e1kov\u00e1 organized the Aragonite climb through which she involved inhabitants of the village of Ochtin\u00e1 in community life. They could meet, talk, inspire, and work together on something thanks to the sports event. The aim of the project was also to connect the inhabitants of the village the with Roma community and to establish better relations.<\/p><\/div><\/div>\t\t\t\t<\/div>\n\t\t\t\t<\/div>\n\t\t\t\t\t<\/div>\n\t\t<\/div>\n\t\t\t\t<div class=\"elementor-column elementor-col-33 elementor-top-column elementor-element elementor-element-d8d6451\" data-id=\"d8d6451\" data-element_type=\"column\">\n\t\t\t<div class=\"elementor-widget-wrap elementor-element-populated\">\n\t\t\t\t\t\t<div class=\"elementor-element elementor-element-6ba170d elementor-position-top elementor-widget elementor-widget-image-box\" data-id=\"6ba170d\" data-element_type=\"widget\" data-widget_type=\"image-box.default\">\n\t\t\t\t<div class=\"elementor-widget-container\">\n\t\t\t\t\t<div class=\"elementor-image-box-wrapper\"><figure class=\"elementor-image-box-img\"><img decoding=\"async\" width=\"1516\" height=\"1024\" src=\"https:\/\/karpatskanadacia.sk\/wp-content\/uploads\/2022\/05\/20210627_183415_1.jpg\" class=\"attachment-full size-full wp-image-9171\" alt=\"\" srcset=\"https:\/\/karpatskanadacia.sk\/wp-content\/uploads\/2022\/05\/20210627_183415_1.jpg 1516w, https:\/\/karpatskanadacia.sk\/wp-content\/uploads\/2022\/05\/20210627_183415_1-300x203.jpg 300w, https:\/\/karpatskanadacia.sk\/wp-content\/uploads\/2022\/05\/20210627_183415_1-1024x692.jpg 1024w, https:\/\/karpatskanadacia.sk\/wp-content\/uploads\/2022\/05\/20210627_183415_1-768x519.jpg 768w\" sizes=\"(max-width: 1516px) 100vw, 1516px\" \/><\/figure><div class=\"elementor-image-box-content\"><h3 class=\"elementor-image-box-title\">We grow by sorting<\/h3><p class=\"elementor-image-box-description\">Lenka Le\u0161t\u00e1kov\u00e1 revitalized neglected public spaces with the inhabitants of village Koce\u013eovce. Inhabitants thus took part in the community project and realized that if they want to change, they can do it by themselves. They learned the basics of ecological behaviour and got to know each other better. They prepared theatrical performance <br>about the funny Ed Drew, who tells children ancient forest tales and teaches them to love nature.<\/p><\/div><\/div>\t\t\t\t<\/div>\n\t\t\t\t<\/div>\n\t\t\t\t\t<\/div>\n\t\t<\/div>\n\t\t\t\t\t<\/div>\n\t\t<\/section>\n\t\t\t\t<section class=\"elementor-section elementor-top-section elementor-element elementor-element-569e801 elementor-section-boxed elementor-section-height-default elementor-section-height-default\" data-id=\"569e801\" data-element_type=\"section\">\n\t\t\t\t\t\t<div class=\"elementor-container elementor-column-gap-default\">\n\t\t\t\t\t<div class=\"elementor-column elementor-col-100 elementor-top-column elementor-element elementor-element-963ed72\" data-id=\"963ed72\" data-element_type=\"column\">\n\t\t\t<div class=\"elementor-widget-wrap elementor-element-populated\">\n\t\t\t\t\t\t<div class=\"elementor-element elementor-element-324b5fe elementor-widget elementor-widget-heading\" data-id=\"324b5fe\" data-element_type=\"widget\" data-widget_type=\"heading.default\">\n\t\t\t\t<div class=\"elementor-widget-container\">\n\t\t\t\t\t<h3 class=\"elementor-heading-title elementor-size-default\">The second year is currently underway focusing on the valley of Upper Gemer. <\/h3>\t\t\t\t<\/div>\n\t\t\t\t<\/div>\n\t\t\t\t\t<\/div>\n\t\t<\/div>\n\t\t\t\t\t<\/div>\n\t\t<\/section>\n\t\t\t\t<section class=\"elementor-section elementor-top-section elementor-element elementor-element-650bf64 elementor-section-boxed elementor-section-height-default elementor-section-height-default\" data-id=\"650bf64\" data-element_type=\"section\">\n\t\t\t\t\t\t<div class=\"elementor-container elementor-column-gap-default\">\n\t\t\t\t\t<div class=\"elementor-column elementor-col-100 elementor-top-column elementor-element elementor-element-2b24f35\" data-id=\"2b24f35\" data-element_type=\"column\">\n\t\t\t<div class=\"elementor-widget-wrap elementor-element-populated\">\n\t\t\t\t\t\t<div class=\"elementor-element elementor-element-f1add86 elementor-widget elementor-widget-text-editor\" data-id=\"f1add86\" data-element_type=\"widget\" data-widget_type=\"text-editor.default\">\n\t\t\t\t<div class=\"elementor-widget-container\">\n\t\t\t\t\t\t\t\t\t<h5>During this period, an educational program (lectures, workshops, discussions&#8230;) with selected &#8220;awakeners&#8221; takes place. Money for its realization was obtained also through the crowdfunding campaign. In addition to individuals, the companies <strong>Lava\u0161<\/strong> and <strong>Answear.sk<\/strong> also contributed to it, the resulting amount was multiplied by <a href=\"https:\/\/www.deutschetelekomitsolutions.sk\/\" target=\"_blank\" rel=\"noopener\">Deutsche Telekom IT Solutions to \u20ac7,500.<\/a><\/h5>\t\t\t\t\t\t\t\t<\/div>\n\t\t\t\t<\/div>\n\t\t\t\t\t<\/div>\n\t\t<\/div>\n\t\t\t\t\t<\/div>\n\t\t<\/section>\n\t\t\t\t<section class=\"elementor-section elementor-top-section elementor-element elementor-element-7c4b996 elementor-section-boxed elementor-section-height-default elementor-section-height-default\" data-id=\"7c4b996\" data-element_type=\"section\">\n\t\t\t\t\t\t<div class=\"elementor-container elementor-column-gap-default\">\n\t\t\t\t\t<div class=\"elementor-column elementor-col-100 elementor-top-column elementor-element elementor-element-57cf1c9\" data-id=\"57cf1c9\" data-element_type=\"column\">\n\t\t\t<div class=\"elementor-widget-wrap elementor-element-populated\">\n\t\t\t\t\t\t<div class=\"elementor-element elementor-element-20bf62a elementor-widget elementor-widget-image\" data-id=\"20bf62a\" data-element_type=\"widget\" data-widget_type=\"image.default\">\n\t\t\t\t<div class=\"elementor-widget-container\">\n\t\t\t\t\t\t\t\t\t\t\t\t\t\t\t<img decoding=\"async\" width=\"1024\" height=\"538\" src=\"https:\/\/karpatskanadacia.sk\/wp-content\/uploads\/2022\/05\/KN-Prebudme-spiace-doliny_Natasa-Rokicka-Gocovo-1024x538.jpg\" class=\"attachment-large size-large wp-image-8925\" alt=\"\" srcset=\"https:\/\/karpatskanadacia.sk\/wp-content\/uploads\/2022\/05\/KN-Prebudme-spiace-doliny_Natasa-Rokicka-Gocovo-1024x538.jpg 1024w, https:\/\/karpatskanadacia.sk\/wp-content\/uploads\/2022\/05\/KN-Prebudme-spiace-doliny_Natasa-Rokicka-Gocovo-300x158.jpg 300w, https:\/\/karpatskanadacia.sk\/wp-content\/uploads\/2022\/05\/KN-Prebudme-spiace-doliny_Natasa-Rokicka-Gocovo-768x403.jpg 768w, https:\/\/karpatskanadacia.sk\/wp-content\/uploads\/2022\/05\/KN-Prebudme-spiace-doliny_Natasa-Rokicka-Gocovo.jpg 1200w\" sizes=\"(max-width: 1024px) 100vw, 1024px\" \/>\t\t\t\t\t\t\t\t\t\t\t\t\t\t\t<\/div>\n\t\t\t\t<\/div>\n\t\t\t\t\t<\/div>\n\t\t<\/div>\n\t\t\t\t\t<\/div>\n\t\t<\/section>\n\t\t\t\t<section class=\"elementor-section elementor-top-section elementor-element elementor-element-eee85ea elementor-section-boxed elementor-section-height-default elementor-section-height-default\" data-id=\"eee85ea\" data-element_type=\"section\">\n\t\t\t\t\t\t<div class=\"elementor-container elementor-column-gap-default\">\n\t\t\t\t\t<div class=\"elementor-column elementor-col-100 elementor-top-column elementor-element elementor-element-9007689\" data-id=\"9007689\" data-element_type=\"column\">\n\t\t\t<div class=\"elementor-widget-wrap elementor-element-populated\">\n\t\t\t\t\t\t<div class=\"elementor-element elementor-element-bdde7a5 elementor-widget-divider--view-line elementor-widget elementor-widget-divider\" data-id=\"bdde7a5\" data-element_type=\"widget\" data-widget_type=\"divider.default\">\n\t\t\t\t<div class=\"elementor-widget-container\">\n\t\t\t\t\t\t\t<div class=\"elementor-divider\">\n\t\t\t<span class=\"elementor-divider-separator\">\n\t\t\t\t\t\t<\/span>\n\t\t<\/div>\n\t\t\t\t\t\t<\/div>\n\t\t\t\t<\/div>\n\t\t\t\t\t<\/div>\n\t\t<\/div>\n\t\t\t\t\t<\/div>\n\t\t<\/section>\n\t\t\t\t<section class=\"elementor-section elementor-top-section elementor-element elementor-element-42de578 elementor-section-boxed elementor-section-height-default elementor-section-height-default\" data-id=\"42de578\" data-element_type=\"section\">\n\t\t\t\t\t\t<div class=\"elementor-container elementor-column-gap-default\">\n\t\t\t\t\t<div class=\"elementor-column elementor-col-33 elementor-top-column elementor-element elementor-element-714bd0e\" data-id=\"714bd0e\" data-element_type=\"column\">\n\t\t\t<div class=\"elementor-widget-wrap elementor-element-populated\">\n\t\t\t\t\t\t<div class=\"elementor-element elementor-element-0084d1c elementor-widget elementor-widget-image\" data-id=\"0084d1c\" data-element_type=\"widget\" data-widget_type=\"image.default\">\n\t\t\t\t<div class=\"elementor-widget-container\">\n\t\t\t\t\t\t\t\t\t\t\t\t\t\t\t\t<a href=\"https:\/\/www.deutschetelekomitsolutions.sk\/\" target=\"_blank\" rel=\"noopener\">\n\t\t\t\t\t\t\t<img loading=\"lazy\" decoding=\"async\" width=\"300\" height=\"151\" src=\"https:\/\/karpatskanadacia.sk\/wp-content\/uploads\/2022\/01\/T-logo_magenta-300x151.png\" class=\"attachment-medium size-medium wp-image-7063\" alt=\"\" srcset=\"https:\/\/karpatskanadacia.sk\/wp-content\/uploads\/2022\/01\/T-logo_magenta-300x151.png 300w, https:\/\/karpatskanadacia.sk\/wp-content\/uploads\/2022\/01\/T-logo_magenta-768x388.png 768w, https:\/\/karpatskanadacia.sk\/wp-content\/uploads\/2022\/01\/T-logo_magenta.png 973w\" sizes=\"(max-width: 300px) 100vw, 300px\" \/>\t\t\t\t\t\t\t\t<\/a>\n\t\t\t\t\t\t\t\t\t\t\t\t\t\t\t<\/div>\n\t\t\t\t<\/div>\n\t\t\t\t\t<\/div>\n\t\t<\/div>\n\t\t\t\t<div class=\"elementor-column elementor-col-33 elementor-top-column elementor-element elementor-element-5d28d8d\" data-id=\"5d28d8d\" data-element_type=\"column\">\n\t\t\t<div class=\"elementor-widget-wrap elementor-element-populated\">\n\t\t\t\t\t\t<div class=\"elementor-element elementor-element-fc3e9ef elementor-widget elementor-widget-image\" data-id=\"fc3e9ef\" data-element_type=\"widget\" data-widget_type=\"image.default\">\n\t\t\t\t<div class=\"elementor-widget-container\">\n\t\t\t\t\t\t\t\t\t\t\t\t\t\t\t\t<a href=\"https:\/\/lavas.sk\/\" target=\"_blank\" rel=\"noopener\">\n\t\t\t\t\t\t\t<img loading=\"lazy\" decoding=\"async\" width=\"150\" height=\"150\" src=\"https:\/\/karpatskanadacia.sk\/wp-content\/uploads\/2022\/05\/Lavas-logo-farba-150x150.png\" class=\"attachment-thumbnail size-thumbnail wp-image-9251\" alt=\"\" \/>\t\t\t\t\t\t\t\t<\/a>\n\t\t\t\t\t\t\t\t\t\t\t\t\t\t\t<\/div>\n\t\t\t\t<\/div>\n\t\t\t\t\t<\/div>\n\t\t<\/div>\n\t\t\t\t<div class=\"elementor-column elementor-col-33 elementor-top-column elementor-element elementor-element-a7bbdf1\" data-id=\"a7bbdf1\" data-element_type=\"column\">\n\t\t\t<div class=\"elementor-widget-wrap elementor-element-populated\">\n\t\t\t\t\t\t<div class=\"elementor-element elementor-element-1483878 elementor-widget elementor-widget-image\" data-id=\"1483878\" data-element_type=\"widget\" data-widget_type=\"image.default\">\n\t\t\t\t<div class=\"elementor-widget-container\">\n\t\t\t\t\t\t\t\t\t\t\t\t\t\t\t\t<a href=\"https:\/\/answear.sk\/\" target=\"_blank\" rel=\"noopener\">\n\t\t\t\t\t\t\t<img loading=\"lazy\" decoding=\"async\" width=\"300\" height=\"58\" src=\"https:\/\/karpatskanadacia.sk\/wp-content\/uploads\/2022\/05\/Answear_sk_Logotype_Black_no_background-2-300x58.png\" class=\"attachment-medium size-medium wp-image-9159\" alt=\"\" srcset=\"https:\/\/karpatskanadacia.sk\/wp-content\/uploads\/2022\/05\/Answear_sk_Logotype_Black_no_background-2-300x58.png 300w, https:\/\/karpatskanadacia.sk\/wp-content\/uploads\/2022\/05\/Answear_sk_Logotype_Black_no_background-2-768x148.png 768w, https:\/\/karpatskanadacia.sk\/wp-content\/uploads\/2022\/05\/Answear_sk_Logotype_Black_no_background-2.png 808w\" sizes=\"(max-width: 300px) 100vw, 300px\" \/>\t\t\t\t\t\t\t\t<\/a>\n\t\t\t\t\t\t\t\t\t\t\t\t\t\t\t<\/div>\n\t\t\t\t<\/div>\n\t\t\t\t\t<\/div>\n\t\t<\/div>\n\t\t\t\t\t<\/div>\n\t\t<\/section>\n\t\t\t\t<\/div>\n\t\t","protected":false},"excerpt":{"rendered":"<p>CThrough our grant programmes, we help financially active people and organisations that are tryingto develop their communities, villages, or towns. When we took a closer look at the cities where financial aid is going, we found thatit has not been going to some locations for a long time. At the same time, these localities have [&hellip;]<\/p>\n","protected":false},"author":5,"featured_media":8923,"parent":4137,"menu_order":0,"comment_status":"closed","ping_status":"closed","template":"","meta":{"_acf_changed":false,"site-sidebar-layout":"no-sidebar","site-content-layout":"page-builder","ast-site-content-layout":"default","site-content-style":"default","site-sidebar-style":"default","ast-global-header-display":"","ast-banner-title-visibility":"","ast-main-header-display":"","ast-hfb-above-header-display":"","ast-hfb-below-header-display":"","ast-hfb-mobile-header-display":"","site-post-title":"disabled","ast-breadcrumbs-content":"","ast-featured-img":"disabled","footer-sml-layout":"","ast-disable-related-posts":"","theme-transparent-header-meta":"default","adv-header-id-meta":"","stick-header-meta":"","header-above-stick-meta":"","header-main-stick-meta":"","header-below-stick-meta":"","astra-migrate-meta-layouts":"default","ast-page-background-enabled":"default","ast-page-background-meta":{"desktop":{"background-color":"","background-image":"","background-repeat":"repeat","background-position":"center center","background-size":"auto","background-attachment":"scroll","background-type":"","background-media":"","overlay-type":"","overlay-color":"","overlay-opacity":"","overlay-gradient":""},"tablet":{"background-color":"","background-image":"","background-repeat":"repeat","background-position":"center center","background-size":"auto","background-attachment":"scroll","background-type":"","background-media":"","overlay-type":"","overlay-color":"","overlay-opacity":"","overlay-gradient":""},"mobile":{"background-color":"","background-image":"","background-repeat":"repeat","background-position":"center center","background-size":"auto","background-attachment":"scroll","background-type":"","background-media":"","overlay-type":"","overlay-color":"","overlay-opacity":"","overlay-gradient":""}},"ast-content-background-meta":{"desktop":{"background-color":"var(--ast-global-color-5)","background-image":"","background-repeat":"repeat","background-position":"center center","background-size":"auto","background-attachment":"scroll","background-type":"","background-media":"","overlay-type":"","overlay-color":"","overlay-opacity":"","overlay-gradient":""},"tablet":{"background-color":"var(--ast-global-color-5)","background-image":"","background-repeat":"repeat","background-position":"center center","background-size":"auto","background-attachment":"scroll","background-type":"","background-media":"","overlay-type":"","overlay-color":"","overlay-opacity":"","overlay-gradient":""},"mobile":{"background-color":"var(--ast-global-color-5)","background-image":"","background-repeat":"repeat","background-position":"center center","background-size":"auto","background-attachment":"scroll","background-type":"","background-media":"","overlay-type":"","overlay-color":"","overlay-opacity":"","overlay-gradient":""}},"footnotes":""},"class_list":["post-10200","page","type-page","status-publish","has-post-thumbnail","hentry"],"acf":[],"_links":{"self":[{"href":"https:\/\/karpatskanadacia.sk\/en\/wp-json\/wp\/v2\/pages\/10200","targetHints":{"allow":["GET"]}}],"collection":[{"href":"https:\/\/karpatskanadacia.sk\/en\/wp-json\/wp\/v2\/pages"}],"about":[{"href":"https:\/\/karpatskanadacia.sk\/en\/wp-json\/wp\/v2\/types\/page"}],"author":[{"embeddable":true,"href":"https:\/\/karpatskanadacia.sk\/en\/wp-json\/wp\/v2\/users\/5"}],"replies":[{"embeddable":true,"href":"https:\/\/karpatskanadacia.sk\/en\/wp-json\/wp\/v2\/comments?post=10200"}],"version-history":[{"count":2,"href":"https:\/\/karpatskanadacia.sk\/en\/wp-json\/wp\/v2\/pages\/10200\/revisions"}],"predecessor-version":[{"id":11566,"href":"https:\/\/karpatskanadacia.sk\/en\/wp-json\/wp\/v2\/pages\/10200\/revisions\/11566"}],"up":[{"embeddable":true,"href":"https:\/\/karpatskanadacia.sk\/en\/wp-json\/wp\/v2\/pages\/4137"}],"wp:featuredmedia":[{"embeddable":true,"href":"https:\/\/karpatskanadacia.sk\/en\/wp-json\/wp\/v2\/media\/8923"}],"wp:attachment":[{"href":"https:\/\/karpatskanadacia.sk\/en\/wp-json\/wp\/v2\/media?parent=10200"}],"curies":[{"name":"wp","href":"https:\/\/api.w.org\/{rel}","templated":true}]}}