{"id":10202,"date":"2022-07-03T15:56:46","date_gmt":"2022-07-03T13:56:46","guid":{"rendered":"https:\/\/karpatskanadacia.sk\/dobre-spravy-z-vychodu-good-news-from-the-east\/"},"modified":"2024-06-10T11:38:54","modified_gmt":"2024-06-10T09:38:54","slug":"dobre-spravy-z-vychodu-good-news-from-the-east","status":"publish","type":"page","link":"https:\/\/karpatskanadacia.sk\/en\/dobre-spravy-z-vychodu-good-news-from-the-east\/","title":{"rendered":"Dobr\u00e9 spr\u00e1vy z v\u00fdchodu (Good News from the East)"},"content":{"rendered":"\t\t<div data-elementor-type=\"wp-page\" data-elementor-id=\"10202\" class=\"elementor elementor-10202 elementor-9376\" data-elementor-post-type=\"page\">\n\t\t\t\t\t\t<section class=\"elementor-section elementor-top-section elementor-element elementor-element-eff3bb7 elementor-section-boxed elementor-section-height-default elementor-section-height-default\" data-id=\"eff3bb7\" data-element_type=\"section\">\n\t\t\t\t\t\t<div class=\"elementor-container elementor-column-gap-default\">\n\t\t\t\t\t<div class=\"elementor-column elementor-col-100 elementor-top-column elementor-element elementor-element-1b6afc3\" data-id=\"1b6afc3\" data-element_type=\"column\">\n\t\t\t<div class=\"elementor-widget-wrap elementor-element-populated\">\n\t\t\t\t\t\t<div class=\"elementor-element elementor-element-b26cc18 elementor-widget elementor-widget-text-editor\" data-id=\"b26cc18\" data-element_type=\"widget\" data-widget_type=\"text-editor.default\">\n\t\t\t\t<div class=\"elementor-widget-container\">\n\t\t\t\t\t\t\t\t\t<p>In mid-2021, we started producing our own podcast, <strong>Good News from the East<\/strong>. Through interviews with interesting people and experts, we bring ideas and solutions on how to make (not only) Eastern Slovakia a better place to live. The host and executive director of the foundation, Laura Dittel, has already welcomed to the studio sociologist Michal Va\u0161e\u010dka, graphic designer and unconventional guide Igor Kupec, general director of the Slovak Environmental Inspectorate J\u00e1n Jen\u010do, disinformation expert Tom\u00e1\u0161 Kri\u0161\u0161\u00e1k, community activist \u017dofia Teplick\u00e1, festival organizer Eva Kocanov\u00e1, genealogist Michal R\u00e1zus, Romani language teacher Roman E\u0161to\u010d\u00e1k, &#8220;castle repairman&#8221; Martin S\u00e1rossy, and many others. You can listen to the podcasts also on the Spotify platform.<\/p>\n\t\t\t\t\t\t\t\t<\/div>\n\t\t\t\t<\/div>\n\t\t\t\t\t<\/div>\n\t\t<\/div>\n\t\t\t\t\t<\/div>\n\t\t<\/section>\n\t\t\t\t<section class=\"elementor-section elementor-top-section elementor-element elementor-element-79120b6 elementor-section-boxed elementor-section-height-default elementor-section-height-default\" data-id=\"79120b6\" data-element_type=\"section\">\n\t\t\t\t\t\t<div class=\"elementor-container elementor-column-gap-default\">\n\t\t\t\t\t<div class=\"elementor-column elementor-col-100 elementor-top-column elementor-element elementor-element-e543517\" data-id=\"e543517\" data-element_type=\"column\">\n\t\t\t<div class=\"elementor-widget-wrap elementor-element-populated\">\n\t\t\t\t\t\t<div class=\"elementor-element elementor-element-e7b8c47 elementor-align-justify elementor-widget elementor-widget-button\" data-id=\"e7b8c47\" data-element_type=\"widget\" data-widget_type=\"button.default\">\n\t\t\t\t<div class=\"elementor-widget-container\">\n\t\t\t\t\t\t\t\t\t<div class=\"elementor-button-wrapper\">\n\t\t\t\t\t<a class=\"elementor-button elementor-button-link elementor-size-sm\" href=\"https:\/\/open.spotify.com\/show\/7Ji0K1ckpf86ys7Dmh4CRe\" target=\"_blank\" rel=\"noopener\">\n\t\t\t\t\t\t<span class=\"elementor-button-content-wrapper\">\n\t\t\t\t\t\t\t\t\t<span class=\"elementor-button-text\">GOOD NEWS FROM THE EAST ON SPOTIFY<\/span>\n\t\t\t\t\t<\/span>\n\t\t\t\t\t<\/a>\n\t\t\t\t<\/div>\n\t\t\t\t\t\t\t\t<\/div>\n\t\t\t\t<\/div>\n\t\t\t\t\t<\/div>\n\t\t<\/div>\n\t\t\t\t\t<\/div>\n\t\t<\/section>\n\t\t<div class=\"elementor-element elementor-element-fcb430e e-flex e-con-boxed e-con e-parent\" data-id=\"fcb430e\" data-element_type=\"container\">\n\t\t\t\t\t<div class=\"e-con-inner\">\n\t\t\t\t<div class=\"elementor-element elementor-element-52b73ee elementor-widget elementor-widget-text-editor\" data-id=\"52b73ee\" data-element_type=\"widget\" data-widget_type=\"text-editor.default\">\n\t\t\t\t<div class=\"elementor-widget-container\">\n\t\t\t\t\t\t\t\t\t<p><strong>Thanks to the <a href=\"https:\/\/www.promiseo.sk\/\" target=\"_blank\" rel=\"noopener\">Promiseo<\/a> agency, we started recording podcasts in a professional studio in mid-2022, and you can watch them on our YouTube channel:<\/strong><\/p>\n\t\t\t\t\t\t\t\t<\/div>\n\t\t\t\t<\/div>\n\t\t\t\t\t<\/div>\n\t\t\t\t<\/div>\n\t\t<div class=\"elementor-element elementor-element-891b600 e-flex e-con-boxed e-con e-parent\" data-id=\"891b600\" data-element_type=\"container\">\n\t\t\t\t\t<div class=\"e-con-inner\">\n\t\t\t\t<div class=\"elementor-element elementor-element-e956826 elementor-widget elementor-widget-video\" data-id=\"e956826\" data-element_type=\"widget\" data-settings=\"{&quot;youtube_url&quot;:&quot;https:\\\/\\\/www.youtube.com\\\/watch?v=uc8jAzQ8e6Y&amp;list=PL9s8zJrcdMl5KW3hcQXC1bf0xI1g5Kpdo&amp;ab_channel=Karpatsk%C3%A1nad%C3%A1cia&quot;,&quot;video_type&quot;:&quot;youtube&quot;,&quot;controls&quot;:&quot;yes&quot;}\" data-widget_type=\"video.default\">\n\t\t\t\t<div class=\"elementor-widget-container\">\n\t\t\t\t\t\t\t<div class=\"elementor-wrapper elementor-open-inline\">\n\t\t\t<div class=\"elementor-video\"><\/div>\t\t<\/div>\n\t\t\t\t\t\t<\/div>\n\t\t\t\t<\/div>\n\t\t\t\t\t<\/div>\n\t\t\t\t<\/div>\n\t\t<div class=\"elementor-element elementor-element-a73f9d0 e-flex e-con-boxed e-con e-parent\" data-id=\"a73f9d0\" data-element_type=\"container\">\n\t\t\t\t\t<div class=\"e-con-inner\">\n\t\t\t\t<div class=\"elementor-element elementor-element-326f89c elementor-widget elementor-widget-spacer\" data-id=\"326f89c\" data-element_type=\"widget\" data-widget_type=\"spacer.default\">\n\t\t\t\t<div class=\"elementor-widget-container\">\n\t\t\t\t\t\t\t<div class=\"elementor-spacer\">\n\t\t\t<div class=\"elementor-spacer-inner\"><\/div>\n\t\t<\/div>\n\t\t\t\t\t\t<\/div>\n\t\t\t\t<\/div>\n\t\t\t\t\t<\/div>\n\t\t\t\t<\/div>\n\t\t<div class=\"elementor-element elementor-element-3473eca e-flex e-con-boxed e-con e-parent\" data-id=\"3473eca\" data-element_type=\"container\">\n\t\t\t\t\t<div class=\"e-con-inner\">\n\t\t\t\t<div class=\"elementor-element elementor-element-cfcbc71 elementor-widget elementor-widget-text-editor\" data-id=\"cfcbc71\" data-element_type=\"widget\" data-widget_type=\"text-editor.default\">\n\t\t\t\t<div class=\"elementor-widget-container\">\n\t\t\t\t\t\t\t\t\t<h4><strong><em>We thank for the cooperation on the podcast to:<\/em><\/strong><\/h4>\n\t\t\t\t\t\t\t\t<\/div>\n\t\t\t\t<\/div>\n\t\t\t\t\t<\/div>\n\t\t\t\t<\/div>\n\t\t<div class=\"elementor-element elementor-element-54be672 e-flex e-con-boxed e-con e-parent\" data-id=\"54be672\" data-element_type=\"container\">\n\t\t\t\t\t<div class=\"e-con-inner\">\n\t\t\t\t<div class=\"elementor-element elementor-element-24bc16e elementor-widget elementor-widget-image\" data-id=\"24bc16e\" data-element_type=\"widget\" data-widget_type=\"image.default\">\n\t\t\t\t<div class=\"elementor-widget-container\">\n\t\t\t\t\t\t\t\t\t\t\t\t\t\t\t\t<a href=\"https:\/\/www.promiseo.sk\/\" target=\"_blank\" rel=\"noopener\">\n\t\t\t\t\t\t\t<img decoding=\"async\" width=\"300\" height=\"55\" src=\"https:\/\/karpatskanadacia.sk\/wp-content\/uploads\/2024\/06\/promiseo_logo_2023_color-300x55.png\" class=\"attachment-medium size-medium wp-image-18402\" alt=\"Promiseo\" srcset=\"https:\/\/karpatskanadacia.sk\/wp-content\/uploads\/2024\/06\/promiseo_logo_2023_color-300x55.png 300w, https:\/\/karpatskanadacia.sk\/wp-content\/uploads\/2024\/06\/promiseo_logo_2023_color-1024x187.png 1024w, https:\/\/karpatskanadacia.sk\/wp-content\/uploads\/2024\/06\/promiseo_logo_2023_color-768x140.png 768w, https:\/\/karpatskanadacia.sk\/wp-content\/uploads\/2024\/06\/promiseo_logo_2023_color-1536x281.png 1536w, https:\/\/karpatskanadacia.sk\/wp-content\/uploads\/2024\/06\/promiseo_logo_2023_color-2048x374.png 2048w\" sizes=\"(max-width: 300px) 100vw, 300px\" \/>\t\t\t\t\t\t\t\t<\/a>\n\t\t\t\t\t\t\t\t\t\t\t\t\t\t\t<\/div>\n\t\t\t\t<\/div>\n\t\t\t\t\t<\/div>\n\t\t\t\t<\/div>\n\t\t\t\t<\/div>\n\t\t","protected":false},"excerpt":{"rendered":"<p>In mid-2021, we started producing our own podcast, Good News from the East. Through interviews with interesting people and experts, we bring ideas and solutions on how to make (not only) Eastern Slovakia a better place to live. The host and executive director of the foundation, Laura Dittel, has already welcomed to the studio sociologist [&hellip;]<\/p>\n","protected":false},"author":7,"featured_media":0,"parent":0,"menu_order":0,"comment_status":"closed","ping_status":"closed","template":"","meta":{"_acf_changed":false,"site-sidebar-layout":"no-sidebar","site-content-layout":"page-builder","ast-site-content-layout":"full-width-container","site-content-style":"unboxed","site-sidebar-style":"unboxed","ast-global-header-display":"","ast-banner-title-visibility":"","ast-main-header-display":"","ast-hfb-above-header-display":"","ast-hfb-below-header-display":"","ast-hfb-mobile-header-display":"","site-post-title":"disabled","ast-breadcrumbs-content":"","ast-featured-img":"disabled","footer-sml-layout":"","ast-disable-related-posts":"","theme-transparent-header-meta":"default","adv-header-id-meta":"","stick-header-meta":"","header-above-stick-meta":"","header-main-stick-meta":"","header-below-stick-meta":"","astra-migrate-meta-layouts":"default","ast-page-background-enabled":"default","ast-page-background-meta":{"desktop":{"background-color":"","background-image":"","background-repeat":"repeat","background-position":"center center","background-size":"auto","background-attachment":"scroll","background-type":"","background-media":"","overlay-type":"","overlay-color":"","overlay-opacity":"","overlay-gradient":""},"tablet":{"background-color":"","background-image":"","background-repeat":"repeat","background-position":"center center","background-size":"auto","background-attachment":"scroll","background-type":"","background-media":"","overlay-type":"","overlay-color":"","overlay-opacity":"","overlay-gradient":""},"mobile":{"background-color":"","background-image":"","background-repeat":"repeat","background-position":"center center","background-size":"auto","background-attachment":"scroll","background-type":"","background-media":"","overlay-type":"","overlay-color":"","overlay-opacity":"","overlay-gradient":""}},"ast-content-background-meta":{"desktop":{"background-color":"var(--ast-global-color-5)","background-image":"","background-repeat":"repeat","background-position":"center center","background-size":"auto","background-attachment":"scroll","background-type":"","background-media":"","overlay-type":"","overlay-color":"","overlay-opacity":"","overlay-gradient":""},"tablet":{"background-color":"var(--ast-global-color-5)","background-image":"","background-repeat":"repeat","background-position":"center center","background-size":"auto","background-attachment":"scroll","background-type":"","background-media":"","overlay-type":"","overlay-color":"","overlay-opacity":"","overlay-gradient":""},"mobile":{"background-color":"var(--ast-global-color-5)","background-image":"","background-repeat":"repeat","background-position":"center center","background-size":"auto","background-attachment":"scroll","background-type":"","background-media":"","overlay-type":"","overlay-color":"","overlay-opacity":"","overlay-gradient":""}},"footnotes":""},"class_list":["post-10202","page","type-page","status-publish","hentry"],"acf":[],"_links":{"self":[{"href":"https:\/\/karpatskanadacia.sk\/en\/wp-json\/wp\/v2\/pages\/10202","targetHints":{"allow":["GET"]}}],"collection":[{"href":"https:\/\/karpatskanadacia.sk\/en\/wp-json\/wp\/v2\/pages"}],"about":[{"href":"https:\/\/karpatskanadacia.sk\/en\/wp-json\/wp\/v2\/types\/page"}],"author":[{"embeddable":true,"href":"https:\/\/karpatskanadacia.sk\/en\/wp-json\/wp\/v2\/users\/7"}],"replies":[{"embeddable":true,"href":"https:\/\/karpatskanadacia.sk\/en\/wp-json\/wp\/v2\/comments?post=10202"}],"version-history":[{"count":6,"href":"https:\/\/karpatskanadacia.sk\/en\/wp-json\/wp\/v2\/pages\/10202\/revisions"}],"predecessor-version":[{"id":18432,"href":"https:\/\/karpatskanadacia.sk\/en\/wp-json\/wp\/v2\/pages\/10202\/revisions\/18432"}],"wp:attachment":[{"href":"https:\/\/karpatskanadacia.sk\/en\/wp-json\/wp\/v2\/media?parent=10202"}],"curies":[{"name":"wp","href":"https:\/\/api.w.org\/{rel}","templated":true}]}}