{"id":13057,"date":"2023-03-30T09:30:48","date_gmt":"2023-03-30T07:30:48","guid":{"rendered":"https:\/\/karpatskanadacia.sk\/laura-dittel\/"},"modified":"2023-03-30T09:30:50","modified_gmt":"2023-03-30T07:30:50","slug":"laura-dittel","status":"publish","type":"page","link":"https:\/\/karpatskanadacia.sk\/en\/laura-dittel\/","title":{"rendered":"Laura Dittel"},"content":{"rendered":"\t\t<div data-elementor-type=\"wp-page\" data-elementor-id=\"13057\" class=\"elementor elementor-13057 elementor-12524\" data-elementor-post-type=\"page\">\n\t\t\t\t\t\t<section class=\"elementor-section elementor-top-section elementor-element elementor-element-e08d574 elementor-section-boxed elementor-section-height-default elementor-section-height-default\" data-id=\"e08d574\" data-element_type=\"section\">\n\t\t\t\t\t\t<div class=\"elementor-container elementor-column-gap-default\">\n\t\t\t\t\t<div class=\"elementor-column elementor-col-50 elementor-top-column elementor-element elementor-element-16de574\" data-id=\"16de574\" data-element_type=\"column\">\n\t\t\t<div class=\"elementor-widget-wrap elementor-element-populated\">\n\t\t\t\t\t\t<div class=\"elementor-element elementor-element-726b567 elementor-widget elementor-widget-text-editor\" data-id=\"726b567\" data-element_type=\"widget\" data-widget_type=\"text-editor.default\">\n\t\t\t\t<div class=\"elementor-widget-container\">\n\t\t\t\t\t\t\t\t\t<p>Laura spent most of her professional life in the non-governmental sector, where she worked in various organizations, some of which she founded herself. She has been working at the Carpathian Foundation for 28 years, leading it for <strong>the last 15 years.<\/strong><\/p>\n<p>Laura studied at the Faculty of Public Administration at the Pavol Jozef \u0160af\u00e1rik University in Ko\u0161ice, focusing mainly on regional development issues and corporate social responsibility in the context of eastern Slovakia. In 2014 and 2015, she was awarded the <strong>Fulbright scholarship<\/strong> (Hubert Humphrey Fellowship), during which she spent a year at the prestigious <strong>Maxwell School<\/strong> for Citizenship and Public Affairs at Syracuse University in New York, USA. There, she focused primarily on the <strong>management<\/strong> of non-governmental organizations, the work of international NGOs, and <strong>conflict resolution<\/strong>.<\/p>\n<p>During her time in the USA, she also spent some time at the Embassy of the Slovak Republic in <strong>Washington DC<\/strong>, where she collaborated on the implementation of some programmes.<\/p>\n<p>She has been and continues to be a part of various administrative and advisory boards, and she is still actively involved in civic activism and mobilizing people towards greater personal responsibility for the future.<\/p>\n<p>Watch the video where Laura talks about why the Carpathian Foundation is like her child \ud83e\udc9b\ud83e\udc9b\ud83e\udc9b<\/p>\n\t\t\t\t\t\t\t\t<\/div>\n\t\t\t\t<\/div>\n\t\t\t\t\t<\/div>\n\t\t<\/div>\n\t\t\t\t<div class=\"elementor-column elementor-col-50 elementor-top-column elementor-element elementor-element-ba9c14b\" data-id=\"ba9c14b\" data-element_type=\"column\">\n\t\t\t<div class=\"elementor-widget-wrap elementor-element-populated\">\n\t\t\t\t\t\t<div class=\"elementor-element elementor-element-9fe6827 elementor-widget elementor-widget-image\" data-id=\"9fe6827\" data-element_type=\"widget\" data-widget_type=\"image.default\">\n\t\t\t\t<div class=\"elementor-widget-container\">\n\t\t\t\t\t\t\t\t\t\t\t\t\t\t\t<img fetchpriority=\"high\" decoding=\"async\" width=\"768\" height=\"636\" src=\"https:\/\/karpatskanadacia.sk\/wp-content\/uploads\/2018\/11\/Portret_Laura-Dittel_foto_archiv-Laury-Dittel-768x636.jpg\" class=\"attachment-medium_large size-medium_large wp-image-6910\" alt=\"\" srcset=\"https:\/\/karpatskanadacia.sk\/wp-content\/uploads\/2018\/11\/Portret_Laura-Dittel_foto_archiv-Laury-Dittel-768x636.jpg 768w, https:\/\/karpatskanadacia.sk\/wp-content\/uploads\/2018\/11\/Portret_Laura-Dittel_foto_archiv-Laury-Dittel-300x248.jpg 300w, https:\/\/karpatskanadacia.sk\/wp-content\/uploads\/2018\/11\/Portret_Laura-Dittel_foto_archiv-Laury-Dittel-1024x847.jpg 1024w, https:\/\/karpatskanadacia.sk\/wp-content\/uploads\/2018\/11\/Portret_Laura-Dittel_foto_archiv-Laury-Dittel-1536x1271.jpg 1536w, https:\/\/karpatskanadacia.sk\/wp-content\/uploads\/2018\/11\/Portret_Laura-Dittel_foto_archiv-Laury-Dittel-2048x1695.jpg 2048w\" sizes=\"(max-width: 768px) 100vw, 768px\" \/>\t\t\t\t\t\t\t\t\t\t\t\t\t\t\t<\/div>\n\t\t\t\t<\/div>\n\t\t\t\t\t<\/div>\n\t\t<\/div>\n\t\t\t\t\t<\/div>\n\t\t<\/section>\n\t\t\t\t<section class=\"elementor-section elementor-top-section elementor-element elementor-element-faa165a elementor-section-boxed elementor-section-height-default elementor-section-height-default\" data-id=\"faa165a\" data-element_type=\"section\">\n\t\t\t\t\t\t<div class=\"elementor-container elementor-column-gap-default\">\n\t\t\t\t\t<div class=\"elementor-column elementor-col-100 elementor-top-column elementor-element elementor-element-17c7c5d\" data-id=\"17c7c5d\" data-element_type=\"column\">\n\t\t\t<div class=\"elementor-widget-wrap elementor-element-populated\">\n\t\t\t\t\t\t<div class=\"elementor-element elementor-element-d59c5e1 elementor-widget elementor-widget-spacer\" data-id=\"d59c5e1\" data-element_type=\"widget\" data-widget_type=\"spacer.default\">\n\t\t\t\t<div class=\"elementor-widget-container\">\n\t\t\t\t\t\t\t<div class=\"elementor-spacer\">\n\t\t\t<div class=\"elementor-spacer-inner\"><\/div>\n\t\t<\/div>\n\t\t\t\t\t\t<\/div>\n\t\t\t\t<\/div>\n\t\t\t\t\t<\/div>\n\t\t<\/div>\n\t\t\t\t\t<\/div>\n\t\t<\/section>\n\t\t\t\t<section class=\"elementor-section elementor-top-section elementor-element elementor-element-0f89033 elementor-section-boxed elementor-section-height-default elementor-section-height-default\" data-id=\"0f89033\" data-element_type=\"section\">\n\t\t\t\t\t\t<div class=\"elementor-container elementor-column-gap-default\">\n\t\t\t\t\t<div class=\"elementor-column elementor-col-100 elementor-top-column elementor-element elementor-element-b16fd4d\" data-id=\"b16fd4d\" data-element_type=\"column\">\n\t\t\t<div class=\"elementor-widget-wrap elementor-element-populated\">\n\t\t\t\t\t\t<div class=\"elementor-element elementor-element-64b1722 elementor-widget elementor-widget-video\" data-id=\"64b1722\" data-element_type=\"widget\" data-settings=\"{&quot;video_type&quot;:&quot;hosted&quot;,&quot;controls&quot;:&quot;yes&quot;}\" data-widget_type=\"video.default\">\n\t\t\t\t<div class=\"elementor-widget-container\">\n\t\t\t\t\t\t\t<div class=\"e-hosted-video elementor-wrapper elementor-open-inline\">\n\t\t\t\t\t<video class=\"elementor-video\" src=\"https:\/\/karpatskanadacia.sk\/wp-content\/uploads\/2023\/03\/Laura.mov\" controls=\"\" preload=\"metadata\" controlsList=\"nodownload\"><\/video>\n\t\t\t\t<\/div>\n\t\t\t\t\t\t<\/div>\n\t\t\t\t<\/div>\n\t\t\t\t\t<\/div>\n\t\t<\/div>\n\t\t\t\t\t<\/div>\n\t\t<\/section>\n\t\t\t\t<\/div>\n\t\t","protected":false},"excerpt":{"rendered":"<p>Laura spent most of her professional life in the non-governmental sector, where she worked in various organizations, some of which she founded herself. She has been working at the Carpathian Foundation for 28 years, leading it for the last 15 years. Laura studied at the Faculty of Public Administration at the Pavol Jozef \u0160af\u00e1rik University [&hellip;]<\/p>\n","protected":false},"author":7,"featured_media":0,"parent":0,"menu_order":0,"comment_status":"closed","ping_status":"closed","template":"","meta":{"_acf_changed":false,"site-sidebar-layout":"no-sidebar","site-content-layout":"page-builder","ast-site-content-layout":"default","site-content-style":"default","site-sidebar-style":"default","ast-global-header-display":"","ast-banner-title-visibility":"","ast-main-header-display":"","ast-hfb-above-header-display":"","ast-hfb-below-header-display":"","ast-hfb-mobile-header-display":"","site-post-title":"disabled","ast-breadcrumbs-content":"","ast-featured-img":"disabled","footer-sml-layout":"","ast-disable-related-posts":"","theme-transparent-header-meta":"","adv-header-id-meta":"","stick-header-meta":"","header-above-stick-meta":"","header-main-stick-meta":"","header-below-stick-meta":"","astra-migrate-meta-layouts":"default","ast-page-background-enabled":"default","ast-page-background-meta":{"desktop":{"background-color":"","background-image":"","background-repeat":"repeat","background-position":"center center","background-size":"auto","background-attachment":"scroll","background-type":"","background-media":"","overlay-type":"","overlay-color":"","overlay-opacity":"","overlay-gradient":""},"tablet":{"background-color":"","background-image":"","background-repeat":"repeat","background-position":"center center","background-size":"auto","background-attachment":"scroll","background-type":"","background-media":"","overlay-type":"","overlay-color":"","overlay-opacity":"","overlay-gradient":""},"mobile":{"background-color":"","background-image":"","background-repeat":"repeat","background-position":"center center","background-size":"auto","background-attachment":"scroll","background-type":"","background-media":"","overlay-type":"","overlay-color":"","overlay-opacity":"","overlay-gradient":""}},"ast-content-background-meta":{"desktop":{"background-color":"var(--ast-global-color-5)","background-image":"","background-repeat":"repeat","background-position":"center center","background-size":"auto","background-attachment":"scroll","background-type":"","background-media":"","overlay-type":"","overlay-color":"","overlay-opacity":"","overlay-gradient":""},"tablet":{"background-color":"var(--ast-global-color-5)","background-image":"","background-repeat":"repeat","background-position":"center center","background-size":"auto","background-attachment":"scroll","background-type":"","background-media":"","overlay-type":"","overlay-color":"","overlay-opacity":"","overlay-gradient":""},"mobile":{"background-color":"var(--ast-global-color-5)","background-image":"","background-repeat":"repeat","background-position":"center center","background-size":"auto","background-attachment":"scroll","background-type":"","background-media":"","overlay-type":"","overlay-color":"","overlay-opacity":"","overlay-gradient":""}},"footnotes":""},"class_list":["post-13057","page","type-page","status-publish","hentry"],"acf":[],"_links":{"self":[{"href":"https:\/\/karpatskanadacia.sk\/en\/wp-json\/wp\/v2\/pages\/13057","targetHints":{"allow":["GET"]}}],"collection":[{"href":"https:\/\/karpatskanadacia.sk\/en\/wp-json\/wp\/v2\/pages"}],"about":[{"href":"https:\/\/karpatskanadacia.sk\/en\/wp-json\/wp\/v2\/types\/page"}],"author":[{"embeddable":true,"href":"https:\/\/karpatskanadacia.sk\/en\/wp-json\/wp\/v2\/users\/7"}],"replies":[{"embeddable":true,"href":"https:\/\/karpatskanadacia.sk\/en\/wp-json\/wp\/v2\/comments?post=13057"}],"version-history":[{"count":3,"href":"https:\/\/karpatskanadacia.sk\/en\/wp-json\/wp\/v2\/pages\/13057\/revisions"}],"predecessor-version":[{"id":13060,"href":"https:\/\/karpatskanadacia.sk\/en\/wp-json\/wp\/v2\/pages\/13057\/revisions\/13060"}],"wp:attachment":[{"href":"https:\/\/karpatskanadacia.sk\/en\/wp-json\/wp\/v2\/media?parent=13057"}],"curies":[{"name":"wp","href":"https:\/\/api.w.org\/{rel}","templated":true}]}}