{"id":13064,"date":"2023-03-30T11:03:06","date_gmt":"2023-03-30T09:03:06","guid":{"rendered":"https:\/\/karpatskanadacia.sk\/veronika-miskech-fricova\/"},"modified":"2023-03-30T11:03:09","modified_gmt":"2023-03-30T09:03:09","slug":"veronika-miskech-fricova","status":"publish","type":"page","link":"https:\/\/karpatskanadacia.sk\/en\/veronika-miskech-fricova\/","title":{"rendered":"Veronika Mi\u0161kech Fri\u010dov\u00e1"},"content":{"rendered":"\t\t<div data-elementor-type=\"wp-page\" data-elementor-id=\"13064\" class=\"elementor elementor-13064 elementor-12560\" data-elementor-post-type=\"page\">\n\t\t\t\t\t\t<section class=\"elementor-section elementor-top-section elementor-element elementor-element-cc32f55 elementor-section-boxed elementor-section-height-default elementor-section-height-default\" data-id=\"cc32f55\" data-element_type=\"section\">\n\t\t\t\t\t\t<div class=\"elementor-container elementor-column-gap-default\">\n\t\t\t\t\t<div class=\"elementor-column elementor-col-50 elementor-top-column elementor-element elementor-element-1c1758f\" data-id=\"1c1758f\" data-element_type=\"column\">\n\t\t\t<div class=\"elementor-widget-wrap elementor-element-populated\">\n\t\t\t\t\t\t<div class=\"elementor-element elementor-element-c19d4d9 elementor-widget elementor-widget-text-editor\" data-id=\"c19d4d9\" data-element_type=\"widget\" data-widget_type=\"text-editor.default\">\n\t\t\t\t<div class=\"elementor-widget-container\">\n\t\t\t\t\t\t\t\t\t<p>Veronika has 16 years of experience in various roles in the non-profit and private sectors in the UK, India, and Slovakia. She has worked mainly in <strong>marketing, fundraising, and program development.<\/strong> Veronika has rich experience working in intercultural environments, managing teams and diverse projects.<\/p>\n<p>Veronika obtained <strong>BA Hons. degree<\/strong> in Marketing at the University of Greenwich in London and <strong>MSc. in International Development and Social Anthropology at the Birkbeck College, University of London.<\/strong>. She started her professional career at the start-up Hotels4U.com and later led marketing for Pira International in the UK. <\/p>\n<p>Later she worked for the British charity organization <strong>Macmillan Cancer Support,<\/strong> the international organization <strong>Voluntary Services Overseas<\/strong> in the UK, and for the <strong>Azad Foundation<\/strong> in India.<\/p>\n<p>In 2016, she moved back to her hometown Ko\u0161ice, Slovakia. For two years, she led the activities of the <strong>British Chamber of Commerce<\/strong> in Slovakia for the eastern region of the country. In 2018, she started collaborating with the Carpathian Foundation and in recent years has been leading the strategy and team of the Carpathian Foundation. She is also a <strong>member<\/strong> <span class=\"ui-provider gp b c d e f g h i j k l m n o p q r s t u v w x y z ab ac ae af ag ah ai aj ak\" dir=\"ltr\">of the Internal Quality Assurance Board of the Pavol Jozef \u0160af\u00e1rik University in Ko\u0161ice.<\/span><\/p>\n<p>Veronika also practices and teaches <strong>yoga<\/strong>. She has a son named Mateo, who is one of her most significant teachers \ud83d\ude42 She enjoys traveling, reading, dancing, snowboarding, and running.<\/p>\n\t\t\t\t\t\t\t\t<\/div>\n\t\t\t\t<\/div>\n\t\t\t\t\t<\/div>\n\t\t<\/div>\n\t\t\t\t<div class=\"elementor-column elementor-col-50 elementor-top-column elementor-element elementor-element-fc0f612\" data-id=\"fc0f612\" data-element_type=\"column\">\n\t\t\t<div class=\"elementor-widget-wrap elementor-element-populated\">\n\t\t\t\t\t\t<div class=\"elementor-element elementor-element-4b3bd8b elementor-widget elementor-widget-image\" data-id=\"4b3bd8b\" data-element_type=\"widget\" data-widget_type=\"image.default\">\n\t\t\t\t<div class=\"elementor-widget-container\">\n\t\t\t\t\t\t\t\t\t\t\t\t\t\t\t<img fetchpriority=\"high\" decoding=\"async\" width=\"768\" height=\"511\" src=\"https:\/\/karpatskanadacia.sk\/wp-content\/uploads\/2023\/03\/RN_KarpatskaNadacia_firemneportrety_lowres-25-768x511.jpg\" class=\"attachment-medium_large size-medium_large wp-image-12569\" alt=\"\" srcset=\"https:\/\/karpatskanadacia.sk\/wp-content\/uploads\/2023\/03\/RN_KarpatskaNadacia_firemneportrety_lowres-25-768x511.jpg 768w, https:\/\/karpatskanadacia.sk\/wp-content\/uploads\/2023\/03\/RN_KarpatskaNadacia_firemneportrety_lowres-25-300x200.jpg 300w, https:\/\/karpatskanadacia.sk\/wp-content\/uploads\/2023\/03\/RN_KarpatskaNadacia_firemneportrety_lowres-25-1024x681.jpg 1024w, https:\/\/karpatskanadacia.sk\/wp-content\/uploads\/2023\/03\/RN_KarpatskaNadacia_firemneportrety_lowres-25-1536x1022.jpg 1536w, https:\/\/karpatskanadacia.sk\/wp-content\/uploads\/2023\/03\/RN_KarpatskaNadacia_firemneportrety_lowres-25.jpg 1539w\" sizes=\"(max-width: 768px) 100vw, 768px\" \/>\t\t\t\t\t\t\t\t\t\t\t\t\t\t\t<\/div>\n\t\t\t\t<\/div>\n\t\t\t\t\t<\/div>\n\t\t<\/div>\n\t\t\t\t\t<\/div>\n\t\t<\/section>\n\t\t\t\t<section class=\"elementor-section elementor-top-section elementor-element elementor-element-3bbd447 elementor-section-boxed elementor-section-height-default elementor-section-height-default\" data-id=\"3bbd447\" data-element_type=\"section\">\n\t\t\t\t\t\t<div class=\"elementor-container elementor-column-gap-default\">\n\t\t\t\t\t<div class=\"elementor-column elementor-col-100 elementor-top-column elementor-element elementor-element-839d4fa\" data-id=\"839d4fa\" data-element_type=\"column\">\n\t\t\t<div class=\"elementor-widget-wrap elementor-element-populated\">\n\t\t\t\t\t\t<div class=\"elementor-element elementor-element-a08a314 elementor-widget elementor-widget-spacer\" data-id=\"a08a314\" data-element_type=\"widget\" data-widget_type=\"spacer.default\">\n\t\t\t\t<div class=\"elementor-widget-container\">\n\t\t\t\t\t\t\t<div class=\"elementor-spacer\">\n\t\t\t<div class=\"elementor-spacer-inner\"><\/div>\n\t\t<\/div>\n\t\t\t\t\t\t<\/div>\n\t\t\t\t<\/div>\n\t\t\t\t\t<\/div>\n\t\t<\/div>\n\t\t\t\t\t<\/div>\n\t\t<\/section>\n\t\t\t\t<section class=\"elementor-section elementor-top-section elementor-element elementor-element-a11322e elementor-section-boxed elementor-section-height-default elementor-section-height-default\" data-id=\"a11322e\" data-element_type=\"section\">\n\t\t\t\t\t\t<div class=\"elementor-container elementor-column-gap-default\">\n\t\t\t\t\t<div class=\"elementor-column elementor-col-100 elementor-top-column elementor-element elementor-element-7e254f3\" data-id=\"7e254f3\" data-element_type=\"column\">\n\t\t\t<div class=\"elementor-widget-wrap elementor-element-populated\">\n\t\t\t\t\t\t<div class=\"elementor-element elementor-element-4c215a1 elementor-widget elementor-widget-video\" data-id=\"4c215a1\" data-element_type=\"widget\" data-settings=\"{&quot;video_type&quot;:&quot;hosted&quot;,&quot;controls&quot;:&quot;yes&quot;}\" data-widget_type=\"video.default\">\n\t\t\t\t<div class=\"elementor-widget-container\">\n\t\t\t\t\t\t\t<div class=\"e-hosted-video elementor-wrapper elementor-open-inline\">\n\t\t\t\t\t<video class=\"elementor-video\" src=\"https:\/\/karpatskanadacia.sk\/wp-content\/uploads\/2023\/03\/Veronika.mov\" controls=\"\" preload=\"metadata\" controlsList=\"nodownload\"><\/video>\n\t\t\t\t<\/div>\n\t\t\t\t\t\t<\/div>\n\t\t\t\t<\/div>\n\t\t\t\t\t<\/div>\n\t\t<\/div>\n\t\t\t\t\t<\/div>\n\t\t<\/section>\n\t\t\t\t<\/div>\n\t\t","protected":false},"excerpt":{"rendered":"<p>Veronika has 16 years of experience in various roles in the non-profit and private sectors in the UK, India, and Slovakia. She has worked mainly in marketing, fundraising, and program development. Veronika has rich experience working in intercultural environments, managing teams and diverse projects. Veronika obtained BA Hons. degree in Marketing at the University of [&hellip;]<\/p>\n","protected":false},"author":7,"featured_media":0,"parent":0,"menu_order":0,"comment_status":"closed","ping_status":"closed","template":"","meta":{"_acf_changed":false,"site-sidebar-layout":"no-sidebar","site-content-layout":"page-builder","ast-site-content-layout":"default","site-content-style":"default","site-sidebar-style":"default","ast-global-header-display":"","ast-banner-title-visibility":"","ast-main-header-display":"","ast-hfb-above-header-display":"","ast-hfb-below-header-display":"","ast-hfb-mobile-header-display":"","site-post-title":"disabled","ast-breadcrumbs-content":"","ast-featured-img":"disabled","footer-sml-layout":"","ast-disable-related-posts":"","theme-transparent-header-meta":"","adv-header-id-meta":"","stick-header-meta":"","header-above-stick-meta":"","header-main-stick-meta":"","header-below-stick-meta":"","astra-migrate-meta-layouts":"default","ast-page-background-enabled":"default","ast-page-background-meta":{"desktop":{"background-color":"","background-image":"","background-repeat":"repeat","background-position":"center center","background-size":"auto","background-attachment":"scroll","background-type":"","background-media":"","overlay-type":"","overlay-color":"","overlay-opacity":"","overlay-gradient":""},"tablet":{"background-color":"","background-image":"","background-repeat":"repeat","background-position":"center center","background-size":"auto","background-attachment":"scroll","background-type":"","background-media":"","overlay-type":"","overlay-color":"","overlay-opacity":"","overlay-gradient":""},"mobile":{"background-color":"","background-image":"","background-repeat":"repeat","background-position":"center center","background-size":"auto","background-attachment":"scroll","background-type":"","background-media":"","overlay-type":"","overlay-color":"","overlay-opacity":"","overlay-gradient":""}},"ast-content-background-meta":{"desktop":{"background-color":"var(--ast-global-color-5)","background-image":"","background-repeat":"repeat","background-position":"center center","background-size":"auto","background-attachment":"scroll","background-type":"","background-media":"","overlay-type":"","overlay-color":"","overlay-opacity":"","overlay-gradient":""},"tablet":{"background-color":"var(--ast-global-color-5)","background-image":"","background-repeat":"repeat","background-position":"center center","background-size":"auto","background-attachment":"scroll","background-type":"","background-media":"","overlay-type":"","overlay-color":"","overlay-opacity":"","overlay-gradient":""},"mobile":{"background-color":"var(--ast-global-color-5)","background-image":"","background-repeat":"repeat","background-position":"center center","background-size":"auto","background-attachment":"scroll","background-type":"","background-media":"","overlay-type":"","overlay-color":"","overlay-opacity":"","overlay-gradient":""}},"footnotes":""},"class_list":["post-13064","page","type-page","status-publish","hentry"],"acf":[],"_links":{"self":[{"href":"https:\/\/karpatskanadacia.sk\/en\/wp-json\/wp\/v2\/pages\/13064","targetHints":{"allow":["GET"]}}],"collection":[{"href":"https:\/\/karpatskanadacia.sk\/en\/wp-json\/wp\/v2\/pages"}],"about":[{"href":"https:\/\/karpatskanadacia.sk\/en\/wp-json\/wp\/v2\/types\/page"}],"author":[{"embeddable":true,"href":"https:\/\/karpatskanadacia.sk\/en\/wp-json\/wp\/v2\/users\/7"}],"replies":[{"embeddable":true,"href":"https:\/\/karpatskanadacia.sk\/en\/wp-json\/wp\/v2\/comments?post=13064"}],"version-history":[{"count":3,"href":"https:\/\/karpatskanadacia.sk\/en\/wp-json\/wp\/v2\/pages\/13064\/revisions"}],"predecessor-version":[{"id":13067,"href":"https:\/\/karpatskanadacia.sk\/en\/wp-json\/wp\/v2\/pages\/13064\/revisions\/13067"}],"wp:attachment":[{"href":"https:\/\/karpatskanadacia.sk\/en\/wp-json\/wp\/v2\/media?parent=13064"}],"curies":[{"name":"wp","href":"https:\/\/api.w.org\/{rel}","templated":true}]}}