{"id":13068,"date":"2023-03-30T11:07:21","date_gmt":"2023-03-30T09:07:21","guid":{"rendered":"https:\/\/karpatskanadacia.sk\/gabika-k-kucharova\/"},"modified":"2023-03-30T11:07:25","modified_gmt":"2023-03-30T09:07:25","slug":"gabika-k-kucharova","status":"publish","type":"page","link":"https:\/\/karpatskanadacia.sk\/en\/gabika-k-kucharova\/","title":{"rendered":"Gabika K. Kuch\u00e1rov\u00e1"},"content":{"rendered":"\t\t<div data-elementor-type=\"wp-page\" data-elementor-id=\"13068\" class=\"elementor elementor-13068 elementor-12651\" data-elementor-post-type=\"page\">\n\t\t\t\t\t\t<section class=\"elementor-section elementor-top-section elementor-element elementor-element-b3f2d9d elementor-section-boxed elementor-section-height-default elementor-section-height-default\" data-id=\"b3f2d9d\" data-element_type=\"section\">\n\t\t\t\t\t\t<div class=\"elementor-container elementor-column-gap-default\">\n\t\t\t\t\t<div class=\"elementor-column elementor-col-50 elementor-top-column elementor-element elementor-element-ddf4bd2\" data-id=\"ddf4bd2\" data-element_type=\"column\">\n\t\t\t<div class=\"elementor-widget-wrap elementor-element-populated\">\n\t\t\t\t\t\t<div class=\"elementor-element elementor-element-534d53a elementor-widget elementor-widget-text-editor\" data-id=\"534d53a\" data-element_type=\"widget\" data-widget_type=\"text-editor.default\">\n\t\t\t\t<div class=\"elementor-widget-container\">\n\t\t\t\t\t\t\t\t\t<p>During her Mass Media studies at UNIPO, Gabika worked at <strong>Radio Kiss<\/strong> as a host for both daytime and evening shows, co-hosted a <strong>music chart show<\/strong>, and in cooperation with Oli D\u017eupinkov\u00e1 created and hosted a music program called <strong>&#8220;Gar\u00e1\u017e&#8221; (Garage).<\/strong> In 2013, she switched from the studio to the editorial team and began writing for the cultural periodical <strong>&#8220;Zajtraj\u0161ie noviny,&#8221; (Tomorrow&#8217;s news)<\/strong> eventually becoming its <strong>chief editor<\/strong> in 2016.<\/p>\n<p>For her journalistic work, she has won <strong>three awards<\/strong> from the Regional Organization of the Slovak Syndicate of Journalists in the category of journalism Gabika has also chaired juries in various competitions of school magazines.<\/p>\n<p>As a former <strong>horse rider in parkour jumping<\/strong>, she moderated equestrian races for many years.<\/p>\n<p>Currently, she works as a senior PR manager at the Carpathian Foundation, while also working as a <strong>copywriter<\/strong> and <strong>editor<\/strong> on a freelance basis, and <strong>hosting<\/strong> various social, cultural, and sports events She loves her daughter Hana, animals, meadow flowers, wide skirts, and movement.<\/p>\n\t\t\t\t\t\t\t\t<\/div>\n\t\t\t\t<\/div>\n\t\t\t\t\t<\/div>\n\t\t<\/div>\n\t\t\t\t<div class=\"elementor-column elementor-col-50 elementor-top-column elementor-element elementor-element-5387891\" data-id=\"5387891\" data-element_type=\"column\">\n\t\t\t<div class=\"elementor-widget-wrap elementor-element-populated\">\n\t\t\t\t\t\t<div class=\"elementor-element elementor-element-9c90047 elementor-widget elementor-widget-image\" data-id=\"9c90047\" data-element_type=\"widget\" data-widget_type=\"image.default\">\n\t\t\t\t<div class=\"elementor-widget-container\">\n\t\t\t\t\t\t\t\t\t\t\t\t\t\t\t<img fetchpriority=\"high\" decoding=\"async\" width=\"768\" height=\"511\" src=\"https:\/\/karpatskanadacia.sk\/wp-content\/uploads\/2023\/03\/RN_KarpatskaNadacia_firemneportrety_lowres-1-768x511.jpg\" class=\"attachment-medium_large size-medium_large wp-image-12707\" alt=\"\" srcset=\"https:\/\/karpatskanadacia.sk\/wp-content\/uploads\/2023\/03\/RN_KarpatskaNadacia_firemneportrety_lowres-1-768x511.jpg 768w, https:\/\/karpatskanadacia.sk\/wp-content\/uploads\/2023\/03\/RN_KarpatskaNadacia_firemneportrety_lowres-1-300x200.jpg 300w, https:\/\/karpatskanadacia.sk\/wp-content\/uploads\/2023\/03\/RN_KarpatskaNadacia_firemneportrety_lowres-1-1024x682.jpg 1024w, https:\/\/karpatskanadacia.sk\/wp-content\/uploads\/2023\/03\/RN_KarpatskaNadacia_firemneportrety_lowres-1-1536x1023.jpg 1536w, https:\/\/karpatskanadacia.sk\/wp-content\/uploads\/2023\/03\/RN_KarpatskaNadacia_firemneportrety_lowres-1.jpg 1538w\" sizes=\"(max-width: 768px) 100vw, 768px\" \/>\t\t\t\t\t\t\t\t\t\t\t\t\t\t\t<\/div>\n\t\t\t\t<\/div>\n\t\t\t\t\t<\/div>\n\t\t<\/div>\n\t\t\t\t\t<\/div>\n\t\t<\/section>\n\t\t\t\t<section class=\"elementor-section elementor-top-section elementor-element elementor-element-440aa40 elementor-section-boxed elementor-section-height-default elementor-section-height-default\" data-id=\"440aa40\" data-element_type=\"section\">\n\t\t\t\t\t\t<div class=\"elementor-container elementor-column-gap-default\">\n\t\t\t\t\t<div class=\"elementor-column elementor-col-100 elementor-top-column elementor-element elementor-element-1a4a909\" data-id=\"1a4a909\" data-element_type=\"column\">\n\t\t\t<div class=\"elementor-widget-wrap elementor-element-populated\">\n\t\t\t\t\t\t<div class=\"elementor-element elementor-element-c18be7d elementor-widget elementor-widget-spacer\" data-id=\"c18be7d\" data-element_type=\"widget\" data-widget_type=\"spacer.default\">\n\t\t\t\t<div class=\"elementor-widget-container\">\n\t\t\t\t\t\t\t<div class=\"elementor-spacer\">\n\t\t\t<div class=\"elementor-spacer-inner\"><\/div>\n\t\t<\/div>\n\t\t\t\t\t\t<\/div>\n\t\t\t\t<\/div>\n\t\t\t\t\t<\/div>\n\t\t<\/div>\n\t\t\t\t\t<\/div>\n\t\t<\/section>\n\t\t\t\t<section class=\"elementor-section elementor-top-section elementor-element elementor-element-b6d1ed0 elementor-section-boxed elementor-section-height-default elementor-section-height-default\" data-id=\"b6d1ed0\" data-element_type=\"section\">\n\t\t\t\t\t\t<div class=\"elementor-container elementor-column-gap-default\">\n\t\t\t\t\t<div class=\"elementor-column elementor-col-100 elementor-top-column elementor-element elementor-element-e546638\" data-id=\"e546638\" data-element_type=\"column\">\n\t\t\t<div class=\"elementor-widget-wrap elementor-element-populated\">\n\t\t\t\t\t\t<div class=\"elementor-element elementor-element-469292e elementor-widget elementor-widget-video\" data-id=\"469292e\" data-element_type=\"widget\" data-settings=\"{&quot;video_type&quot;:&quot;hosted&quot;,&quot;controls&quot;:&quot;yes&quot;}\" data-widget_type=\"video.default\">\n\t\t\t\t<div class=\"elementor-widget-container\">\n\t\t\t\t\t\t\t<div class=\"e-hosted-video elementor-wrapper elementor-open-inline\">\n\t\t\t\t\t<video class=\"elementor-video\" src=\"https:\/\/karpatskanadacia.sk\/wp-content\/uploads\/2023\/03\/Gabika.mov\" controls=\"\" preload=\"metadata\" controlsList=\"nodownload\"><\/video>\n\t\t\t\t<\/div>\n\t\t\t\t\t\t<\/div>\n\t\t\t\t<\/div>\n\t\t\t\t\t<\/div>\n\t\t<\/div>\n\t\t\t\t\t<\/div>\n\t\t<\/section>\n\t\t\t\t<\/div>\n\t\t","protected":false},"excerpt":{"rendered":"<p>During her Mass Media studies at UNIPO, Gabika worked at Radio Kiss as a host for both daytime and evening shows, co-hosted a music chart show, and in cooperation with Oli D\u017eupinkov\u00e1 created and hosted a music program called &#8220;Gar\u00e1\u017e&#8221; (Garage). In 2013, she switched from the studio to the editorial team and began writing [&hellip;]<\/p>\n","protected":false},"author":7,"featured_media":0,"parent":0,"menu_order":0,"comment_status":"closed","ping_status":"closed","template":"","meta":{"_acf_changed":false,"site-sidebar-layout":"no-sidebar","site-content-layout":"page-builder","ast-site-content-layout":"default","site-content-style":"default","site-sidebar-style":"default","ast-global-header-display":"","ast-banner-title-visibility":"","ast-main-header-display":"","ast-hfb-above-header-display":"","ast-hfb-below-header-display":"","ast-hfb-mobile-header-display":"","site-post-title":"disabled","ast-breadcrumbs-content":"","ast-featured-img":"disabled","footer-sml-layout":"","ast-disable-related-posts":"","theme-transparent-header-meta":"","adv-header-id-meta":"","stick-header-meta":"","header-above-stick-meta":"","header-main-stick-meta":"","header-below-stick-meta":"","astra-migrate-meta-layouts":"default","ast-page-background-enabled":"default","ast-page-background-meta":{"desktop":{"background-color":"","background-image":"","background-repeat":"repeat","background-position":"center center","background-size":"auto","background-attachment":"scroll","background-type":"","background-media":"","overlay-type":"","overlay-color":"","overlay-opacity":"","overlay-gradient":""},"tablet":{"background-color":"","background-image":"","background-repeat":"repeat","background-position":"center center","background-size":"auto","background-attachment":"scroll","background-type":"","background-media":"","overlay-type":"","overlay-color":"","overlay-opacity":"","overlay-gradient":""},"mobile":{"background-color":"","background-image":"","background-repeat":"repeat","background-position":"center center","background-size":"auto","background-attachment":"scroll","background-type":"","background-media":"","overlay-type":"","overlay-color":"","overlay-opacity":"","overlay-gradient":""}},"ast-content-background-meta":{"desktop":{"background-color":"var(--ast-global-color-5)","background-image":"","background-repeat":"repeat","background-position":"center center","background-size":"auto","background-attachment":"scroll","background-type":"","background-media":"","overlay-type":"","overlay-color":"","overlay-opacity":"","overlay-gradient":""},"tablet":{"background-color":"var(--ast-global-color-5)","background-image":"","background-repeat":"repeat","background-position":"center center","background-size":"auto","background-attachment":"scroll","background-type":"","background-media":"","overlay-type":"","overlay-color":"","overlay-opacity":"","overlay-gradient":""},"mobile":{"background-color":"var(--ast-global-color-5)","background-image":"","background-repeat":"repeat","background-position":"center center","background-size":"auto","background-attachment":"scroll","background-type":"","background-media":"","overlay-type":"","overlay-color":"","overlay-opacity":"","overlay-gradient":""}},"footnotes":""},"class_list":["post-13068","page","type-page","status-publish","hentry"],"acf":[],"_links":{"self":[{"href":"https:\/\/karpatskanadacia.sk\/en\/wp-json\/wp\/v2\/pages\/13068","targetHints":{"allow":["GET"]}}],"collection":[{"href":"https:\/\/karpatskanadacia.sk\/en\/wp-json\/wp\/v2\/pages"}],"about":[{"href":"https:\/\/karpatskanadacia.sk\/en\/wp-json\/wp\/v2\/types\/page"}],"author":[{"embeddable":true,"href":"https:\/\/karpatskanadacia.sk\/en\/wp-json\/wp\/v2\/users\/7"}],"replies":[{"embeddable":true,"href":"https:\/\/karpatskanadacia.sk\/en\/wp-json\/wp\/v2\/comments?post=13068"}],"version-history":[{"count":3,"href":"https:\/\/karpatskanadacia.sk\/en\/wp-json\/wp\/v2\/pages\/13068\/revisions"}],"predecessor-version":[{"id":13072,"href":"https:\/\/karpatskanadacia.sk\/en\/wp-json\/wp\/v2\/pages\/13068\/revisions\/13072"}],"wp:attachment":[{"href":"https:\/\/karpatskanadacia.sk\/en\/wp-json\/wp\/v2\/media?parent=13068"}],"curies":[{"name":"wp","href":"https:\/\/api.w.org\/{rel}","templated":true}]}}