{"id":13075,"date":"2023-03-30T11:14:05","date_gmt":"2023-03-30T09:14:05","guid":{"rendered":"https:\/\/karpatskanadacia.sk\/nora-ceploova\/"},"modified":"2023-03-30T11:14:05","modified_gmt":"2023-03-30T09:14:05","slug":"nora-ceploova","status":"publish","type":"page","link":"https:\/\/karpatskanadacia.sk\/en\/nora-ceploova\/","title":{"rendered":"Nora \u010c\u00e9pl\u0151ov\u00e1"},"content":{"rendered":"\t\t<div data-elementor-type=\"wp-page\" data-elementor-id=\"13075\" class=\"elementor elementor-13075 elementor-12530\" data-elementor-post-type=\"page\">\n\t\t\t\t\t\t<section class=\"elementor-section elementor-top-section elementor-element elementor-element-5fdc431 elementor-section-boxed elementor-section-height-default elementor-section-height-default\" data-id=\"5fdc431\" data-element_type=\"section\">\n\t\t\t\t\t\t<div class=\"elementor-container elementor-column-gap-default\">\n\t\t\t\t\t<div class=\"elementor-column elementor-col-50 elementor-top-column elementor-element elementor-element-d92f4c0\" data-id=\"d92f4c0\" data-element_type=\"column\">\n\t\t\t<div class=\"elementor-widget-wrap elementor-element-populated\">\n\t\t\t\t\t\t<div class=\"elementor-element elementor-element-67afb97 elementor-widget elementor-widget-text-editor\" data-id=\"67afb97\" data-element_type=\"widget\" data-widget_type=\"text-editor.default\">\n\t\t\t\t<div class=\"elementor-widget-container\">\n\t\t\t\t\t\t\t\t\t<p>Norika studied at the <strong>Faculty of Public Administration<\/strong> at UPJ\u0160 in Ko\u0161ice. She worked as a <strong>expert advisor<\/strong> at the district office for road transport and ground communications, and later at IBM as a <strong>project management<\/strong> support. Thanks to these experiences, she moved from the state administation through the private sector to the non-profit.<\/p>\n<p>Currently, she works at the Carpathian Foundation as a <strong>senior manager<\/strong> of grant programmes. She is interested in topics related to early childhood education, inclusion, and alternative approaches to education.<\/p>\n<p>She has a son named Filipko and enjoys working with people, traveling, and laughing. <\/p>\n<p><strong>Watch the video below where Norika talks about how challenging work can also be fun. \ud83e\udc53\ud83e\udc53\ud83e\udc53<\/strong><\/p>\n\t\t\t\t\t\t\t\t<\/div>\n\t\t\t\t<\/div>\n\t\t\t\t\t<\/div>\n\t\t<\/div>\n\t\t\t\t<div class=\"elementor-column elementor-col-50 elementor-top-column elementor-element elementor-element-7ee05b0\" data-id=\"7ee05b0\" data-element_type=\"column\">\n\t\t\t<div class=\"elementor-widget-wrap elementor-element-populated\">\n\t\t\t\t\t\t<div class=\"elementor-element elementor-element-b98cfef elementor-widget elementor-widget-image\" data-id=\"b98cfef\" data-element_type=\"widget\" data-widget_type=\"image.default\">\n\t\t\t\t<div class=\"elementor-widget-container\">\n\t\t\t\t\t\t\t\t\t\t\t\t\t\t\t<img fetchpriority=\"high\" decoding=\"async\" width=\"768\" height=\"511\" src=\"https:\/\/karpatskanadacia.sk\/wp-content\/uploads\/2023\/03\/RN_KarpatskaNadacia_firemneportrety_lowres-9-768x511.jpg\" class=\"attachment-medium_large size-medium_large wp-image-12532\" alt=\"\" srcset=\"https:\/\/karpatskanadacia.sk\/wp-content\/uploads\/2023\/03\/RN_KarpatskaNadacia_firemneportrety_lowres-9-768x511.jpg 768w, https:\/\/karpatskanadacia.sk\/wp-content\/uploads\/2023\/03\/RN_KarpatskaNadacia_firemneportrety_lowres-9-300x200.jpg 300w, https:\/\/karpatskanadacia.sk\/wp-content\/uploads\/2023\/03\/RN_KarpatskaNadacia_firemneportrety_lowres-9-1024x682.jpg 1024w, https:\/\/karpatskanadacia.sk\/wp-content\/uploads\/2023\/03\/RN_KarpatskaNadacia_firemneportrety_lowres-9-1536x1023.jpg 1536w, https:\/\/karpatskanadacia.sk\/wp-content\/uploads\/2023\/03\/RN_KarpatskaNadacia_firemneportrety_lowres-9.jpg 1538w\" sizes=\"(max-width: 768px) 100vw, 768px\" \/>\t\t\t\t\t\t\t\t\t\t\t\t\t\t\t<\/div>\n\t\t\t\t<\/div>\n\t\t\t\t\t<\/div>\n\t\t<\/div>\n\t\t\t\t\t<\/div>\n\t\t<\/section>\n\t\t\t\t<section class=\"elementor-section elementor-top-section elementor-element elementor-element-cbc16a9 elementor-section-boxed elementor-section-height-default elementor-section-height-default\" data-id=\"cbc16a9\" data-element_type=\"section\">\n\t\t\t\t\t\t<div class=\"elementor-container elementor-column-gap-default\">\n\t\t\t\t\t<div class=\"elementor-column elementor-col-100 elementor-top-column elementor-element elementor-element-0337e38\" data-id=\"0337e38\" data-element_type=\"column\">\n\t\t\t<div class=\"elementor-widget-wrap elementor-element-populated\">\n\t\t\t\t\t\t<div class=\"elementor-element elementor-element-475f05c elementor-widget elementor-widget-video\" data-id=\"475f05c\" data-element_type=\"widget\" data-settings=\"{&quot;video_type&quot;:&quot;hosted&quot;,&quot;controls&quot;:&quot;yes&quot;}\" data-widget_type=\"video.default\">\n\t\t\t\t<div class=\"elementor-widget-container\">\n\t\t\t\t\t\t\t<div class=\"e-hosted-video elementor-wrapper elementor-open-inline\">\n\t\t\t\t\t<video class=\"elementor-video\" src=\"https:\/\/karpatskanadacia.sk\/wp-content\/uploads\/2023\/03\/Norika.mov\" controls=\"\" preload=\"metadata\" controlsList=\"nodownload\"><\/video>\n\t\t\t\t<\/div>\n\t\t\t\t\t\t<\/div>\n\t\t\t\t<\/div>\n\t\t\t\t\t<\/div>\n\t\t<\/div>\n\t\t\t\t\t<\/div>\n\t\t<\/section>\n\t\t\t\t<\/div>\n\t\t","protected":false},"excerpt":{"rendered":"<p>Norika studied at the Faculty of Public Administration at UPJ\u0160 in Ko\u0161ice. She worked as a expert advisor at the district office for road transport and ground communications, and later at IBM as a project management support. Thanks to these experiences, she moved from the state administation through the private sector to the non-profit. Currently, [&hellip;]<\/p>\n","protected":false},"author":7,"featured_media":0,"parent":0,"menu_order":0,"comment_status":"closed","ping_status":"closed","template":"","meta":{"_acf_changed":false,"site-sidebar-layout":"no-sidebar","site-content-layout":"page-builder","ast-site-content-layout":"default","site-content-style":"default","site-sidebar-style":"default","ast-global-header-display":"","ast-banner-title-visibility":"","ast-main-header-display":"","ast-hfb-above-header-display":"","ast-hfb-below-header-display":"","ast-hfb-mobile-header-display":"","site-post-title":"disabled","ast-breadcrumbs-content":"","ast-featured-img":"disabled","footer-sml-layout":"","ast-disable-related-posts":"","theme-transparent-header-meta":"","adv-header-id-meta":"","stick-header-meta":"","header-above-stick-meta":"","header-main-stick-meta":"","header-below-stick-meta":"","astra-migrate-meta-layouts":"default","ast-page-background-enabled":"default","ast-page-background-meta":{"desktop":{"background-color":"","background-image":"","background-repeat":"repeat","background-position":"center center","background-size":"auto","background-attachment":"scroll","background-type":"","background-media":"","overlay-type":"","overlay-color":"","overlay-opacity":"","overlay-gradient":""},"tablet":{"background-color":"","background-image":"","background-repeat":"repeat","background-position":"center center","background-size":"auto","background-attachment":"scroll","background-type":"","background-media":"","overlay-type":"","overlay-color":"","overlay-opacity":"","overlay-gradient":""},"mobile":{"background-color":"","background-image":"","background-repeat":"repeat","background-position":"center center","background-size":"auto","background-attachment":"scroll","background-type":"","background-media":"","overlay-type":"","overlay-color":"","overlay-opacity":"","overlay-gradient":""}},"ast-content-background-meta":{"desktop":{"background-color":"var(--ast-global-color-5)","background-image":"","background-repeat":"repeat","background-position":"center center","background-size":"auto","background-attachment":"scroll","background-type":"","background-media":"","overlay-type":"","overlay-color":"","overlay-opacity":"","overlay-gradient":""},"tablet":{"background-color":"var(--ast-global-color-5)","background-image":"","background-repeat":"repeat","background-position":"center center","background-size":"auto","background-attachment":"scroll","background-type":"","background-media":"","overlay-type":"","overlay-color":"","overlay-opacity":"","overlay-gradient":""},"mobile":{"background-color":"var(--ast-global-color-5)","background-image":"","background-repeat":"repeat","background-position":"center center","background-size":"auto","background-attachment":"scroll","background-type":"","background-media":"","overlay-type":"","overlay-color":"","overlay-opacity":"","overlay-gradient":""}},"footnotes":""},"class_list":["post-13075","page","type-page","status-publish","hentry"],"acf":[],"_links":{"self":[{"href":"https:\/\/karpatskanadacia.sk\/en\/wp-json\/wp\/v2\/pages\/13075","targetHints":{"allow":["GET"]}}],"collection":[{"href":"https:\/\/karpatskanadacia.sk\/en\/wp-json\/wp\/v2\/pages"}],"about":[{"href":"https:\/\/karpatskanadacia.sk\/en\/wp-json\/wp\/v2\/types\/page"}],"author":[{"embeddable":true,"href":"https:\/\/karpatskanadacia.sk\/en\/wp-json\/wp\/v2\/users\/7"}],"replies":[{"embeddable":true,"href":"https:\/\/karpatskanadacia.sk\/en\/wp-json\/wp\/v2\/comments?post=13075"}],"version-history":[{"count":1,"href":"https:\/\/karpatskanadacia.sk\/en\/wp-json\/wp\/v2\/pages\/13075\/revisions"}],"predecessor-version":[{"id":13076,"href":"https:\/\/karpatskanadacia.sk\/en\/wp-json\/wp\/v2\/pages\/13075\/revisions\/13076"}],"wp:attachment":[{"href":"https:\/\/karpatskanadacia.sk\/en\/wp-json\/wp\/v2\/media?parent=13075"}],"curies":[{"name":"wp","href":"https:\/\/api.w.org\/{rel}","templated":true}]}}