{"id":13081,"date":"2023-03-30T11:34:00","date_gmt":"2023-03-30T09:34:00","guid":{"rendered":"https:\/\/karpatskanadacia.sk\/zofka-teplicka\/"},"modified":"2023-03-30T11:34:00","modified_gmt":"2023-03-30T09:34:00","slug":"zofka-teplicka","status":"publish","type":"page","link":"https:\/\/karpatskanadacia.sk\/en\/zofka-teplicka\/","title":{"rendered":"\u017dofka Teplick\u00e1"},"content":{"rendered":"\t\t<div data-elementor-type=\"wp-page\" data-elementor-id=\"13081\" class=\"elementor elementor-13081 elementor-12640\" data-elementor-post-type=\"page\">\n\t\t\t\t\t\t<section class=\"elementor-section elementor-top-section elementor-element elementor-element-d63a8b3 elementor-section-boxed elementor-section-height-default elementor-section-height-default\" data-id=\"d63a8b3\" data-element_type=\"section\">\n\t\t\t\t\t\t<div class=\"elementor-container elementor-column-gap-default\">\n\t\t\t\t\t<div class=\"elementor-column elementor-col-50 elementor-top-column elementor-element elementor-element-bd1864f\" data-id=\"bd1864f\" data-element_type=\"column\">\n\t\t\t<div class=\"elementor-widget-wrap elementor-element-populated\">\n\t\t\t\t\t\t<div class=\"elementor-element elementor-element-5f9e287 elementor-widget elementor-widget-text-editor\" data-id=\"5f9e287\" data-element_type=\"widget\" data-widget_type=\"text-editor.default\">\n\t\t\t\t<div class=\"elementor-widget-container\">\n\t\t\t\t\t\t\t\t\t<p>\u017dofka grew up in Rimavsk\u00e1 Sobota, studied <strong>marketing and international business<\/strong> at the Economic University in Bratislava, but even during her studies, she knew that she was drawn to marketing and <strong>organizing events<\/strong> for people &#8211; the satisfied faces of participants filled her with incredible energy.<\/p>\n<p>She has tried various positions so far &#8211; she worked for the <strong>Slovak Blind and Partially Sighted Union<\/strong> for 12 years with breaks, at first as a project assistant, later as a PR manager and coordinator of the public collection <strong>White crayon<\/strong> (Biela pastelka), and finally as a head of a regional social services center in Pre\u0161ov. She worked for a year at the <strong>MediaDom<\/strong> marketing agency, coordinated a public collection in schools and on the streets for <strong>the Children of Slovakia Foundation<\/strong> (Nad\u00e1cia det\u00ed Slovenska), prepared event offers at the creative space of <strong>HalmiSpace\/HalmiCaf\u00e9<\/strong>, and managed an international project to link various sectors at <strong>Creative Industry Ko\u0161ice<\/strong>. Since 2012, she has been cooperating with the non-profit organization <strong>Voices<\/strong>.<\/p>\n<p>She supplements her education with various trainings (<strong>Socratic Institute, EDUaccelerator<\/strong> of the Pontis Foundation). In 2018, she founded a civic association with her friends and for two years they operated a community space in Budim\u00edr called <strong>&#8220;Na\u0161a chy\u017ea&#8221; (Our room)<\/strong>. She still participates on organizing events such as Picnic in the Park, Community Day, or Summer Forest Camp.<\/p>\n<p>Since 2018, she has been working at the Carpathian Foundation as a coordinator and later as a manager of the educational programme <a href=\"https:\/\/mymachine.sk\/\" target=\"_blank\" rel=\"noopener\">MyMachine Slovakia<\/a>.<\/p>\n<p>\u017dofka lives in Budim\u00edr near Ko\u0161ice with her husband, two daughters, a dog, three cats, two rabbits, and two ducks. <\/p>\n\t\t\t\t\t\t\t\t<\/div>\n\t\t\t\t<\/div>\n\t\t\t\t\t<\/div>\n\t\t<\/div>\n\t\t\t\t<div class=\"elementor-column elementor-col-50 elementor-top-column elementor-element elementor-element-e5ae957\" data-id=\"e5ae957\" data-element_type=\"column\">\n\t\t\t<div class=\"elementor-widget-wrap elementor-element-populated\">\n\t\t\t\t\t\t<div class=\"elementor-element elementor-element-2e12b1b elementor-widget elementor-widget-image\" data-id=\"2e12b1b\" data-element_type=\"widget\" data-widget_type=\"image.default\">\n\t\t\t\t<div class=\"elementor-widget-container\">\n\t\t\t\t\t\t\t\t\t\t\t\t\t\t\t<img fetchpriority=\"high\" decoding=\"async\" width=\"768\" height=\"511\" src=\"https:\/\/karpatskanadacia.sk\/wp-content\/uploads\/2023\/03\/RN_KarpatskaNadacia_firemneportrety_lowres-13-768x511.jpg\" class=\"attachment-medium_large size-medium_large wp-image-12642\" alt=\"\" srcset=\"https:\/\/karpatskanadacia.sk\/wp-content\/uploads\/2023\/03\/RN_KarpatskaNadacia_firemneportrety_lowres-13-768x511.jpg 768w, https:\/\/karpatskanadacia.sk\/wp-content\/uploads\/2023\/03\/RN_KarpatskaNadacia_firemneportrety_lowres-13-300x200.jpg 300w, https:\/\/karpatskanadacia.sk\/wp-content\/uploads\/2023\/03\/RN_KarpatskaNadacia_firemneportrety_lowres-13-1024x681.jpg 1024w, https:\/\/karpatskanadacia.sk\/wp-content\/uploads\/2023\/03\/RN_KarpatskaNadacia_firemneportrety_lowres-13-1536x1022.jpg 1536w, https:\/\/karpatskanadacia.sk\/wp-content\/uploads\/2023\/03\/RN_KarpatskaNadacia_firemneportrety_lowres-13.jpg 1539w\" sizes=\"(max-width: 768px) 100vw, 768px\" \/>\t\t\t\t\t\t\t\t\t\t\t\t\t\t\t<\/div>\n\t\t\t\t<\/div>\n\t\t\t\t\t<\/div>\n\t\t<\/div>\n\t\t\t\t\t<\/div>\n\t\t<\/section>\n\t\t\t\t<section class=\"elementor-section elementor-top-section elementor-element elementor-element-5fca64e elementor-section-boxed elementor-section-height-default elementor-section-height-default\" data-id=\"5fca64e\" data-element_type=\"section\">\n\t\t\t\t\t\t<div class=\"elementor-container elementor-column-gap-default\">\n\t\t\t\t\t<div class=\"elementor-column elementor-col-100 elementor-top-column elementor-element elementor-element-e79834b\" data-id=\"e79834b\" data-element_type=\"column\">\n\t\t\t<div class=\"elementor-widget-wrap elementor-element-populated\">\n\t\t\t\t\t\t<div class=\"elementor-element elementor-element-e6bd8ff elementor-widget elementor-widget-spacer\" data-id=\"e6bd8ff\" data-element_type=\"widget\" data-widget_type=\"spacer.default\">\n\t\t\t\t<div class=\"elementor-widget-container\">\n\t\t\t\t\t\t\t<div class=\"elementor-spacer\">\n\t\t\t<div class=\"elementor-spacer-inner\"><\/div>\n\t\t<\/div>\n\t\t\t\t\t\t<\/div>\n\t\t\t\t<\/div>\n\t\t\t\t\t<\/div>\n\t\t<\/div>\n\t\t\t\t\t<\/div>\n\t\t<\/section>\n\t\t\t\t<section class=\"elementor-section elementor-top-section elementor-element elementor-element-c84c5a3 elementor-section-boxed elementor-section-height-default elementor-section-height-default\" data-id=\"c84c5a3\" data-element_type=\"section\">\n\t\t\t\t\t\t<div class=\"elementor-container elementor-column-gap-default\">\n\t\t\t\t\t<div class=\"elementor-column elementor-col-100 elementor-top-column elementor-element elementor-element-fba1d28\" data-id=\"fba1d28\" data-element_type=\"column\">\n\t\t\t<div class=\"elementor-widget-wrap elementor-element-populated\">\n\t\t\t\t\t\t<div class=\"elementor-element elementor-element-dd3fe24 elementor-widget elementor-widget-video\" data-id=\"dd3fe24\" data-element_type=\"widget\" data-settings=\"{&quot;video_type&quot;:&quot;hosted&quot;,&quot;controls&quot;:&quot;yes&quot;}\" data-widget_type=\"video.default\">\n\t\t\t\t<div class=\"elementor-widget-container\">\n\t\t\t\t\t\t\t<div class=\"e-hosted-video elementor-wrapper elementor-open-inline\">\n\t\t\t\t\t<video class=\"elementor-video\" src=\"https:\/\/karpatskanadacia.sk\/wp-content\/uploads\/2023\/03\/Zofka.mov\" controls=\"\" preload=\"metadata\" controlsList=\"nodownload\"><\/video>\n\t\t\t\t<\/div>\n\t\t\t\t\t\t<\/div>\n\t\t\t\t<\/div>\n\t\t\t\t\t<\/div>\n\t\t<\/div>\n\t\t\t\t\t<\/div>\n\t\t<\/section>\n\t\t\t\t<\/div>\n\t\t","protected":false},"excerpt":{"rendered":"<p>\u017dofka grew up in Rimavsk\u00e1 Sobota, studied marketing and international business at the Economic University in Bratislava, but even during her studies, she knew that she was drawn to marketing and organizing events for people &#8211; the satisfied faces of participants filled her with incredible energy. She has tried various positions so far &#8211; she [&hellip;]<\/p>\n","protected":false},"author":7,"featured_media":0,"parent":0,"menu_order":0,"comment_status":"closed","ping_status":"closed","template":"","meta":{"_acf_changed":false,"site-sidebar-layout":"no-sidebar","site-content-layout":"page-builder","ast-site-content-layout":"default","site-content-style":"default","site-sidebar-style":"default","ast-global-header-display":"","ast-banner-title-visibility":"","ast-main-header-display":"","ast-hfb-above-header-display":"","ast-hfb-below-header-display":"","ast-hfb-mobile-header-display":"","site-post-title":"disabled","ast-breadcrumbs-content":"","ast-featured-img":"disabled","footer-sml-layout":"","ast-disable-related-posts":"","theme-transparent-header-meta":"","adv-header-id-meta":"","stick-header-meta":"","header-above-stick-meta":"","header-main-stick-meta":"","header-below-stick-meta":"","astra-migrate-meta-layouts":"default","ast-page-background-enabled":"default","ast-page-background-meta":{"desktop":{"background-color":"","background-image":"","background-repeat":"repeat","background-position":"center center","background-size":"auto","background-attachment":"scroll","background-type":"","background-media":"","overlay-type":"","overlay-color":"","overlay-opacity":"","overlay-gradient":""},"tablet":{"background-color":"","background-image":"","background-repeat":"repeat","background-position":"center center","background-size":"auto","background-attachment":"scroll","background-type":"","background-media":"","overlay-type":"","overlay-color":"","overlay-opacity":"","overlay-gradient":""},"mobile":{"background-color":"","background-image":"","background-repeat":"repeat","background-position":"center center","background-size":"auto","background-attachment":"scroll","background-type":"","background-media":"","overlay-type":"","overlay-color":"","overlay-opacity":"","overlay-gradient":""}},"ast-content-background-meta":{"desktop":{"background-color":"var(--ast-global-color-5)","background-image":"","background-repeat":"repeat","background-position":"center center","background-size":"auto","background-attachment":"scroll","background-type":"","background-media":"","overlay-type":"","overlay-color":"","overlay-opacity":"","overlay-gradient":""},"tablet":{"background-color":"var(--ast-global-color-5)","background-image":"","background-repeat":"repeat","background-position":"center center","background-size":"auto","background-attachment":"scroll","background-type":"","background-media":"","overlay-type":"","overlay-color":"","overlay-opacity":"","overlay-gradient":""},"mobile":{"background-color":"var(--ast-global-color-5)","background-image":"","background-repeat":"repeat","background-position":"center center","background-size":"auto","background-attachment":"scroll","background-type":"","background-media":"","overlay-type":"","overlay-color":"","overlay-opacity":"","overlay-gradient":""}},"footnotes":""},"class_list":["post-13081","page","type-page","status-publish","hentry"],"acf":[],"_links":{"self":[{"href":"https:\/\/karpatskanadacia.sk\/en\/wp-json\/wp\/v2\/pages\/13081","targetHints":{"allow":["GET"]}}],"collection":[{"href":"https:\/\/karpatskanadacia.sk\/en\/wp-json\/wp\/v2\/pages"}],"about":[{"href":"https:\/\/karpatskanadacia.sk\/en\/wp-json\/wp\/v2\/types\/page"}],"author":[{"embeddable":true,"href":"https:\/\/karpatskanadacia.sk\/en\/wp-json\/wp\/v2\/users\/7"}],"replies":[{"embeddable":true,"href":"https:\/\/karpatskanadacia.sk\/en\/wp-json\/wp\/v2\/comments?post=13081"}],"version-history":[{"count":1,"href":"https:\/\/karpatskanadacia.sk\/en\/wp-json\/wp\/v2\/pages\/13081\/revisions"}],"predecessor-version":[{"id":13082,"href":"https:\/\/karpatskanadacia.sk\/en\/wp-json\/wp\/v2\/pages\/13081\/revisions\/13082"}],"wp:attachment":[{"href":"https:\/\/karpatskanadacia.sk\/en\/wp-json\/wp\/v2\/media?parent=13081"}],"curies":[{"name":"wp","href":"https:\/\/api.w.org\/{rel}","templated":true}]}}