{"id":13097,"date":"2023-03-30T12:29:20","date_gmt":"2023-03-30T10:29:20","guid":{"rendered":"https:\/\/karpatskanadacia.sk\/roman-estocak\/"},"modified":"2023-03-30T12:29:20","modified_gmt":"2023-03-30T10:29:20","slug":"roman-estocak","status":"publish","type":"page","link":"https:\/\/karpatskanadacia.sk\/en\/roman-estocak\/","title":{"rendered":"Roman E\u0161to\u010d\u00e1k"},"content":{"rendered":"\t\t<div data-elementor-type=\"wp-page\" data-elementor-id=\"13097\" class=\"elementor elementor-13097 elementor-12627\" data-elementor-post-type=\"page\">\n\t\t\t\t\t\t<section class=\"elementor-section elementor-top-section elementor-element elementor-element-6f1546a elementor-section-boxed elementor-section-height-default elementor-section-height-default\" data-id=\"6f1546a\" data-element_type=\"section\">\n\t\t\t\t\t\t<div class=\"elementor-container elementor-column-gap-default\">\n\t\t\t\t\t<div class=\"elementor-column elementor-col-50 elementor-top-column elementor-element elementor-element-0e10dc9\" data-id=\"0e10dc9\" data-element_type=\"column\">\n\t\t\t<div class=\"elementor-widget-wrap elementor-element-populated\">\n\t\t\t\t\t\t<div class=\"elementor-element elementor-element-29cc74d elementor-widget elementor-widget-text-editor\" data-id=\"29cc74d\" data-element_type=\"widget\" data-widget_type=\"text-editor.default\">\n\t\t\t\t<div class=\"elementor-widget-container\">\n\t\t\t\t\t\t\t\t\t<p><span style=\"font-size: 16px;\"><em>\u201eAverd\u017eeno tut \u0161aj del go\u010fi, averd\u017eeno tut \u0161aj del drom, no manu\u0161es tutar mu\u0161ines te kerel \u010da tu jekh.\u201c (Someone can advise you, someone can guide you, but you have to make a person out of yourself on your own.)<\/em><\/span><\/p>\n<p><span style=\"font-size: 16px;\">This is one of the favourite <strong>proverbs<\/strong> that Roman often says to colleagues, friends, or his son.<\/span><\/p>\n<p><span style=\"font-size: 16px;\">Roman earned his <strong>doctorate<\/strong> at the St. Elizabeth College of Health and Social Work in Bratislava. He has been dedicated to field social work and <strong>working with marginalized Roma communities<\/strong> for years. He has <strong>experience<\/strong> in managing a community center, a non-governmental organization, consulting project plans and strategies to help the poorest, <strong>supervising<\/strong> helping professions and <strong>mentoring<\/strong> students and parents. He is also a <strong>teacher and translator<\/strong> of the Roma language. Additionally, he works at the Carpathian Foundation in <a href=\"https:\/\/karpatskanadacia.sk\/en\/granty\/program-rozvoja-romskych-komunit-roma-communities-developemnt-programme\/\">the Roma Communities Development Programme<\/a>. <br \/><\/span><\/p>\n\t\t\t\t\t\t\t\t<\/div>\n\t\t\t\t<\/div>\n\t\t\t\t\t<\/div>\n\t\t<\/div>\n\t\t\t\t<div class=\"elementor-column elementor-col-50 elementor-top-column elementor-element elementor-element-b7787f8\" data-id=\"b7787f8\" data-element_type=\"column\">\n\t\t\t<div class=\"elementor-widget-wrap elementor-element-populated\">\n\t\t\t\t\t\t<div class=\"elementor-element elementor-element-bd3a34c elementor-widget elementor-widget-image\" data-id=\"bd3a34c\" data-element_type=\"widget\" data-widget_type=\"image.default\">\n\t\t\t\t<div class=\"elementor-widget-container\">\n\t\t\t\t\t\t\t\t\t\t\t\t\t\t\t<img fetchpriority=\"high\" decoding=\"async\" width=\"768\" height=\"511\" src=\"https:\/\/karpatskanadacia.sk\/wp-content\/uploads\/2023\/03\/RN_KarpatskaNadacia_firemneportrety_lowres-32-768x511.jpg\" class=\"attachment-medium_large size-medium_large wp-image-12629\" alt=\"\" srcset=\"https:\/\/karpatskanadacia.sk\/wp-content\/uploads\/2023\/03\/RN_KarpatskaNadacia_firemneportrety_lowres-32-768x511.jpg 768w, https:\/\/karpatskanadacia.sk\/wp-content\/uploads\/2023\/03\/RN_KarpatskaNadacia_firemneportrety_lowres-32-300x200.jpg 300w, https:\/\/karpatskanadacia.sk\/wp-content\/uploads\/2023\/03\/RN_KarpatskaNadacia_firemneportrety_lowres-32-1024x682.jpg 1024w, https:\/\/karpatskanadacia.sk\/wp-content\/uploads\/2023\/03\/RN_KarpatskaNadacia_firemneportrety_lowres-32-1536x1023.jpg 1536w, https:\/\/karpatskanadacia.sk\/wp-content\/uploads\/2023\/03\/RN_KarpatskaNadacia_firemneportrety_lowres-32.jpg 1538w\" sizes=\"(max-width: 768px) 100vw, 768px\" \/>\t\t\t\t\t\t\t\t\t\t\t\t\t\t\t<\/div>\n\t\t\t\t<\/div>\n\t\t\t\t\t<\/div>\n\t\t<\/div>\n\t\t\t\t\t<\/div>\n\t\t<\/section>\n\t\t\t\t<section class=\"elementor-section elementor-top-section elementor-element elementor-element-50ec6f4 elementor-section-boxed elementor-section-height-default elementor-section-height-default\" data-id=\"50ec6f4\" data-element_type=\"section\">\n\t\t\t\t\t\t<div class=\"elementor-container elementor-column-gap-default\">\n\t\t\t\t\t<div class=\"elementor-column elementor-col-100 elementor-top-column elementor-element elementor-element-33af351\" data-id=\"33af351\" data-element_type=\"column\">\n\t\t\t<div class=\"elementor-widget-wrap elementor-element-populated\">\n\t\t\t\t\t\t\t<\/div>\n\t\t<\/div>\n\t\t\t\t\t<\/div>\n\t\t<\/section>\n\t\t\t\t<section class=\"elementor-section elementor-top-section elementor-element elementor-element-2daf9a2 elementor-section-boxed elementor-section-height-default elementor-section-height-default\" data-id=\"2daf9a2\" data-element_type=\"section\">\n\t\t\t\t\t\t<div class=\"elementor-container elementor-column-gap-default\">\n\t\t\t\t\t<div class=\"elementor-column elementor-col-100 elementor-top-column elementor-element elementor-element-002fc07\" data-id=\"002fc07\" data-element_type=\"column\">\n\t\t\t<div class=\"elementor-widget-wrap elementor-element-populated\">\n\t\t\t\t\t\t<div class=\"elementor-element elementor-element-5f4f27e elementor-widget elementor-widget-video\" data-id=\"5f4f27e\" data-element_type=\"widget\" data-settings=\"{&quot;video_type&quot;:&quot;hosted&quot;,&quot;controls&quot;:&quot;yes&quot;}\" data-widget_type=\"video.default\">\n\t\t\t\t<div class=\"elementor-widget-container\">\n\t\t\t\t\t\t\t<div class=\"e-hosted-video elementor-wrapper elementor-open-inline\">\n\t\t\t\t\t<video class=\"elementor-video\" src=\"https:\/\/karpatskanadacia.sk\/wp-content\/uploads\/2023\/03\/Roman-zmensene.mp4\" controls=\"\" preload=\"metadata\" controlsList=\"nodownload\"><\/video>\n\t\t\t\t<\/div>\n\t\t\t\t\t\t<\/div>\n\t\t\t\t<\/div>\n\t\t\t\t\t<\/div>\n\t\t<\/div>\n\t\t\t\t\t<\/div>\n\t\t<\/section>\n\t\t\t\t<\/div>\n\t\t","protected":false},"excerpt":{"rendered":"<p>\u201eAverd\u017eeno tut \u0161aj del go\u010fi, averd\u017eeno tut \u0161aj del drom, no manu\u0161es tutar mu\u0161ines te kerel \u010da tu jekh.\u201c (Someone can advise you, someone can guide you, but you have to make a person out of yourself on your own.) This is one of the favourite proverbs that Roman often says to colleagues, friends, or [&hellip;]<\/p>\n","protected":false},"author":7,"featured_media":0,"parent":0,"menu_order":0,"comment_status":"closed","ping_status":"closed","template":"","meta":{"_acf_changed":false,"site-sidebar-layout":"no-sidebar","site-content-layout":"page-builder","ast-site-content-layout":"default","site-content-style":"default","site-sidebar-style":"default","ast-global-header-display":"","ast-banner-title-visibility":"","ast-main-header-display":"","ast-hfb-above-header-display":"","ast-hfb-below-header-display":"","ast-hfb-mobile-header-display":"","site-post-title":"disabled","ast-breadcrumbs-content":"","ast-featured-img":"disabled","footer-sml-layout":"","ast-disable-related-posts":"","theme-transparent-header-meta":"","adv-header-id-meta":"","stick-header-meta":"","header-above-stick-meta":"","header-main-stick-meta":"","header-below-stick-meta":"","astra-migrate-meta-layouts":"default","ast-page-background-enabled":"default","ast-page-background-meta":{"desktop":{"background-color":"","background-image":"","background-repeat":"repeat","background-position":"center center","background-size":"auto","background-attachment":"scroll","background-type":"","background-media":"","overlay-type":"","overlay-color":"","overlay-opacity":"","overlay-gradient":""},"tablet":{"background-color":"","background-image":"","background-repeat":"repeat","background-position":"center center","background-size":"auto","background-attachment":"scroll","background-type":"","background-media":"","overlay-type":"","overlay-color":"","overlay-opacity":"","overlay-gradient":""},"mobile":{"background-color":"","background-image":"","background-repeat":"repeat","background-position":"center center","background-size":"auto","background-attachment":"scroll","background-type":"","background-media":"","overlay-type":"","overlay-color":"","overlay-opacity":"","overlay-gradient":""}},"ast-content-background-meta":{"desktop":{"background-color":"var(--ast-global-color-5)","background-image":"","background-repeat":"repeat","background-position":"center center","background-size":"auto","background-attachment":"scroll","background-type":"","background-media":"","overlay-type":"","overlay-color":"","overlay-opacity":"","overlay-gradient":""},"tablet":{"background-color":"var(--ast-global-color-5)","background-image":"","background-repeat":"repeat","background-position":"center center","background-size":"auto","background-attachment":"scroll","background-type":"","background-media":"","overlay-type":"","overlay-color":"","overlay-opacity":"","overlay-gradient":""},"mobile":{"background-color":"var(--ast-global-color-5)","background-image":"","background-repeat":"repeat","background-position":"center center","background-size":"auto","background-attachment":"scroll","background-type":"","background-media":"","overlay-type":"","overlay-color":"","overlay-opacity":"","overlay-gradient":""}},"footnotes":""},"class_list":["post-13097","page","type-page","status-publish","hentry"],"acf":[],"_links":{"self":[{"href":"https:\/\/karpatskanadacia.sk\/en\/wp-json\/wp\/v2\/pages\/13097","targetHints":{"allow":["GET"]}}],"collection":[{"href":"https:\/\/karpatskanadacia.sk\/en\/wp-json\/wp\/v2\/pages"}],"about":[{"href":"https:\/\/karpatskanadacia.sk\/en\/wp-json\/wp\/v2\/types\/page"}],"author":[{"embeddable":true,"href":"https:\/\/karpatskanadacia.sk\/en\/wp-json\/wp\/v2\/users\/7"}],"replies":[{"embeddable":true,"href":"https:\/\/karpatskanadacia.sk\/en\/wp-json\/wp\/v2\/comments?post=13097"}],"version-history":[{"count":1,"href":"https:\/\/karpatskanadacia.sk\/en\/wp-json\/wp\/v2\/pages\/13097\/revisions"}],"predecessor-version":[{"id":13098,"href":"https:\/\/karpatskanadacia.sk\/en\/wp-json\/wp\/v2\/pages\/13097\/revisions\/13098"}],"wp:attachment":[{"href":"https:\/\/karpatskanadacia.sk\/en\/wp-json\/wp\/v2\/media?parent=13097"}],"curies":[{"name":"wp","href":"https:\/\/api.w.org\/{rel}","templated":true}]}}