{"id":17874,"date":"2024-04-03T21:14:35","date_gmt":"2024-04-03T19:14:35","guid":{"rendered":"https:\/\/karpatskanadacia.sk\/zora-pajtasova-2\/"},"modified":"2024-04-03T21:14:37","modified_gmt":"2024-04-03T19:14:37","slug":"zora-pajtasova-2","status":"publish","type":"page","link":"https:\/\/karpatskanadacia.sk\/en\/zora-pajtasova-2\/","title":{"rendered":"Zora Pajt\u00e1\u0161ov\u00e1"},"content":{"rendered":"\t\t<div data-elementor-type=\"wp-page\" data-elementor-id=\"17874\" class=\"elementor elementor-17874 elementor-17860\" data-elementor-post-type=\"page\">\n\t\t\t\t\t\t<section class=\"elementor-section elementor-top-section elementor-element elementor-element-f211cf3 elementor-section-boxed elementor-section-height-default elementor-section-height-default\" data-id=\"f211cf3\" data-element_type=\"section\">\n\t\t\t\t\t\t<div class=\"elementor-container elementor-column-gap-default\">\n\t\t\t\t\t<div class=\"elementor-column elementor-col-50 elementor-top-column elementor-element elementor-element-f9b5e73\" data-id=\"f9b5e73\" data-element_type=\"column\">\n\t\t\t<div class=\"elementor-widget-wrap elementor-element-populated\">\n\t\t\t\t\t\t<div class=\"elementor-element elementor-element-e4940a1 elementor-widget elementor-widget-text-editor\" data-id=\"e4940a1\" data-element_type=\"widget\" data-widget_type=\"text-editor.default\">\n\t\t\t\t<div class=\"elementor-widget-container\">\n\t\t\t\t\t\t\t\t\t<p>Zora has professional experience in an international corporate environment, where she worked as an <strong>external<\/strong> and <strong>internal auditor<\/strong> and <strong>senior consultant<\/strong>.<\/p>\n<p>In her work, she focused on <strong>financial<\/strong> and <strong>process audits<\/strong>. She identified areas of risk and control activities, evaluated the effectiveness of internal control systems, and <strong>assessed the compliance of processes with legislation<\/strong> and internal regulations. She monitored budgets, and relevant documentation, prepared recommendations, and participated in <strong>reporting<\/strong> and writing <strong>audit reports<\/strong>.<\/p>\n<p>She also has experience in preparing <strong>financial analyses<\/strong> for municipalities. Moreover, she worked as an <strong>assistant professor<\/strong> at a university.<\/p>\n<p>Zora enjoys creative activities, hiking, and walks both in company and alone. She is the mother of <strong>three amazing creatures<\/strong>, who are an immense daily enrichment, inspiration, and the best teachers to her.<\/p>\n\t\t\t\t\t\t\t\t<\/div>\n\t\t\t\t<\/div>\n\t\t\t\t\t<\/div>\n\t\t<\/div>\n\t\t\t\t<div class=\"elementor-column elementor-col-50 elementor-top-column elementor-element elementor-element-53f27f0\" data-id=\"53f27f0\" data-element_type=\"column\">\n\t\t\t<div class=\"elementor-widget-wrap elementor-element-populated\">\n\t\t\t\t\t\t<div class=\"elementor-element elementor-element-f67a75e elementor-widget elementor-widget-image\" data-id=\"f67a75e\" data-element_type=\"widget\" data-widget_type=\"image.default\">\n\t\t\t\t<div class=\"elementor-widget-container\">\n\t\t\t\t\t\t\t\t\t\t\t\t\t\t\t<img fetchpriority=\"high\" decoding=\"async\" width=\"1024\" height=\"802\" src=\"https:\/\/karpatskanadacia.sk\/wp-content\/uploads\/2024\/04\/zora-foto-1024x802.jpg\" class=\"attachment-large size-large wp-image-17850\" alt=\"\" srcset=\"https:\/\/karpatskanadacia.sk\/wp-content\/uploads\/2024\/04\/zora-foto-1024x802.jpg 1024w, https:\/\/karpatskanadacia.sk\/wp-content\/uploads\/2024\/04\/zora-foto-300x235.jpg 300w, https:\/\/karpatskanadacia.sk\/wp-content\/uploads\/2024\/04\/zora-foto-768x602.jpg 768w, https:\/\/karpatskanadacia.sk\/wp-content\/uploads\/2024\/04\/zora-foto.jpg 1307w\" sizes=\"(max-width: 1024px) 100vw, 1024px\" \/>\t\t\t\t\t\t\t\t\t\t\t\t\t\t\t<\/div>\n\t\t\t\t<\/div>\n\t\t\t\t\t<\/div>\n\t\t<\/div>\n\t\t\t\t\t<\/div>\n\t\t<\/section>\n\t\t\t\t<\/div>\n\t\t","protected":false},"excerpt":{"rendered":"<p>Zora has professional experience in an international corporate environment, where she worked as an external and internal auditor and senior consultant. In her work, she focused on financial and process audits. She identified areas of risk and control activities, evaluated the effectiveness of internal control systems, and assessed the compliance of processes with legislation and [&hellip;]<\/p>\n","protected":false},"author":10,"featured_media":0,"parent":0,"menu_order":0,"comment_status":"closed","ping_status":"closed","template":"","meta":{"_acf_changed":false,"site-sidebar-layout":"no-sidebar","site-content-layout":"page-builder","ast-site-content-layout":"default","site-content-style":"default","site-sidebar-style":"default","ast-global-header-display":"","ast-banner-title-visibility":"","ast-main-header-display":"","ast-hfb-above-header-display":"","ast-hfb-below-header-display":"","ast-hfb-mobile-header-display":"","site-post-title":"disabled","ast-breadcrumbs-content":"","ast-featured-img":"disabled","footer-sml-layout":"","ast-disable-related-posts":"","theme-transparent-header-meta":"default","adv-header-id-meta":"","stick-header-meta":"","header-above-stick-meta":"","header-main-stick-meta":"","header-below-stick-meta":"","astra-migrate-meta-layouts":"default","ast-page-background-enabled":"default","ast-page-background-meta":{"desktop":{"background-color":"","background-image":"","background-repeat":"repeat","background-position":"center center","background-size":"auto","background-attachment":"scroll","background-type":"","background-media":"","overlay-type":"","overlay-color":"","overlay-opacity":"","overlay-gradient":""},"tablet":{"background-color":"","background-image":"","background-repeat":"repeat","background-position":"center center","background-size":"auto","background-attachment":"scroll","background-type":"","background-media":"","overlay-type":"","overlay-color":"","overlay-opacity":"","overlay-gradient":""},"mobile":{"background-color":"","background-image":"","background-repeat":"repeat","background-position":"center center","background-size":"auto","background-attachment":"scroll","background-type":"","background-media":"","overlay-type":"","overlay-color":"","overlay-opacity":"","overlay-gradient":""}},"ast-content-background-meta":{"desktop":{"background-color":"var(--ast-global-color-5)","background-image":"","background-repeat":"repeat","background-position":"center center","background-size":"auto","background-attachment":"scroll","background-type":"","background-media":"","overlay-type":"","overlay-color":"","overlay-opacity":"","overlay-gradient":""},"tablet":{"background-color":"var(--ast-global-color-5)","background-image":"","background-repeat":"repeat","background-position":"center center","background-size":"auto","background-attachment":"scroll","background-type":"","background-media":"","overlay-type":"","overlay-color":"","overlay-opacity":"","overlay-gradient":""},"mobile":{"background-color":"var(--ast-global-color-5)","background-image":"","background-repeat":"repeat","background-position":"center center","background-size":"auto","background-attachment":"scroll","background-type":"","background-media":"","overlay-type":"","overlay-color":"","overlay-opacity":"","overlay-gradient":""}},"footnotes":""},"class_list":["post-17874","page","type-page","status-publish","hentry"],"acf":[],"_links":{"self":[{"href":"https:\/\/karpatskanadacia.sk\/en\/wp-json\/wp\/v2\/pages\/17874","targetHints":{"allow":["GET"]}}],"collection":[{"href":"https:\/\/karpatskanadacia.sk\/en\/wp-json\/wp\/v2\/pages"}],"about":[{"href":"https:\/\/karpatskanadacia.sk\/en\/wp-json\/wp\/v2\/types\/page"}],"author":[{"embeddable":true,"href":"https:\/\/karpatskanadacia.sk\/en\/wp-json\/wp\/v2\/users\/10"}],"replies":[{"embeddable":true,"href":"https:\/\/karpatskanadacia.sk\/en\/wp-json\/wp\/v2\/comments?post=17874"}],"version-history":[{"count":3,"href":"https:\/\/karpatskanadacia.sk\/en\/wp-json\/wp\/v2\/pages\/17874\/revisions"}],"predecessor-version":[{"id":17877,"href":"https:\/\/karpatskanadacia.sk\/en\/wp-json\/wp\/v2\/pages\/17874\/revisions\/17877"}],"wp:attachment":[{"href":"https:\/\/karpatskanadacia.sk\/en\/wp-json\/wp\/v2\/media?parent=17874"}],"curies":[{"name":"wp","href":"https:\/\/api.w.org\/{rel}","templated":true}]}}