{"id":18352,"date":"2024-06-09T15:25:04","date_gmt":"2024-06-09T13:25:04","guid":{"rendered":"https:\/\/karpatskanadacia.sk\/truly-together-4-0-during-the-war\/"},"modified":"2026-04-17T18:23:42","modified_gmt":"2026-04-17T16:23:42","slug":"truly-together-4-0-during-the-war","status":"publish","type":"page","link":"https:\/\/karpatskanadacia.sk\/en\/truly-together-4-0-during-the-war\/","title":{"rendered":"Truly Together 4.0 (During the War)"},"content":{"rendered":"\t\t<div data-elementor-type=\"wp-page\" data-elementor-id=\"18352\" class=\"elementor elementor-18352 elementor-18309\" data-elementor-post-type=\"page\">\n\t\t\t\t<div class=\"elementor-element elementor-element-158ab7d e-flex e-con-boxed e-con e-parent\" data-id=\"158ab7d\" data-element_type=\"container\">\n\t\t\t\t\t<div class=\"e-con-inner\">\n\t\t<div class=\"elementor-element elementor-element-11e7d5c e-con-full e-flex e-con e-child\" data-id=\"11e7d5c\" data-element_type=\"container\">\n\t\t\t\t<div class=\"elementor-element elementor-element-bc42f8b elementor-widget elementor-widget-heading\" data-id=\"bc42f8b\" data-element_type=\"widget\" data-widget_type=\"heading.default\">\n\t\t\t\t<div class=\"elementor-widget-container\">\n\t\t\t\t\t<h2 class=\"elementor-heading-title elementor-size-default\">When Help Crosses Borders<\/h2>\t\t\t\t<\/div>\n\t\t\t\t<\/div>\n\t\t\t\t<div class=\"elementor-element elementor-element-f55f34e elementor-widget__width-initial elementor-widget elementor-widget-text-editor\" data-id=\"f55f34e\" data-element_type=\"widget\" data-widget_type=\"text-editor.default\">\n\t\t\t\t<div class=\"elementor-widget-container\">\n\t\t\t\t\t\t\t\t\t<p><span data-contrast=\"auto\">The war in Ukraine has deprived millions of people of their homes, stability, and sense of security. Many have had to leave the country, while others have fled to the western regions and are struggling to cope with daily life under difficult conditions. <\/span> <span data-contrast=\"auto\">It is precisely at times like these that solidarity and mutual aid are more important than ever before.<\/span><span data-ccp-props=\"{\"134233117\":false,\"134233118\":false,\"335559738\":240,\"335559739\":240}\"> <\/span><\/p><p><span class=\"TextRun SCXW31261550 BCX8\" lang=\"SK-SK\" data-contrast=\"auto\"><span class=\"NormalTextRun SCXW31261550 BCX8\">The &#8220;Truly Together&#8221;<\/span><\/span> <span class=\"TextRun SCXW31261550 BCX8\" lang=\"SK-SK\" data-contrast=\"auto\"><span class=\"NormalTextRun SCXW31261550 BCX8\">Program<\/span><\/span><span class=\"TextRun SCXW31261550 BCX8\" lang=\"SK-SK\" xml:lang=\"SK-SK\" data-contrast=\"auto\"><span class=\"NormalTextRun SCXW31261550 BCX8\"> brings together the three sister Carpathian foundations in Slovakia, Hungary, and Ukraine. Together, we support organizations that are closest to the people affected by the war and help them cope during this difficult time. <\/span><\/span><span class=\"EOP SCXW31261550 BCX8\" data-ccp-props=\"{\"134233117\":false,\"134233118\":false,\"335559738\":240,\"335559739\":240}\"> <\/span><\/p>\t\t\t\t\t\t\t\t<\/div>\n\t\t\t\t<\/div>\n\t\t\t\t<\/div>\n\t\t<div class=\"elementor-element elementor-element-9180172 e-con-full e-flex e-con e-child\" data-id=\"9180172\" data-element_type=\"container\">\n\t\t\t\t<div class=\"elementor-element elementor-element-9f3e089 elementor-widget__width-initial elementor-widget elementor-widget-image\" data-id=\"9f3e089\" data-element_type=\"widget\" data-widget_type=\"image.default\">\n\t\t\t\t<div class=\"elementor-widget-container\">\n\t\t\t\t\t\t\t\t\t\t\t\t\t\t\t<img fetchpriority=\"high\" decoding=\"async\" width=\"768\" height=\"512\" src=\"https:\/\/karpatskanadacia.sk\/wp-content\/uploads\/2023\/10\/2023-08-24_den-nezavislosti-ukrajiny_karpatska-nadacia_photo_david-hanko-58-768x512.jpg\" class=\"attachment-medium_large size-medium_large wp-image-15433\" alt=\"Ukrajina vzdel\u00e1vanie organiz\u00e1cie vojna\" srcset=\"https:\/\/karpatskanadacia.sk\/wp-content\/uploads\/2023\/10\/2023-08-24_den-nezavislosti-ukrajiny_karpatska-nadacia_photo_david-hanko-58-768x512.jpg 768w, https:\/\/karpatskanadacia.sk\/wp-content\/uploads\/2023\/10\/2023-08-24_den-nezavislosti-ukrajiny_karpatska-nadacia_photo_david-hanko-58-300x200.jpg 300w, https:\/\/karpatskanadacia.sk\/wp-content\/uploads\/2023\/10\/2023-08-24_den-nezavislosti-ukrajiny_karpatska-nadacia_photo_david-hanko-58-1024x683.jpg 1024w, https:\/\/karpatskanadacia.sk\/wp-content\/uploads\/2023\/10\/2023-08-24_den-nezavislosti-ukrajiny_karpatska-nadacia_photo_david-hanko-58.jpg 1536w\" sizes=\"(max-width: 768px) 100vw, 768px\" \/>\t\t\t\t\t\t\t\t\t\t\t\t\t\t\t<\/div>\n\t\t\t\t<\/div>\n\t\t\t\t<\/div>\n\t\t\t\t\t<\/div>\n\t\t\t\t<\/div>\n\t\t<div class=\"elementor-element elementor-element-acac949 e-flex e-con-boxed e-con e-parent\" data-id=\"acac949\" data-element_type=\"container\">\n\t\t\t\t\t<div class=\"e-con-inner\">\n\t\t\t\t<div class=\"elementor-element elementor-element-b6770ef elementor-widget elementor-widget-heading\" data-id=\"b6770ef\" data-element_type=\"widget\" data-widget_type=\"heading.default\">\n\t\t\t\t<div class=\"elementor-widget-container\">\n\t\t\t\t\t<h5 class=\"elementor-heading-title elementor-size-default\">Support for Children and Families <\/h5>\t\t\t\t<\/div>\n\t\t\t\t<\/div>\n\t\t\t\t\t<\/div>\n\t\t\t\t<\/div>\n\t\t<div class=\"elementor-element elementor-element-ef5697d e-flex e-con-boxed e-con e-parent\" data-id=\"ef5697d\" data-element_type=\"container\">\n\t\t\t\t\t<div class=\"e-con-inner\">\n\t\t\t\t<div class=\"elementor-element elementor-element-f42d244 elementor-widget elementor-widget-text-editor\" data-id=\"f42d244\" data-element_type=\"widget\" data-widget_type=\"text-editor.default\">\n\t\t\t\t<div class=\"elementor-widget-container\">\n\t\t\t\t\t\t\t\t\t<p><span data-contrast=\"auto\">The fourth year of the program, which we completed in 2025, provided assistance to people fleeing their homes &#8211; children, adults, and seniors alike. A large portion of the support went to families in need of psychological and social assistance. <\/span><span data-ccp-props=\"{\"134233117\":false,\"134233118\":false,\"335559738\":240,\"335559739\":240}\"> <\/span><\/p><p><span data-contrast=\"auto\">Through the program, organizations helped families reintegrate into the community, cope with stress, and address the practical challenges of daily life. <\/span><span data-ccp-props=\"{\"134233117\":false,\"134233118\":false,\"335559738\":240,\"335559739\":240}\"> <\/span><\/p><p><span data-contrast=\"auto\">Experience with the program has shown<\/span> that <b><span data-contrast=\"auto\">the most effective approach is to support children, their families, and the organizations that work with them<\/span><\/b><span data-contrast=\"auto\">. That is why, in 2026, we will focus specifically on strengthening these organizations\u2014so that they have better conditions for protecting children, supporting mental health, and creating a safe environment for both children and their caregivers.<\/span><span data-ccp-props=\"{\"134233117\":false,\"134233118\":false,\"335559738\":240,\"335559739\":240}\"> <\/span><\/p>\t\t\t\t\t\t\t\t<\/div>\n\t\t\t\t<\/div>\n\t\t\t\t\t<\/div>\n\t\t\t\t<\/div>\n\t\t<div class=\"elementor-element elementor-element-dc0f70b e-flex e-con-boxed e-con e-parent\" data-id=\"dc0f70b\" data-element_type=\"container\">\n\t\t\t\t\t<div class=\"e-con-inner\">\n\t\t\t\t<div class=\"elementor-element elementor-element-5ac9bf9 elementor-widget elementor-widget-heading\" data-id=\"5ac9bf9\" data-element_type=\"widget\" data-widget_type=\"heading.default\">\n\t\t\t\t<div class=\"elementor-widget-container\">\n\t\t\t\t\t<h5 class=\"elementor-heading-title elementor-size-default\">Stronger organizations, more help <\/h5>\t\t\t\t<\/div>\n\t\t\t\t<\/div>\n\t\t\t\t\t<\/div>\n\t\t\t\t<\/div>\n\t\t<div class=\"elementor-element elementor-element-9468873 e-flex e-con-boxed e-con e-parent\" data-id=\"9468873\" data-element_type=\"container\">\n\t\t\t\t\t<div class=\"e-con-inner\">\n\t\t\t\t<div class=\"elementor-element elementor-element-9119a55 elementor-widget elementor-widget-text-editor\" data-id=\"9119a55\" data-element_type=\"widget\" data-widget_type=\"text-editor.default\">\n\t\t\t\t<div class=\"elementor-widget-container\">\n\t\t\t\t\t\t\t\t\t<p>The <b><span data-contrast=\"auto\">&#8220;Truly Together&#8221;<\/span><\/b> <span data-contrast=\"auto\">program<\/span> <span data-contrast=\"auto\">will support ten Ukrainian organizations that are helping the communities most affected by the war.<\/span><span data-ccp-props=\"{\"134233117\":false,\"134233118\":false,\"335559738\":240,\"335559739\":240}\"> <\/span><\/p><p><span data-contrast=\"auto\">The grants will enable them to respond to people\u2019s current needs while also strengthening the operations of the organizations themselves\u2014so that they can provide high-quality, systematic, and long-term assistance.<\/span><span data-ccp-props=\"{\"134233117\":false,\"134233118\":false,\"335559738\":240,\"335559739\":240}\"> <\/span><\/p>\t\t\t\t\t\t\t\t<\/div>\n\t\t\t\t<\/div>\n\t\t\t\t\t<\/div>\n\t\t\t\t<\/div>\n\t\t<div class=\"elementor-element elementor-element-80f7a73 e-flex e-con-boxed e-con e-parent\" data-id=\"80f7a73\" data-element_type=\"container\">\n\t\t\t\t\t<div class=\"e-con-inner\">\n\t\t\t\t<div class=\"elementor-element elementor-element-24a503d elementor-widget elementor-widget-heading\" data-id=\"24a503d\" data-element_type=\"widget\" data-widget_type=\"heading.default\">\n\t\t\t\t<div class=\"elementor-widget-container\">\n\t\t\t\t\t<h5 class=\"elementor-heading-title elementor-size-default\">We learn from one another <\/h5>\t\t\t\t<\/div>\n\t\t\t\t<\/div>\n\t\t\t\t\t<\/div>\n\t\t\t\t<\/div>\n\t\t<div class=\"elementor-element elementor-element-af2fe5f e-flex e-con-boxed e-con e-parent\" data-id=\"af2fe5f\" data-element_type=\"container\">\n\t\t\t\t\t<div class=\"e-con-inner\">\n\t\t\t\t<div class=\"elementor-element elementor-element-55be43d elementor-widget elementor-widget-text-editor\" data-id=\"55be43d\" data-element_type=\"widget\" data-widget_type=\"text-editor.default\">\n\t\t\t\t<div class=\"elementor-widget-container\">\n\t\t\t\t\t\t\t\t\t<p><span data-contrast=\"auto\">D\u00f4le\u017eitou s\u00fa\u010das\u0165ou programu je aj prep\u00e1janie organiz\u00e1ci\u00ed z Ukrajiny, Slovenska a Ma\u010farska. Stretnutia a v\u00fdmena sk\u00fasenost\u00ed im umo\u017e\u0148uj\u00fa zdie\u013ea\u0165 rie\u0161enia, ktor\u00e9 funguj\u00fa v praxi. (O v\u00fdznamn\u00fdch tandemoch z roka 2025 \u010d\u00edtajte   <\/span><span data-contrast=\"none\"><a href=\"https:\/\/karpatskanadacia.sk\/skutocne-spolocne-solidarita-s-ukrajinou\/\" target=\"_blank\" rel=\"noopener\">HERE<\/a><\/span> and about training and education <span data-contrast=\"auto\"><a href=\"https:\/\/karpatskanadacia.sk\/vzdelavanie-pre-organizacie-na-ukrajine\/\" target=\"_blank\" rel=\"noopener\">HERE<\/a><\/span>.)<\/p><p><span data-contrast=\"auto\">Organizations thus share their experiences with one another in areas such as:<\/span><span data-ccp-props=\"{\"134233117\":false,\"134233118\":false,\"335559738\":240,\"335559739\":240}\"> <\/span><\/p><ul><li><span data-contrast=\"auto\">child protection<\/span><span data-ccp-props=\"{\"134233117\":false,\"134233118\":false,\"335559738\":240,\"335559739\":240}\"> <\/span><\/li><li aria-setsize=\"-1\" data-leveltext=\"\uf0b7\" data-font=\"Symbol\" data-listid=\"1\" data-list-defn-props=\"{\"335552541\":1,\"335559685\":720,\"335559991\":360,\"469769226\":\"Symbol\",\"469769242\":[8226],\"469777803\":\"left\",\"469777804\":\"\uf0b7\",\"469777815\":\"hybridMultilevel\"}\" data-aria-posinset=\"2\" data-aria-level=\"1\"><span data-contrast=\"auto\">support for families<\/span><\/li><li aria-setsize=\"-1\" data-leveltext=\"\uf0b7\" data-font=\"Symbol\" data-listid=\"1\" data-list-defn-props=\"{\"335552541\":1,\"335559685\":720,\"335559991\":360,\"469769226\":\"Symbol\",\"469769242\":[8226],\"469777803\":\"left\",\"469777804\":\"\uf0b7\",\"469777815\":\"hybridMultilevel\"}\" data-aria-posinset=\"2\" data-aria-level=\"1\"><span data-contrast=\"auto\">mental health<\/span><\/li><li aria-setsize=\"-1\" data-leveltext=\"\uf0b7\" data-font=\"Symbol\" data-listid=\"1\" data-list-defn-props=\"{\"335552541\":1,\"335559685\":720,\"335559991\":360,\"469769226\":\"Symbol\",\"469769242\":[8226],\"469777803\":\"left\",\"469777804\":\"\uf0b7\",\"469777815\":\"hybridMultilevel\"}\" data-aria-posinset=\"2\" data-aria-level=\"1\"><span data-contrast=\"auto\">working with communities affected by war<\/span><span data-ccp-props=\"{\"134233117\":false,\"134233118\":false,\"335559738\":240,\"335559739\":240}\"> <\/span><\/li><\/ul>\t\t\t\t\t\t\t\t<\/div>\n\t\t\t\t<\/div>\n\t\t\t\t\t<\/div>\n\t\t\t\t<\/div>\n\t\t<div class=\"elementor-element elementor-element-4d307d4 e-flex e-con-boxed e-con e-parent\" data-id=\"4d307d4\" data-element_type=\"container\">\n\t\t\t\t\t<div class=\"e-con-inner\">\n\t\t\t\t<div class=\"elementor-element elementor-element-a628519 elementor-widget elementor-widget-heading\" data-id=\"a628519\" data-element_type=\"widget\" data-widget_type=\"heading.default\">\n\t\t\t\t<div class=\"elementor-widget-container\">\n\t\t\t\t\t<h5 class=\"elementor-heading-title elementor-size-default\">Why is this important? <\/h5>\t\t\t\t<\/div>\n\t\t\t\t<\/div>\n\t\t\t\t\t<\/div>\n\t\t\t\t<\/div>\n\t\t<div class=\"elementor-element elementor-element-832efd5 e-flex e-con-boxed e-con e-parent\" data-id=\"832efd5\" data-element_type=\"container\">\n\t\t\t\t\t<div class=\"e-con-inner\">\n\t\t\t\t<div class=\"elementor-element elementor-element-55a526d elementor-position-left elementor-vertical-align-middle elementor-widget elementor-widget-image-box\" data-id=\"55a526d\" data-element_type=\"widget\" data-widget_type=\"image-box.default\">\n\t\t\t\t<div class=\"elementor-widget-container\">\n\t\t\t\t\t<div class=\"elementor-image-box-wrapper\"><figure class=\"elementor-image-box-img\"><img decoding=\"async\" width=\"199\" height=\"256\" src=\"https:\/\/karpatskanadacia.sk\/wp-content\/uploads\/2024\/06\/Skutocne-spolocne-2024-biele-pozadie-01.png\" class=\"attachment-full size-full wp-image-18311\" alt=\"\" \/><\/figure><div class=\"elementor-image-box-content\"><p class=\"elementor-image-box-description\">Truly Together is not just a programme. It is a <b>symbol of solidarity, fellowship, and the key role of civil society <\/b> and non-governmental non-profit organizations, which become even more important for the entire society during times of war. Strong organizations that know their direction, evolve with the changing world, and can develop their work sustainably over the long term, can provide the highest quality help to the greatest number of people in need.<\/p><\/div><\/div>\t\t\t\t<\/div>\n\t\t\t\t<\/div>\n\t\t\t\t\t<\/div>\n\t\t\t\t<\/div>\n\t\t<div class=\"elementor-element elementor-element-f04532f e-con-full e-flex e-con e-parent\" data-id=\"f04532f\" data-element_type=\"container\">\n\t\t\t\t<div class=\"elementor-element elementor-element-9b482f1 elementor-align-center elementor-widget elementor-widget-button\" data-id=\"9b482f1\" data-element_type=\"widget\" data-widget_type=\"button.default\">\n\t\t\t\t<div class=\"elementor-widget-container\">\n\t\t\t\t\t\t\t\t\t<div class=\"elementor-button-wrapper\">\n\t\t\t\t\t<a class=\"elementor-button elementor-button-link elementor-size-sm\" href=\"https:\/\/www.aktuality.sk\/clanok\/tvmnEA8\/nemali-sme-cas-plakat\/?fbclid=IwY2xjawHOGStleHRuA2FlbQIxMQABHaUhObCvdWx2D4Fp8pbHhDGarS067adnnmZFSV_NirY2YNHdS9QBoSTLsQ_aem_ImWzpKwTyEMzd2krjNwMGQ\" target=\"_blank\" rel=\"noopener\">\n\t\t\t\t\t\t<span class=\"elementor-button-content-wrapper\">\n\t\t\t\t\t\t\t\t\t<span class=\"elementor-button-text\">Read the interview with Liubov Mykhailiuk about how the supported organization \"Tree of My Life\" is helping people in Ukraine HERE.<\/span>\n\t\t\t\t\t<\/span>\n\t\t\t\t\t<\/a>\n\t\t\t\t<\/div>\n\t\t\t\t\t\t\t\t<\/div>\n\t\t\t\t<\/div>\n\t\t\t\t<\/div>\n\t\t<div class=\"elementor-element elementor-element-05c32b6 e-flex e-con-boxed e-con e-parent\" data-id=\"05c32b6\" data-element_type=\"container\">\n\t\t\t\t\t<div class=\"e-con-inner\">\n\t\t\t\t<div class=\"elementor-element elementor-element-23bcf31 elementor-widget elementor-widget-spacer\" data-id=\"23bcf31\" data-element_type=\"widget\" data-widget_type=\"spacer.default\">\n\t\t\t\t<div class=\"elementor-widget-container\">\n\t\t\t\t\t\t\t<div class=\"elementor-spacer\">\n\t\t\t<div class=\"elementor-spacer-inner\"><\/div>\n\t\t<\/div>\n\t\t\t\t\t\t<\/div>\n\t\t\t\t<\/div>\n\t\t\t\t\t<\/div>\n\t\t\t\t<\/div>\n\t\t<div class=\"elementor-element elementor-element-084feb8 e-flex e-con-boxed e-con e-parent\" data-id=\"084feb8\" data-element_type=\"container\">\n\t\t\t\t\t<div class=\"e-con-inner\">\n\t\t\t\t<div class=\"elementor-element elementor-element-77c6782 elementor-widget elementor-widget-text-editor\" data-id=\"77c6782\" data-element_type=\"widget\" data-widget_type=\"text-editor.default\">\n\t\t\t\t<div class=\"elementor-widget-container\">\n\t\t\t\t\t\t\t\t\t<p><em>The &#8220;Truly Together&#8221; program has been implemented by the Carpathian Foundation in cooperation with <a href=\"https:\/\/www.karpatokalapitvany.hu\/\" target=\"_blank\" rel=\"noopener\">the Carpathian Foundation Hungary<\/a> and <a href=\"https:\/\/carpathianfoundation.org.ua\/\" target=\"_blank\" rel=\"noopener\">the Carpathian Foundation Ukraine<\/a>, thanks to financial support from t<a href=\"https:\/\/www.fondationdefrance.org\/en\/homepage\" target=\"_blank\" rel=\"noopener\">he Fondation de France<\/a>, since January 2024.<\/em><\/p>\t\t\t\t\t\t\t\t<\/div>\n\t\t\t\t<\/div>\n\t\t\t\t\t<\/div>\n\t\t\t\t<\/div>\n\t\t<div class=\"elementor-element elementor-element-764fb21 e-flex e-con-boxed e-con e-parent\" data-id=\"764fb21\" data-element_type=\"container\">\n\t\t\t\t\t<div class=\"e-con-inner\">\n\t\t\t\t<div class=\"elementor-element elementor-element-e93bf4a elementor-widget elementor-widget-image\" data-id=\"e93bf4a\" data-element_type=\"widget\" data-widget_type=\"image.default\">\n\t\t\t\t<div class=\"elementor-widget-container\">\n\t\t\t\t\t\t\t\t\t\t\t\t\t\t\t<img decoding=\"async\" width=\"199\" height=\"256\" src=\"https:\/\/karpatskanadacia.sk\/wp-content\/uploads\/2024\/06\/Skutocne-spolocne-2024-biele-pozadie-01.png\" class=\"attachment-medium_large size-medium_large wp-image-18311\" alt=\"\" \/>\t\t\t\t\t\t\t\t\t\t\t\t\t\t\t<\/div>\n\t\t\t\t<\/div>\n\t\t\t\t\t<\/div>\n\t\t\t\t<\/div>\n\t\t<div class=\"elementor-element elementor-element-1de7c89 e-flex e-con-boxed e-con e-parent\" data-id=\"1de7c89\" data-element_type=\"container\">\n\t\t\t\t\t<div class=\"e-con-inner\">\n\t\t<div class=\"elementor-element elementor-element-0bcf79b e-con-full e-flex e-con e-child\" data-id=\"0bcf79b\" data-element_type=\"container\">\n\t\t\t\t<div class=\"elementor-element elementor-element-b4d13a6 elementor-widget elementor-widget-image\" data-id=\"b4d13a6\" data-element_type=\"widget\" data-widget_type=\"image.default\">\n\t\t\t\t<div class=\"elementor-widget-container\">\n\t\t\t\t\t\t\t\t\t\t\t\t<figure class=\"wp-caption\">\n\t\t\t\t\t\t\t\t\t\t<img loading=\"lazy\" decoding=\"async\" width=\"300\" height=\"206\" src=\"https:\/\/karpatskanadacia.sk\/wp-content\/uploads\/2022\/04\/KN-logo_vecsie-rozlisenie-300x206.png\" class=\"attachment-medium size-medium wp-image-8419\" alt=\"\" srcset=\"https:\/\/karpatskanadacia.sk\/wp-content\/uploads\/2022\/04\/KN-logo_vecsie-rozlisenie-300x206.png 300w, https:\/\/karpatskanadacia.sk\/wp-content\/uploads\/2022\/04\/KN-logo_vecsie-rozlisenie-1024x702.png 1024w, https:\/\/karpatskanadacia.sk\/wp-content\/uploads\/2022\/04\/KN-logo_vecsie-rozlisenie-768x527.png 768w, https:\/\/karpatskanadacia.sk\/wp-content\/uploads\/2022\/04\/KN-logo_vecsie-rozlisenie.png 1493w\" sizes=\"(max-width: 300px) 100vw, 300px\" \/>\t\t\t\t\t\t\t\t\t\t\t<figcaption class=\"widget-image-caption wp-caption-text\">Carpathian Foundation Slovakia<\/figcaption>\n\t\t\t\t\t\t\t\t\t\t<\/figure>\n\t\t\t\t\t\t\t\t\t<\/div>\n\t\t\t\t<\/div>\n\t\t\t\t<\/div>\n\t\t<div class=\"elementor-element elementor-element-081fa63 e-con-full e-flex e-con e-child\" data-id=\"081fa63\" data-element_type=\"container\">\n\t\t\t\t<div class=\"elementor-element elementor-element-0c41cae elementor-widget elementor-widget-image\" data-id=\"0c41cae\" data-element_type=\"widget\" data-widget_type=\"image.default\">\n\t\t\t\t<div class=\"elementor-widget-container\">\n\t\t\t\t\t\t\t\t\t\t\t\t<figure class=\"wp-caption\">\n\t\t\t\t\t\t\t\t\t\t\t<a href=\"https:\/\/carpathianfoundation.org.ua\/diysno-razom\/eng\/\" target=\"_blank\" rel=\"noopener\">\n\t\t\t\t\t\t\t<img loading=\"lazy\" decoding=\"async\" width=\"200\" height=\"147\" src=\"https:\/\/karpatskanadacia.sk\/wp-content\/uploads\/2024\/06\/CF-UA-logo-1.png\" class=\"attachment-large size-large wp-image-18390\" alt=\"\" \/>\t\t\t\t\t\t\t\t<\/a>\n\t\t\t\t\t\t\t\t\t\t\t<figcaption class=\"widget-image-caption wp-caption-text\">Carpathian Foundation Ukraine<\/figcaption>\n\t\t\t\t\t\t\t\t\t\t<\/figure>\n\t\t\t\t\t\t\t\t\t<\/div>\n\t\t\t\t<\/div>\n\t\t\t\t<\/div>\n\t\t<div class=\"elementor-element elementor-element-f7ae35e e-con-full e-flex e-con e-child\" data-id=\"f7ae35e\" data-element_type=\"container\">\n\t\t\t\t<div class=\"elementor-element elementor-element-b28151e elementor-widget elementor-widget-image\" data-id=\"b28151e\" data-element_type=\"widget\" data-widget_type=\"image.default\">\n\t\t\t\t<div class=\"elementor-widget-container\">\n\t\t\t\t\t\t\t\t\t\t\t\t<figure class=\"wp-caption\">\n\t\t\t\t\t\t\t\t\t\t\t<a href=\"https:\/\/www.karpatokalapitvany.hu\/\" target=\"_blank\" rel=\"noopener\">\n\t\t\t\t\t\t\t<img loading=\"lazy\" decoding=\"async\" width=\"768\" height=\"384\" src=\"https:\/\/karpatskanadacia.sk\/wp-content\/uploads\/2024\/06\/CF_logo_cmyk_HU_01-1-768x384.png\" class=\"attachment-medium_large size-medium_large wp-image-18388\" alt=\"\" srcset=\"https:\/\/karpatskanadacia.sk\/wp-content\/uploads\/2024\/06\/CF_logo_cmyk_HU_01-1-768x384.png 768w, https:\/\/karpatskanadacia.sk\/wp-content\/uploads\/2024\/06\/CF_logo_cmyk_HU_01-1-300x150.png 300w, https:\/\/karpatskanadacia.sk\/wp-content\/uploads\/2024\/06\/CF_logo_cmyk_HU_01-1.png 945w\" sizes=\"(max-width: 768px) 100vw, 768px\" \/>\t\t\t\t\t\t\t\t<\/a>\n\t\t\t\t\t\t\t\t\t\t\t<figcaption class=\"widget-image-caption wp-caption-text\">Carpathian Foundation Hungary<\/figcaption>\n\t\t\t\t\t\t\t\t\t\t<\/figure>\n\t\t\t\t\t\t\t\t\t<\/div>\n\t\t\t\t<\/div>\n\t\t\t\t<\/div>\n\t\t\t\t\t<\/div>\n\t\t\t\t<\/div>\n\t\t\t\t<\/div>\n\t\t","protected":false},"excerpt":{"rendered":"<p>When Help Crosses Borders The war in Ukraine has deprived millions of people of their homes, stability, and sense of security. Many have had to leave the country, while others have fled to the western regions and are struggling to cope with daily life under difficult conditions. It is precisely at times like these that [&hellip;]<\/p>\n","protected":false},"author":7,"featured_media":0,"parent":0,"menu_order":0,"comment_status":"closed","ping_status":"closed","template":"","meta":{"_acf_changed":false,"site-sidebar-layout":"no-sidebar","site-content-layout":"page-builder","ast-site-content-layout":"full-width-container","site-content-style":"unboxed","site-sidebar-style":"unboxed","ast-global-header-display":"","ast-banner-title-visibility":"","ast-main-header-display":"","ast-hfb-above-header-display":"","ast-hfb-below-header-display":"","ast-hfb-mobile-header-display":"","site-post-title":"disabled","ast-breadcrumbs-content":"","ast-featured-img":"disabled","footer-sml-layout":"","ast-disable-related-posts":"","theme-transparent-header-meta":"default","adv-header-id-meta":"","stick-header-meta":"","header-above-stick-meta":"","header-main-stick-meta":"","header-below-stick-meta":"","astra-migrate-meta-layouts":"default","ast-page-background-enabled":"default","ast-page-background-meta":{"desktop":{"background-color":"","background-image":"","background-repeat":"repeat","background-position":"center center","background-size":"auto","background-attachment":"scroll","background-type":"","background-media":"","overlay-type":"","overlay-color":"","overlay-opacity":"","overlay-gradient":""},"tablet":{"background-color":"","background-image":"","background-repeat":"repeat","background-position":"center center","background-size":"auto","background-attachment":"scroll","background-type":"","background-media":"","overlay-type":"","overlay-color":"","overlay-opacity":"","overlay-gradient":""},"mobile":{"background-color":"","background-image":"","background-repeat":"repeat","background-position":"center center","background-size":"auto","background-attachment":"scroll","background-type":"","background-media":"","overlay-type":"","overlay-color":"","overlay-opacity":"","overlay-gradient":""}},"ast-content-background-meta":{"desktop":{"background-color":"var(--ast-global-color-5)","background-image":"","background-repeat":"repeat","background-position":"center center","background-size":"auto","background-attachment":"scroll","background-type":"","background-media":"","overlay-type":"","overlay-color":"","overlay-opacity":"","overlay-gradient":""},"tablet":{"background-color":"var(--ast-global-color-5)","background-image":"","background-repeat":"repeat","background-position":"center center","background-size":"auto","background-attachment":"scroll","background-type":"","background-media":"","overlay-type":"","overlay-color":"","overlay-opacity":"","overlay-gradient":""},"mobile":{"background-color":"var(--ast-global-color-5)","background-image":"","background-repeat":"repeat","background-position":"center center","background-size":"auto","background-attachment":"scroll","background-type":"","background-media":"","overlay-type":"","overlay-color":"","overlay-opacity":"","overlay-gradient":""}},"footnotes":""},"class_list":["post-18352","page","type-page","status-publish","hentry"],"acf":[],"_links":{"self":[{"href":"https:\/\/karpatskanadacia.sk\/en\/wp-json\/wp\/v2\/pages\/18352","targetHints":{"allow":["GET"]}}],"collection":[{"href":"https:\/\/karpatskanadacia.sk\/en\/wp-json\/wp\/v2\/pages"}],"about":[{"href":"https:\/\/karpatskanadacia.sk\/en\/wp-json\/wp\/v2\/types\/page"}],"author":[{"embeddable":true,"href":"https:\/\/karpatskanadacia.sk\/en\/wp-json\/wp\/v2\/users\/7"}],"replies":[{"embeddable":true,"href":"https:\/\/karpatskanadacia.sk\/en\/wp-json\/wp\/v2\/comments?post=18352"}],"version-history":[{"count":12,"href":"https:\/\/karpatskanadacia.sk\/en\/wp-json\/wp\/v2\/pages\/18352\/revisions"}],"predecessor-version":[{"id":27552,"href":"https:\/\/karpatskanadacia.sk\/en\/wp-json\/wp\/v2\/pages\/18352\/revisions\/27552"}],"wp:attachment":[{"href":"https:\/\/karpatskanadacia.sk\/en\/wp-json\/wp\/v2\/media?parent=18352"}],"curies":[{"name":"wp","href":"https:\/\/api.w.org\/{rel}","templated":true}]}}