{"id":19854,"date":"2024-09-10T13:44:38","date_gmt":"2024-09-10T11:44:38","guid":{"rendered":"https:\/\/karpatskanadacia.sk\/roma-community-development-programme-early-childhood-care\/"},"modified":"2024-10-01T11:53:05","modified_gmt":"2024-10-01T09:53:05","slug":"roma-community-development-programme-early-childhood-development","status":"publish","type":"page","link":"https:\/\/karpatskanadacia.sk\/en\/roma-community-development-programme-early-childhood-development\/","title":{"rendered":"Roma Community Development Programme (Early Childhood Development)"},"content":{"rendered":"\t\t<div data-elementor-type=\"wp-page\" data-elementor-id=\"19854\" class=\"elementor elementor-19854 elementor-18820\" data-elementor-post-type=\"page\">\n\t\t\t\t<div class=\"elementor-element elementor-element-536a88f e-flex e-con-boxed e-con e-parent\" data-id=\"536a88f\" data-element_type=\"container\">\n\t\t\t\t\t<div class=\"e-con-inner\">\n\t\t\t\t<div class=\"elementor-element elementor-element-666b6ff elementor-widget elementor-widget-text-editor\" data-id=\"666b6ff\" data-element_type=\"widget\" data-widget_type=\"text-editor.default\">\n\t\t\t\t<div class=\"elementor-widget-container\">\n\t\t\t\t\t\t\t\t\t<h6>A significant proportion of Roma men and women in Slovakia live in segregated communities, mostly in the least developed regions. According to the EU SILC MRC survey (Office of the Government Plenipotentiary for Roma Communities 2021), in 2020:<\/h6><h6>\u22d9 <strong>a total of 87 % of households in marginalised Roma communities (MRC) were at risk of poverty<\/strong><\/h6><h6>\u22d9 <strong>and 52 % faced severe material deprivation.<\/strong><\/h6><h6>These families have faced ethnic and social discrimination and multiple exclusion for decades, which has led to enormous burdens and toxic stress. This is experienced not only by parents but also by children from birth, which poses a risk to their development.<\/h6>\t\t\t\t\t\t\t\t<\/div>\n\t\t\t\t<\/div>\n\t\t\t\t\t<\/div>\n\t\t\t\t<\/div>\n\t\t<div class=\"elementor-element elementor-element-9811e64 e-flex e-con-boxed e-con e-parent\" data-id=\"9811e64\" data-element_type=\"container\">\n\t\t\t\t\t<div class=\"e-con-inner\">\n\t\t\t\t<div class=\"elementor-element elementor-element-ad231cf elementor-widget elementor-widget-text-editor\" data-id=\"ad231cf\" data-element_type=\"widget\" data-widget_type=\"text-editor.default\">\n\t\t\t\t<div class=\"elementor-widget-container\">\n\t\t\t\t\t\t\t\t\t<p>In addition, many parents living in the MRC are not equipped with the parenting skills and knowledge to adequately support their children&#8217;s development from birth. The EU SILC survey also showed that <b>only 32 % of Roma children aged 3 to 6 years attended kindergarten<\/b>, compared to 87 % in the general population. Roma children are often segregated in education, as evidenced by recent European Commission lawsuits against Slovakia and a decision of the Slovak Supreme Court.<\/p>\t\t\t\t\t\t\t\t<\/div>\n\t\t\t\t<\/div>\n\t\t\t\t\t<\/div>\n\t\t\t\t<\/div>\n\t\t<div class=\"elementor-element elementor-element-6db7c16 e-flex e-con-boxed e-con e-parent\" data-id=\"6db7c16\" data-element_type=\"container\">\n\t\t\t\t\t<div class=\"e-con-inner\">\n\t\t\t\t<div class=\"elementor-element elementor-element-5d80ce0 elementor-widget elementor-widget-text-editor\" data-id=\"5d80ce0\" data-element_type=\"widget\" data-widget_type=\"text-editor.default\">\n\t\t\t\t<div class=\"elementor-widget-container\">\n\t\t\t\t\t\t\t\t\t<h5>This is why we have been implementing the Roma Community Development Programme since 2015, through which we strive to:<\/h5>\n\t\t\t\t\t\t\t\t<\/div>\n\t\t\t\t<\/div>\n\t\t\t\t\t<\/div>\n\t\t\t\t<\/div>\n\t\t<div class=\"elementor-element elementor-element-a4060b9 e-flex e-con-boxed e-con e-parent\" data-id=\"a4060b9\" data-element_type=\"container\">\n\t\t\t\t\t<div class=\"e-con-inner\">\n\t\t\t\t<div class=\"elementor-element elementor-element-a7c8554 elementor-widget elementor-widget-text-editor\" data-id=\"a7c8554\" data-element_type=\"widget\" data-widget_type=\"text-editor.default\">\n\t\t\t\t<div class=\"elementor-widget-container\">\n\t\t\t\t\t\t\t\t\t<ul>\n<li><strong>Improve opportunities for children living in disadvantaged situations<\/strong> to successfully complete their education, thereby increasing their chances of leading a fulfilling life and breaking out of generational poverty.<\/li>\n<li><strong>To create fair opportunities <\/strong>for the development of Roma children in early childhood in a disadvantaged situation compared to other children in society.<\/li>\n<li><strong>To contribute to the overall social inclusion<\/strong> of people living in the MRC.<\/li>\n<\/ul>\n\t\t\t\t\t\t\t\t<\/div>\n\t\t\t\t<\/div>\n\t\t\t\t\t<\/div>\n\t\t\t\t<\/div>\n\t\t<div class=\"elementor-element elementor-element-7579260 e-flex e-con-boxed e-con e-parent\" data-id=\"7579260\" data-element_type=\"container\">\n\t\t\t\t\t<div class=\"e-con-inner\">\n\t\t\t\t<div class=\"elementor-element elementor-element-b0f6057 elementor-widget elementor-widget-image\" data-id=\"b0f6057\" data-element_type=\"widget\" data-widget_type=\"image.default\">\n\t\t\t\t<div class=\"elementor-widget-container\">\n\t\t\t\t\t\t\t\t\t\t\t\t\t\t\t<img fetchpriority=\"high\" decoding=\"async\" width=\"768\" height=\"511\" src=\"https:\/\/karpatskanadacia.sk\/wp-content\/uploads\/2024\/07\/RN_RomachildrenDobsina-1-768x511.jpg\" class=\"attachment-medium_large size-medium_large wp-image-18840\" alt=\"\" srcset=\"https:\/\/karpatskanadacia.sk\/wp-content\/uploads\/2024\/07\/RN_RomachildrenDobsina-1-768x511.jpg 768w, https:\/\/karpatskanadacia.sk\/wp-content\/uploads\/2024\/07\/RN_RomachildrenDobsina-1-300x200.jpg 300w, https:\/\/karpatskanadacia.sk\/wp-content\/uploads\/2024\/07\/RN_RomachildrenDobsina-1-1024x681.jpg 1024w, https:\/\/karpatskanadacia.sk\/wp-content\/uploads\/2024\/07\/RN_RomachildrenDobsina-1-1536x1021.jpg 1536w, https:\/\/karpatskanadacia.sk\/wp-content\/uploads\/2024\/07\/RN_RomachildrenDobsina-1.jpg 1540w\" sizes=\"(max-width: 768px) 100vw, 768px\" \/>\t\t\t\t\t\t\t\t\t\t\t\t\t\t\t<\/div>\n\t\t\t\t<\/div>\n\t\t\t\t\t<\/div>\n\t\t\t\t<\/div>\n\t\t<div class=\"elementor-element elementor-element-be9b2eb e-flex e-con-boxed e-con e-parent\" data-id=\"be9b2eb\" data-element_type=\"container\">\n\t\t\t\t\t<div class=\"e-con-inner\">\n\t\t\t\t<div class=\"elementor-element elementor-element-722bf09 elementor-position-left elementor-view-default elementor-mobile-position-top elementor-widget elementor-widget-icon-box\" data-id=\"722bf09\" data-element_type=\"widget\" data-widget_type=\"icon-box.default\">\n\t\t\t\t<div class=\"elementor-widget-container\">\n\t\t\t\t\t\t\t<div class=\"elementor-icon-box-wrapper\">\n\n\t\t\t\t\t\t<div class=\"elementor-icon-box-icon\">\n\t\t\t\t<span  class=\"elementor-icon\">\n\t\t\t\t<i aria-hidden=\"true\" class=\"fas fa-info-circle\"><\/i>\t\t\t\t<\/span>\n\t\t\t<\/div>\n\t\t\t\n\t\t\t\t\t\t<div class=\"elementor-icon-box-content\">\n\n\t\t\t\t\n\t\t\t\t\t\t\t\t\t<p class=\"elementor-icon-box-description\">\n\t\t\t\t\t\tThe Roma Community Development Programme supports activities focused on early childhood development and the development of parenting skills. It also aims to break down prejudices and raise awareness in society towards people from excluded Roma communities. Since 2015, we have been implementing the programme in cooperation with the Ekopolis Foundation in the Ko\u0161ice, Pre\u0161ov and Bansk\u00e1 Bystrica regions.   \t\t\t\t\t<\/p>\n\t\t\t\t\n\t\t\t<\/div>\n\t\t\t\n\t\t<\/div>\n\t\t\t\t\t\t<\/div>\n\t\t\t\t<\/div>\n\t\t\t\t\t<\/div>\n\t\t\t\t<\/div>\n\t\t<div class=\"elementor-element elementor-element-9f896ba e-flex e-con-boxed e-con e-parent\" data-id=\"9f896ba\" data-element_type=\"container\">\n\t\t\t\t\t<div class=\"e-con-inner\">\n\t\t\t\t<div class=\"elementor-element elementor-element-2093c14 elementor-widget elementor-widget-heading\" data-id=\"2093c14\" data-element_type=\"widget\" data-widget_type=\"heading.default\">\n\t\t\t\t<div class=\"elementor-widget-container\">\n\t\t\t\t\t<h5 class=\"elementor-heading-title elementor-size-default\">The Roma Community Development Programme has gone through four phases since 2015. <\/h5>\t\t\t\t<\/div>\n\t\t\t\t<\/div>\n\t\t\t\t\t<\/div>\n\t\t\t\t<\/div>\n\t\t<div class=\"elementor-element elementor-element-0ef9a10 e-flex e-con-boxed e-con e-parent\" data-id=\"0ef9a10\" data-element_type=\"container\">\n\t\t\t\t\t<div class=\"e-con-inner\">\n\t\t\t\t<div class=\"elementor-element elementor-element-bc76cc8 elementor-widget elementor-widget-text-editor\" data-id=\"bc76cc8\" data-element_type=\"widget\" data-widget_type=\"text-editor.default\">\n\t\t\t\t<div class=\"elementor-widget-container\">\n\t\t\t\t\t\t\t\t\t<ol><li>The first phase involved supporting various activities <b>to strengthen Roma inclusion at the local level<\/b>, including work on parenting skills for young parents, <b>creating livelihoods and supporting access to decent housing.<\/b><\/li><li>The second phase was about <b>supporting early childhood education and care for disadvantaged children<\/b>, as this was identified as one of the most important issues with a significant long-term impact on Roma inclusion.<\/li><li>The third stage focused on the<strong> sustainability of initiatives that support early childhood development<\/strong> in Slovakia.\u00a0<\/li><li>The aim of the fourth stage is to <b>achieve sustainable provision of quality early childhood education and care services<\/b> for children at risk of developmental delay across Slovakia.<\/li><\/ol>\t\t\t\t\t\t\t\t<\/div>\n\t\t\t\t<\/div>\n\t\t\t\t\t<\/div>\n\t\t\t\t<\/div>\n\t\t<div class=\"elementor-element elementor-element-44f9e1e e-flex e-con-boxed e-con e-parent\" data-id=\"44f9e1e\" data-element_type=\"container\">\n\t\t\t\t\t<div class=\"e-con-inner\">\n\t\t\t\t<div class=\"elementor-element elementor-element-40bd90d elementor-widget elementor-widget-heading\" data-id=\"40bd90d\" data-element_type=\"widget\" data-widget_type=\"heading.default\">\n\t\t\t\t<div class=\"elementor-widget-container\">\n\t\t\t\t\t<h5 class=\"elementor-heading-title elementor-size-default\">Objectives we have been working on in the last 2 phases: <\/h5>\t\t\t\t<\/div>\n\t\t\t\t<\/div>\n\t\t\t\t\t<\/div>\n\t\t\t\t<\/div>\n\t\t<div class=\"elementor-element elementor-element-3a96422 e-flex e-con-boxed e-con e-parent\" data-id=\"3a96422\" data-element_type=\"container\">\n\t\t\t\t\t<div class=\"e-con-inner\">\n\t\t\t\t<div class=\"elementor-element elementor-element-5aee1f9 elementor-widget elementor-widget-text-editor\" data-id=\"5aee1f9\" data-element_type=\"widget\" data-widget_type=\"text-editor.default\">\n\t\t\t\t<div class=\"elementor-widget-container\">\n\t\t\t\t\t\t\t\t\t<ul>\n<li>\n<p><strong>Early Childhood Development <\/strong>\u2013 to support the education and care of young children who are developmentally at risk for bio-psycho-social reasons.<\/p>\n<\/li>\n<li>\n<p><strong><b>Strengthening the expertise and sustainability<\/b> of the capacity of NGOs <\/strong>providing early childhood education and care services.<\/p>\n<\/li>\n<li>\n<p>Building the conditions for the <strong>creation of sustainable provision of early childhood education and care services <\/strong>not only for children from socially excluded backgrounds.<\/p>\n<\/li>\n<li>\n<p><strong>Creating a platform for Early Childhood Development<\/strong> that will bring together organisations, institutions, and academics.<\/p>\n<\/li>\n<li>\n<p><strong>Building the expertise of future early childhood development workers<\/strong> to understand the issues of Roma exclusion from society and integrated inclusive approaches in early childhood education.<\/p>\n<\/li>\n<li>\n<p><strong>Awareness-raising in mainstream society<\/strong>, in an attempt to achieve an understanding of diversity, to empathise with the situation of people from excluded communities and to try to look at it differently.&nbsp;<\/p>\n<\/li>\n<li>\n<p><strong>Promoting education and eliminating prejudice<\/strong> in secondary school students.<\/p>\n<\/li>\n<\/ul>\t\t\t\t\t\t\t\t<\/div>\n\t\t\t\t<\/div>\n\t\t\t\t\t<\/div>\n\t\t\t\t<\/div>\n\t\t<div class=\"elementor-element elementor-element-d2c5a2e e-flex e-con-boxed e-con e-parent\" data-id=\"d2c5a2e\" data-element_type=\"container\">\n\t\t\t\t\t<div class=\"e-con-inner\">\n\t\t\t\t<div class=\"elementor-element elementor-element-040edf7 elementor-widget elementor-widget-heading\" data-id=\"040edf7\" data-element_type=\"widget\" data-widget_type=\"heading.default\">\n\t\t\t\t<div class=\"elementor-widget-container\">\n\t\t\t\t\t<h5 class=\"elementor-heading-title elementor-size-default\">Programme activities:<\/h5>\t\t\t\t<\/div>\n\t\t\t\t<\/div>\n\t\t\t\t\t<\/div>\n\t\t\t\t<\/div>\n\t\t<div class=\"elementor-element elementor-element-fb0bf18 e-flex e-con-boxed e-con e-parent\" data-id=\"fb0bf18\" data-element_type=\"container\">\n\t\t\t\t\t<div class=\"e-con-inner\">\n\t\t\t\t<div class=\"elementor-element elementor-element-e5e6747 elementor-widget elementor-widget-text-editor\" data-id=\"e5e6747\" data-element_type=\"widget\" data-widget_type=\"text-editor.default\">\n\t\t\t\t<div class=\"elementor-widget-container\">\n\t\t\t\t\t\t\t\t\t<ul><li><p><strong>We support training and expertise building of NGOs. <\/strong>In addition to financial support to work with children and their parents, we have supported organisations through educational opportunities. These have focused on quality early childhood development provision, but also on increasing the sustainability and organisational development of organisations.<\/p><\/li><li><p><strong>We have created <\/strong><strong>a training programme for pedagogy\/social work students<\/strong> at a selected university, which includes guest lectures and partnerships for placements in organisations providing early childhood development in marginalized Roma communities.<\/p><\/li><li><p><strong>We run <\/strong><strong>a professional web platform <a href=\"https:\/\/odperinky.sk\/\" target=\"_blank\" rel=\"noopener\">odperinky.sk<\/a><\/strong>, which focuses on the topic of early childhood development and education support for children in excluded communities, as well as early childhood development support in general.<\/p><\/li><li><p>In collaboration with the Research Institute of Child Psychology and Pathopsychology, <strong>we have created<\/strong> <strong>a developmental measurement tool <\/strong>and have gradually improved it so that we can measure and improve early childhood education and care interventions. Results from the measurement and methodology can be found <a href=\"https:\/\/odperinky.sk\/meranie-vyvinu-deti-opat-poukazalo-na-potrebu-podpory-vyvinu-v-ranom-detstve\/\" target=\"_blank\" rel=\"noopener\">HERE<\/a>.<\/p><\/li><li><p>Together with other stakeholders, we are<strong> influencing the early childhood development system<\/strong> nationally and locally.<\/p><\/li><li><p><strong>We are also implementing awareness-raising activities<\/strong>, which you can read more about <a href=\"https:\/\/karpatskanadacia.sk\/en\/awareness-raising-activities\/\">HERE<\/a>.<\/p><\/li><\/ul>\t\t\t\t\t\t\t\t<\/div>\n\t\t\t\t<\/div>\n\t\t\t\t\t<\/div>\n\t\t\t\t<\/div>\n\t\t<div class=\"elementor-element elementor-element-6285904 e-flex e-con-boxed e-con e-parent\" data-id=\"6285904\" data-element_type=\"container\">\n\t\t\t\t\t<div class=\"e-con-inner\">\n\t\t\t\t<div class=\"elementor-element elementor-element-680d0b0 elementor-widget elementor-widget-image\" data-id=\"680d0b0\" data-element_type=\"widget\" data-widget_type=\"image.default\">\n\t\t\t\t<div class=\"elementor-widget-container\">\n\t\t\t\t\t\t\t\t\t\t\t\t\t\t\t<img decoding=\"async\" width=\"1800\" height=\"600\" src=\"https:\/\/karpatskanadacia.sk\/wp-content\/uploads\/2024\/09\/English.png\" class=\"attachment-full size-full wp-image-20184\" alt=\"\" srcset=\"https:\/\/karpatskanadacia.sk\/wp-content\/uploads\/2024\/09\/English.png 1800w, https:\/\/karpatskanadacia.sk\/wp-content\/uploads\/2024\/09\/English-300x100.png 300w, https:\/\/karpatskanadacia.sk\/wp-content\/uploads\/2024\/09\/English-1024x341.png 1024w, https:\/\/karpatskanadacia.sk\/wp-content\/uploads\/2024\/09\/English-768x256.png 768w, https:\/\/karpatskanadacia.sk\/wp-content\/uploads\/2024\/09\/English-1536x512.png 1536w\" sizes=\"(max-width: 1800px) 100vw, 1800px\" \/>\t\t\t\t\t\t\t\t\t\t\t\t\t\t\t<\/div>\n\t\t\t\t<\/div>\n\t\t\t\t\t<\/div>\n\t\t\t\t<\/div>\n\t\t<div class=\"elementor-element elementor-element-70a845d e-flex e-con-boxed e-con e-parent\" data-id=\"70a845d\" data-element_type=\"container\">\n\t\t\t\t\t<div class=\"e-con-inner\">\n\t\t\t\t<div class=\"elementor-element elementor-element-b6d9b1b elementor-widget elementor-widget-spacer\" data-id=\"b6d9b1b\" data-element_type=\"widget\" data-widget_type=\"spacer.default\">\n\t\t\t\t<div class=\"elementor-widget-container\">\n\t\t\t\t\t\t\t<div class=\"elementor-spacer\">\n\t\t\t<div class=\"elementor-spacer-inner\"><\/div>\n\t\t<\/div>\n\t\t\t\t\t\t<\/div>\n\t\t\t\t<\/div>\n\t\t\t\t\t<\/div>\n\t\t\t\t<\/div>\n\t\t<div class=\"elementor-element elementor-element-1f58f3b e-flex e-con-boxed e-con e-parent\" data-id=\"1f58f3b\" data-element_type=\"container\">\n\t\t\t\t\t<div class=\"e-con-inner\">\n\t\t\t\t<div class=\"elementor-element elementor-element-cc375f0 elementor-position-left elementor-view-default elementor-mobile-position-top elementor-widget elementor-widget-icon-box\" data-id=\"cc375f0\" data-element_type=\"widget\" data-widget_type=\"icon-box.default\">\n\t\t\t\t<div class=\"elementor-widget-container\">\n\t\t\t\t\t\t\t<div class=\"elementor-icon-box-wrapper\">\n\n\t\t\t\t\t\t<div class=\"elementor-icon-box-icon\">\n\t\t\t\t<span  class=\"elementor-icon\">\n\t\t\t\t<i aria-hidden=\"true\" class=\"fas fa-child\"><\/i>\t\t\t\t<\/span>\n\t\t\t<\/div>\n\t\t\t\n\t\t\t\t\t\t<div class=\"elementor-icon-box-content\">\n\n\t\t\t\t\n\t\t\t\t\t\t\t\t\t<p class=\"elementor-icon-box-description\">\n\t\t\t\t\t\tAs part of the 7th year of the programme, we are currently working on the establishment of OdPerinky \u2013 Platform for Early Childhood Development. OdPerinky's vision is that every child has access to support for their optimal development at an early age.\u202fThe platform was initiated by eight NGOs providing early childhood education and care and\/or early intervention services to children with developmental risks due to psycho-biological and environmental factors. \t\t\t\t\t<\/p>\n\t\t\t\t\n\t\t\t<\/div>\n\t\t\t\n\t\t<\/div>\n\t\t\t\t\t\t<\/div>\n\t\t\t\t<\/div>\n\t\t\t\t\t<\/div>\n\t\t\t\t<\/div>\n\t\t<div class=\"elementor-element elementor-element-65a2fe9 e-flex e-con-boxed e-con e-parent\" data-id=\"65a2fe9\" data-element_type=\"container\">\n\t\t\t\t\t<div class=\"e-con-inner\">\n\t\t<div class=\"elementor-element elementor-element-b5114e6 e-con-full e-flex e-con e-child\" data-id=\"b5114e6\" data-element_type=\"container\">\n\t\t\t\t<div class=\"elementor-element elementor-element-a3764da elementor-widget elementor-widget-image\" data-id=\"a3764da\" data-element_type=\"widget\" data-widget_type=\"image.default\">\n\t\t\t\t<div class=\"elementor-widget-container\">\n\t\t\t\t\t\t\t\t\t\t\t\t\t\t\t<img decoding=\"async\" width=\"768\" height=\"511\" src=\"https:\/\/karpatskanadacia.sk\/wp-content\/uploads\/2023\/03\/RN_RomachildrenDobsina-15-768x511.jpg\" class=\"attachment-medium_large size-medium_large wp-image-12460\" alt=\"\" srcset=\"https:\/\/karpatskanadacia.sk\/wp-content\/uploads\/2023\/03\/RN_RomachildrenDobsina-15-768x511.jpg 768w, https:\/\/karpatskanadacia.sk\/wp-content\/uploads\/2023\/03\/RN_RomachildrenDobsina-15-300x200.jpg 300w, https:\/\/karpatskanadacia.sk\/wp-content\/uploads\/2023\/03\/RN_RomachildrenDobsina-15-1024x681.jpg 1024w, https:\/\/karpatskanadacia.sk\/wp-content\/uploads\/2023\/03\/RN_RomachildrenDobsina-15-1536x1021.jpg 1536w, https:\/\/karpatskanadacia.sk\/wp-content\/uploads\/2023\/03\/RN_RomachildrenDobsina-15.jpg 1540w\" sizes=\"(max-width: 768px) 100vw, 768px\" \/>\t\t\t\t\t\t\t\t\t\t\t\t\t\t\t<\/div>\n\t\t\t\t<\/div>\n\t\t\t\t<\/div>\n\t\t<div class=\"elementor-element elementor-element-0e71a7b e-con-full e-flex e-con e-child\" data-id=\"0e71a7b\" data-element_type=\"container\">\n\t\t\t\t<div class=\"elementor-element elementor-element-d236362 elementor-widget elementor-widget-image\" data-id=\"d236362\" data-element_type=\"widget\" data-widget_type=\"image.default\">\n\t\t\t\t<div class=\"elementor-widget-container\">\n\t\t\t\t\t\t\t\t\t\t\t\t\t\t\t<img loading=\"lazy\" decoding=\"async\" width=\"768\" height=\"511\" src=\"https:\/\/karpatskanadacia.sk\/wp-content\/uploads\/2023\/02\/RN_RomachildrenDobsina-9-768x511.jpg\" class=\"attachment-medium_large size-medium_large wp-image-12430\" alt=\"\" srcset=\"https:\/\/karpatskanadacia.sk\/wp-content\/uploads\/2023\/02\/RN_RomachildrenDobsina-9-768x511.jpg 768w, https:\/\/karpatskanadacia.sk\/wp-content\/uploads\/2023\/02\/RN_RomachildrenDobsina-9-300x200.jpg 300w, https:\/\/karpatskanadacia.sk\/wp-content\/uploads\/2023\/02\/RN_RomachildrenDobsina-9-1024x681.jpg 1024w, https:\/\/karpatskanadacia.sk\/wp-content\/uploads\/2023\/02\/RN_RomachildrenDobsina-9-1536x1021.jpg 1536w, https:\/\/karpatskanadacia.sk\/wp-content\/uploads\/2023\/02\/RN_RomachildrenDobsina-9.jpg 1540w\" sizes=\"(max-width: 768px) 100vw, 768px\" \/>\t\t\t\t\t\t\t\t\t\t\t\t\t\t\t<\/div>\n\t\t\t\t<\/div>\n\t\t\t\t<\/div>\n\t\t\t\t\t<\/div>\n\t\t\t\t<\/div>\n\t\t\t\t<\/div>\n\t\t","protected":false},"excerpt":{"rendered":"<p>A significant proportion of Roma men and women in Slovakia live in segregated communities, mostly in the least developed regions. According to the EU SILC MRC survey (Office of the Government Plenipotentiary for Roma Communities 2021), in 2020: \u22d9 a total of 87 % of households in marginalised Roma communities (MRC) were at risk of [&hellip;]<\/p>\n","protected":false},"author":7,"featured_media":0,"parent":0,"menu_order":0,"comment_status":"closed","ping_status":"closed","template":"","meta":{"_acf_changed":false,"site-sidebar-layout":"no-sidebar","site-content-layout":"page-builder","ast-site-content-layout":"full-width-container","site-content-style":"unboxed","site-sidebar-style":"unboxed","ast-global-header-display":"","ast-banner-title-visibility":"","ast-main-header-display":"","ast-hfb-above-header-display":"","ast-hfb-below-header-display":"","ast-hfb-mobile-header-display":"","site-post-title":"","ast-breadcrumbs-content":"","ast-featured-img":"disabled","footer-sml-layout":"","ast-disable-related-posts":"","theme-transparent-header-meta":"default","adv-header-id-meta":"","stick-header-meta":"","header-above-stick-meta":"","header-main-stick-meta":"","header-below-stick-meta":"","astra-migrate-meta-layouts":"set","ast-page-background-enabled":"default","ast-page-background-meta":{"desktop":{"background-color":"","background-image":"","background-repeat":"repeat","background-position":"center center","background-size":"auto","background-attachment":"scroll","background-type":"","background-media":"","overlay-type":"","overlay-color":"","overlay-opacity":"","overlay-gradient":""},"tablet":{"background-color":"","background-image":"","background-repeat":"repeat","background-position":"center center","background-size":"auto","background-attachment":"scroll","background-type":"","background-media":"","overlay-type":"","overlay-color":"","overlay-opacity":"","overlay-gradient":""},"mobile":{"background-color":"","background-image":"","background-repeat":"repeat","background-position":"center center","background-size":"auto","background-attachment":"scroll","background-type":"","background-media":"","overlay-type":"","overlay-color":"","overlay-opacity":"","overlay-gradient":""}},"ast-content-background-meta":{"desktop":{"background-color":"var(--ast-global-color-5)","background-image":"","background-repeat":"repeat","background-position":"center center","background-size":"auto","background-attachment":"scroll","background-type":"","background-media":"","overlay-type":"","overlay-color":"","overlay-opacity":"","overlay-gradient":""},"tablet":{"background-color":"var(--ast-global-color-5)","background-image":"","background-repeat":"repeat","background-position":"center center","background-size":"auto","background-attachment":"scroll","background-type":"","background-media":"","overlay-type":"","overlay-color":"","overlay-opacity":"","overlay-gradient":""},"mobile":{"background-color":"var(--ast-global-color-5)","background-image":"","background-repeat":"repeat","background-position":"center center","background-size":"auto","background-attachment":"scroll","background-type":"","background-media":"","overlay-type":"","overlay-color":"","overlay-opacity":"","overlay-gradient":""}},"footnotes":""},"class_list":["post-19854","page","type-page","status-publish","hentry"],"acf":[],"_links":{"self":[{"href":"https:\/\/karpatskanadacia.sk\/en\/wp-json\/wp\/v2\/pages\/19854","targetHints":{"allow":["GET"]}}],"collection":[{"href":"https:\/\/karpatskanadacia.sk\/en\/wp-json\/wp\/v2\/pages"}],"about":[{"href":"https:\/\/karpatskanadacia.sk\/en\/wp-json\/wp\/v2\/types\/page"}],"author":[{"embeddable":true,"href":"https:\/\/karpatskanadacia.sk\/en\/wp-json\/wp\/v2\/users\/7"}],"replies":[{"embeddable":true,"href":"https:\/\/karpatskanadacia.sk\/en\/wp-json\/wp\/v2\/comments?post=19854"}],"version-history":[{"count":41,"href":"https:\/\/karpatskanadacia.sk\/en\/wp-json\/wp\/v2\/pages\/19854\/revisions"}],"predecessor-version":[{"id":20196,"href":"https:\/\/karpatskanadacia.sk\/en\/wp-json\/wp\/v2\/pages\/19854\/revisions\/20196"}],"wp:attachment":[{"href":"https:\/\/karpatskanadacia.sk\/en\/wp-json\/wp\/v2\/media?parent=19854"}],"curies":[{"name":"wp","href":"https:\/\/api.w.org\/{rel}","templated":true}]}}