{"id":3964,"date":"2019-05-07T11:26:05","date_gmt":"2019-05-07T09:26:05","guid":{"rendered":"https:\/\/karpatskanadacia.sk\/bez-so-srdcom-run-with-heart\/"},"modified":"2019-05-07T11:26:05","modified_gmt":"2019-05-07T09:26:05","slug":"bez-so-srdcom-run-with-heart","status":"publish","type":"page","link":"https:\/\/karpatskanadacia.sk\/en\/bez-so-srdcom-run-with-heart\/","title":{"rendered":"Be\u017e so srdcom (Run with Heart)"},"content":{"rendered":"\t\t<div data-elementor-type=\"wp-post\" data-elementor-id=\"3964\" class=\"elementor elementor-3964 elementor-544\" data-elementor-post-type=\"page\">\n\t\t\t\t\t\t<section class=\"elementor-section elementor-top-section elementor-element elementor-element-5f1e93f8 elementor-section-boxed elementor-section-height-default elementor-section-height-default\" data-id=\"5f1e93f8\" data-element_type=\"section\">\n\t\t\t\t\t\t<div class=\"elementor-container elementor-column-gap-default\">\n\t\t\t\t\t<div class=\"elementor-column elementor-col-100 elementor-top-column elementor-element elementor-element-2a77e6d\" data-id=\"2a77e6d\" data-element_type=\"column\">\n\t\t\t<div class=\"elementor-widget-wrap elementor-element-populated\">\n\t\t\t\t\t\t<div class=\"elementor-element elementor-element-6e6c138 elementor-widget elementor-widget-image\" data-id=\"6e6c138\" data-element_type=\"widget\" data-widget_type=\"image.default\">\n\t\t\t\t<div class=\"elementor-widget-container\">\n\t\t\t\t\t\t\t\t\t\t\t\t\t\t\t<img fetchpriority=\"high\" decoding=\"async\" width=\"768\" height=\"284\" src=\"https:\/\/karpatskanadacia.sk\/wp-content\/uploads\/2018\/10\/BSS-cover-768x284.jpg\" class=\"attachment-medium_large size-medium_large wp-image-704\" alt=\"\" srcset=\"https:\/\/karpatskanadacia.sk\/wp-content\/uploads\/2018\/10\/BSS-cover-768x284.jpg 768w, https:\/\/karpatskanadacia.sk\/wp-content\/uploads\/2018\/10\/BSS-cover-300x111.jpg 300w, https:\/\/karpatskanadacia.sk\/wp-content\/uploads\/2018\/10\/BSS-cover.jpg 851w\" sizes=\"(max-width: 768px) 100vw, 768px\" \/>\t\t\t\t\t\t\t\t\t\t\t\t\t\t\t<\/div>\n\t\t\t\t<\/div>\n\t\t\t\t<div class=\"elementor-element elementor-element-4e965e11 elementor-widget elementor-widget-heading\" data-id=\"4e965e11\" data-element_type=\"widget\" data-widget_type=\"heading.default\">\n\t\t\t\t<div class=\"elementor-widget-container\">\n\t\t\t\t\t<h4 class=\"elementor-heading-title elementor-size-default\">The Carpathian Foundation, in cooperation with the Marathon Club Ko\u0161ice, and with the \u013dudia\u013du\u010fom.sk portal bring a unique opportunity to support projects in Eastern Slovakia aimed at the people who need it most.<\/h4>\t\t\t\t<\/div>\n\t\t\t\t<\/div>\n\t\t\t\t<div class=\"elementor-element elementor-element-4b0400b7 elementor-widget elementor-widget-text-editor\" data-id=\"4b0400b7\" data-element_type=\"widget\" data-widget_type=\"text-editor.default\">\n\t\t\t\t<div class=\"elementor-widget-container\">\n\t\t\t\t\t\t\t\t\t<p><strong>Our thanks go to all runners who ran with heart in 2018 in the 95<sup>th<\/sup> Ko\u0161ice Peace Marathon, thus supporting families of children with cancer, helping to improve the situation of vulnerable families and young visually impaired people; as well as to all donors who have donated through the ludialudom.sk portal.<\/strong><\/p>\n<p>We will bring more information about the Run with Heart 2019 programme here soon!<\/p>\n\t\t\t\t\t\t\t\t<\/div>\n\t\t\t\t<\/div>\n\t\t\t\t\t<\/div>\n\t\t<\/div>\n\t\t\t\t\t<\/div>\n\t\t<\/section>\n\t\t\t\t<section class=\"elementor-section elementor-top-section elementor-element elementor-element-e4a1cd8 elementor-section-boxed elementor-section-height-default elementor-section-height-default\" data-id=\"e4a1cd8\" data-element_type=\"section\">\n\t\t\t\t\t\t<div class=\"elementor-container elementor-column-gap-default\">\n\t\t\t\t\t<div class=\"elementor-column elementor-col-100 elementor-top-column elementor-element elementor-element-3b73b90\" data-id=\"3b73b90\" data-element_type=\"column\">\n\t\t\t<div class=\"elementor-widget-wrap elementor-element-populated\">\n\t\t\t\t\t\t<div class=\"elementor-element elementor-element-64b2d2e elementor-widget elementor-widget-heading\" data-id=\"64b2d2e\" data-element_type=\"widget\" data-widget_type=\"heading.default\">\n\t\t\t\t<div class=\"elementor-widget-container\">\n\t\t\t\t\t<h5 class=\"elementor-heading-title elementor-size-default\">In 2018, the Run with Heart programme raised \u20ac5,507  for three amazing organisations that help people in Eastern Slovakia:<\/h5>\t\t\t\t<\/div>\n\t\t\t\t<\/div>\n\t\t\t\t<div class=\"elementor-element elementor-element-448c8fc elementor-widget elementor-widget-text-editor\" data-id=\"448c8fc\" data-element_type=\"widget\" data-widget_type=\"text-editor.default\">\n\t\t\t\t<div class=\"elementor-widget-container\">\n\t\t\t\t\t\t\t\t\t<ul>\n<li><strong>Svetielko pomoci:<\/strong>\u00a0funds for a mobile hospice for children with cancer and for accommodation, food and transportation for their families;<\/li>\n<li><strong>OZ Podaj \u010falej:\u00a0<\/strong>funds were used for Sebastian\u2019s and Viktoria\u2019s family and covered some construction adjustments in their flat, paid for school lunches and bought some basic stuff such as\u00a0food, drugstore goods, school things and medication.<\/li>\n<\/ul>\n<p><strong>\u00dania nevidiacich a slabozrak\u00fdch Slovenska, Ko\u0161ice:\u00a0<\/strong>funds were used to help a\u00a013-year-old, Attila, whose sight was severely affected as a\u00a0result of cancer, to provide him with a\u00a0work space where he could study and work independently.<\/p>\n\t\t\t\t\t\t\t\t<\/div>\n\t\t\t\t<\/div>\n\t\t\t\t\t<\/div>\n\t\t<\/div>\n\t\t\t\t\t<\/div>\n\t\t<\/section>\n\t\t\t\t<section class=\"elementor-section elementor-top-section elementor-element elementor-element-74169a4 elementor-section-boxed elementor-section-height-default elementor-section-height-default\" data-id=\"74169a4\" data-element_type=\"section\">\n\t\t\t\t\t\t<div class=\"elementor-container elementor-column-gap-default\">\n\t\t\t\t\t<div class=\"elementor-column elementor-col-100 elementor-top-column elementor-element elementor-element-f822453\" data-id=\"f822453\" data-element_type=\"column\">\n\t\t\t<div class=\"elementor-widget-wrap elementor-element-populated\">\n\t\t\t\t\t\t<div class=\"elementor-element elementor-element-3dd97e6 elementor-widget elementor-widget-heading\" data-id=\"3dd97e6\" data-element_type=\"widget\" data-widget_type=\"heading.default\">\n\t\t\t\t<div class=\"elementor-widget-container\">\n\t\t\t\t\t<h5 class=\"elementor-heading-title elementor-size-default\">How we used your donations<\/h5>\t\t\t\t<\/div>\n\t\t\t\t<\/div>\n\t\t\t\t<div class=\"elementor-element elementor-element-34dc501 elementor-widget elementor-widget-text-editor\" data-id=\"34dc501\" data-element_type=\"widget\" data-widget_type=\"text-editor.default\">\n\t\t\t\t<div class=\"elementor-widget-container\">\n\t\t\t\t\t\t\t\t\t<p>100% of donations were used for charitable and publicly beneficial purposes. The organisation chosen by donors received 90% of the donation and the Carpathian Foundation used 10% of the sum donated to ensure directed and transparent donation spending and also to gain as many donors as possible.<\/p>\n<p><a href=\"https:\/\/www.facebook.com\/bezsosrdcom\/\" target=\"_blank\" rel=\"noopener\"><strong>Follow the Be\u017e so srdcom (Run with Heart) programme on Facebook<\/strong><\/a><\/p>\n\t\t\t\t\t\t\t\t<\/div>\n\t\t\t\t<\/div>\n\t\t\t\t\t<\/div>\n\t\t<\/div>\n\t\t\t\t\t<\/div>\n\t\t<\/section>\n\t\t\t\t<\/div>\n\t\t","protected":false},"excerpt":{"rendered":"<p>The Carpathian Foundation, in cooperation with the Marathon Club Ko\u0161ice, and with the \u013dudia\u013du\u010fom.sk portal bring a unique opportunity to support projects in Eastern Slovakia aimed at the people who need it most. Our thanks go to all runners who ran with heart in 2018 in the 95th Ko\u0161ice Peace Marathon, thus supporting families of [&hellip;]<\/p>\n","protected":false},"author":1,"featured_media":0,"parent":0,"menu_order":0,"comment_status":"closed","ping_status":"closed","template":"","meta":{"_acf_changed":false,"site-sidebar-layout":"default","site-content-layout":"","ast-site-content-layout":"default","site-content-style":"default","site-sidebar-style":"default","ast-global-header-display":"","ast-banner-title-visibility":"","ast-main-header-display":"","ast-hfb-above-header-display":"","ast-hfb-below-header-display":"","ast-hfb-mobile-header-display":"","site-post-title":"","ast-breadcrumbs-content":"","ast-featured-img":"","footer-sml-layout":"","ast-disable-related-posts":"","theme-transparent-header-meta":"","adv-header-id-meta":"","stick-header-meta":"","header-above-stick-meta":"","header-main-stick-meta":"","header-below-stick-meta":"","astra-migrate-meta-layouts":"default","ast-page-background-enabled":"default","ast-page-background-meta":{"desktop":{"background-color":"","background-image":"","background-repeat":"repeat","background-position":"center center","background-size":"auto","background-attachment":"scroll","background-type":"","background-media":"","overlay-type":"","overlay-color":"","overlay-opacity":"","overlay-gradient":""},"tablet":{"background-color":"","background-image":"","background-repeat":"repeat","background-position":"center center","background-size":"auto","background-attachment":"scroll","background-type":"","background-media":"","overlay-type":"","overlay-color":"","overlay-opacity":"","overlay-gradient":""},"mobile":{"background-color":"","background-image":"","background-repeat":"repeat","background-position":"center center","background-size":"auto","background-attachment":"scroll","background-type":"","background-media":"","overlay-type":"","overlay-color":"","overlay-opacity":"","overlay-gradient":""}},"ast-content-background-meta":{"desktop":{"background-color":"var(--ast-global-color-5)","background-image":"","background-repeat":"repeat","background-position":"center center","background-size":"auto","background-attachment":"scroll","background-type":"","background-media":"","overlay-type":"","overlay-color":"","overlay-opacity":"","overlay-gradient":""},"tablet":{"background-color":"var(--ast-global-color-5)","background-image":"","background-repeat":"repeat","background-position":"center center","background-size":"auto","background-attachment":"scroll","background-type":"","background-media":"","overlay-type":"","overlay-color":"","overlay-opacity":"","overlay-gradient":""},"mobile":{"background-color":"var(--ast-global-color-5)","background-image":"","background-repeat":"repeat","background-position":"center center","background-size":"auto","background-attachment":"scroll","background-type":"","background-media":"","overlay-type":"","overlay-color":"","overlay-opacity":"","overlay-gradient":""}},"footnotes":""},"class_list":["post-3964","page","type-page","status-publish","hentry"],"acf":[],"_links":{"self":[{"href":"https:\/\/karpatskanadacia.sk\/en\/wp-json\/wp\/v2\/pages\/3964","targetHints":{"allow":["GET"]}}],"collection":[{"href":"https:\/\/karpatskanadacia.sk\/en\/wp-json\/wp\/v2\/pages"}],"about":[{"href":"https:\/\/karpatskanadacia.sk\/en\/wp-json\/wp\/v2\/types\/page"}],"author":[{"embeddable":true,"href":"https:\/\/karpatskanadacia.sk\/en\/wp-json\/wp\/v2\/users\/1"}],"replies":[{"embeddable":true,"href":"https:\/\/karpatskanadacia.sk\/en\/wp-json\/wp\/v2\/comments?post=3964"}],"version-history":[{"count":1,"href":"https:\/\/karpatskanadacia.sk\/en\/wp-json\/wp\/v2\/pages\/3964\/revisions"}],"predecessor-version":[{"id":3965,"href":"https:\/\/karpatskanadacia.sk\/en\/wp-json\/wp\/v2\/pages\/3964\/revisions\/3965"}],"wp:attachment":[{"href":"https:\/\/karpatskanadacia.sk\/en\/wp-json\/wp\/v2\/media?parent=3964"}],"curies":[{"name":"wp","href":"https:\/\/api.w.org\/{rel}","templated":true}]}}