{"id":4142,"date":"2019-06-12T15:44:57","date_gmt":"2019-06-12T13:44:57","guid":{"rendered":"https:\/\/karpatskanadacia.sk\/pomahaj-s-nami-help-us-help\/2-of-tax-assignation\/"},"modified":"2019-07-21T14:08:10","modified_gmt":"2019-07-21T12:08:10","slug":"2-of-tax-assignation","status":"publish","type":"page","link":"https:\/\/karpatskanadacia.sk\/en\/2-of-tax-assignation\/","title":{"rendered":"2% of Tax assignation"},"content":{"rendered":"\t\t<div data-elementor-type=\"wp-post\" data-elementor-id=\"4142\" class=\"elementor elementor-4142 elementor-58\" data-elementor-post-type=\"page\">\n\t\t\t\t\t\t<section class=\"elementor-section elementor-top-section elementor-element elementor-element-2d99777 elementor-section-boxed elementor-section-height-default elementor-section-height-default\" data-id=\"2d99777\" data-element_type=\"section\">\n\t\t\t\t\t\t<div class=\"elementor-container elementor-column-gap-default\">\n\t\t\t\t\t<div class=\"elementor-column elementor-col-100 elementor-top-column elementor-element elementor-element-a6b925b\" data-id=\"a6b925b\" data-element_type=\"column\">\n\t\t\t<div class=\"elementor-widget-wrap elementor-element-populated\">\n\t\t\t\t\t\t<div class=\"elementor-element elementor-element-0be0892 elementor-widget elementor-widget-heading\" data-id=\"0be0892\" data-element_type=\"widget\" data-widget_type=\"heading.default\">\n\t\t\t\t<div class=\"elementor-widget-container\">\n\t\t\t\t\t<h3 class=\"elementor-heading-title elementor-size-default\">Assign 2% of your income tax to a better Eastern Slovakia <\/h3>\t\t\t\t<\/div>\n\t\t\t\t<\/div>\n\t\t\t\t<div class=\"elementor-element elementor-element-49b94c3 elementor-widget elementor-widget-heading\" data-id=\"49b94c3\" data-element_type=\"widget\" data-widget_type=\"heading.default\">\n\t\t\t\t<div class=\"elementor-widget-container\">\n\t\t\t\t\t<h4 class=\"elementor-heading-title elementor-size-default\">How to assign the % of your income tax <\/h4>\t\t\t\t<\/div>\n\t\t\t\t<\/div>\n\t\t\t\t<div class=\"elementor-element elementor-element-d897895 elementor-widget elementor-widget-text-editor\" data-id=\"d897895\" data-element_type=\"widget\" data-widget_type=\"text-editor.default\">\n\t\t\t\t<div class=\"elementor-widget-container\">\n\t\t\t\t\t\t\t\t\t<ul>\n<li style=\"font-weight: 400;\"><b>Legal and natural persons <\/b><span style=\"font-weight: 400;\">can assign 2%\u00a0of their<\/span> <span style=\"font-weight: 400;\">income tax directly in the tax return form. The 2018 tax return has to be filed <\/span><b>by 1 April 2019 at the latest<\/b><span style=\"font-weight: 400;\">.<\/span><\/li>\n<\/ul>\n<p><span style=\"font-weight: 400;\">If a\u00a0legal person wants to assign the 2% of their taxes, the tax return filing deadline is also the <\/span><b>deadline by which they can donate funds amounting to 0.5% of their overall taxes. If a\u00a0legal person fails to donate the 0.5%, they can only assign 1.0% of the taxes<\/b><span style=\"font-weight: 400;\">.<\/span><\/p>\n<ul>\n<li style=\"font-weight: 400;\"><b>Employees must fill in <\/b><span style=\"font-weight: 400;\">the form entitled <\/span><i><span style=\"font-weight: 400;\">Vyhl\u00e1senie o pouk\u00e1zan\u00ed sumy 2% (Declaration of 2% Tax Assignation), <\/span><\/i><b>ask their employer<\/b><span style=\"font-weight: 400;\"> for the form entitled <\/span><i><span style=\"font-weight: 400;\">Potvrdenie o zaplaten\u00ed dane<\/span><\/i><span style=\"font-weight: 400;\">\u00a0(<\/span><i><span style=\"font-weight: 400;\">Confirmation of Tax Paid<\/span><\/i><span style=\"font-weight: 400;\">) before <\/span><b>15 February, 2019<\/b><span style=\"font-weight: 400;\"> and deliver <\/span><b>both forms to the relevant Tax Office <\/b><span style=\"font-weight: 400;\">by<\/span> <span style=\"font-weight: 400;\">1 April 2019. Employees must ask their employer to prepare the annual statement of taxes paid.<\/span><\/li>\n<li style=\"font-weight: 400;\"><b>Volunteers <\/b><span style=\"font-weight: 400;\">who have done at least 40 hours of volunteering work in 2018 and hold a\u00a0certificate to prove that can assign 3% of their income tax. If you are a\u00a0volunteer and would like to assign 3% of your tax, you need to submit the <\/span><i><span style=\"font-weight: 400;\">Potvrdenie o odpracovan\u00ed minim\u00e1lne 40 hod\u00edn dobrovo\u013en\u00edckej \u010dinnosti (Confirmation of having worked at least 40 hours of volunteering work) <\/span><\/i><span style=\"font-weight: 400;\">\u00a0together with the other two abovementioned forms. <\/span><\/li>\n<\/ul>\n<p><b>Information for the assignation of income tax \u00a0% to the Carpathian Foundation:<\/b><\/p>\n<ul>\n<li style=\"font-weight: 400;\"><b><i>Name of Organisation<\/i><\/b><i><span style=\"font-weight: 400;\">: Karpatsk\u00e1 nad\u00e1cia<\/span><\/i><\/li>\n<li style=\"font-weight: 400;\"><b><i>Address:<\/i><\/b><i><span style=\"font-weight: 400;\"> Letn\u00e1 27, 040 01 Ko\u0161ice<\/span><\/i><\/li>\n<li style=\"font-weight: 400;\"><b><i>Legal Form:<\/i><\/b><i><span style=\"font-weight: 400;\"> nad\u00e1cia <\/span><\/i><\/li>\n<li style=\"font-weight: 400;\"><b><i>Comp. ID (I\u010cO)<\/i><\/b><i><span style=\"font-weight: 400;\">: 3199 5420<\/span><\/i><\/li>\n<\/ul>\n<p><a href=\"http:\/\/rozhodni.sk\/poukazatel\/casove-lehoty-na-poukazanie-2\/\" target=\"_blank\" rel=\"noopener\"><span style=\"font-weight: 400;\">Summary of all important deadlines and information can be found here<\/span><\/a><span style=\"font-weight: 400;\">.<\/span><\/p>\n<p><b>2019 forms &#8211; downloads<\/b><\/p>\n<ul>\n<li style=\"font-weight: 400;\"><a href=\"https:\/\/karpatskanadacia.sk\/wp-content\/uploads\/2019\/01\/Vyhla%CC%81senie-k-2-dani-KN-za-rok-2018.pdf\"><span style=\"font-weight: 400;\">Vyhl\u00e1senie k 2% z dane<\/span><\/a><span style=\"font-weight: 400;\"> \u2013 pre-filled template for the Carpathian Foundation for 2018 tax returns<\/span><\/li>\n<li style=\"font-weight: 400;\"><a href=\"https:\/\/karpatskanadacia.sk\/wp-content\/uploads\/2019\/01\/Potvrdenie-o-zaplateni-dane-z-prijmov-zo-zavislej-cinnosti.pdf\"><span style=\"font-weight: 400;\">Potvrdenie o zaplaten\u00ed dane z pr\u00edjmu pre viazan\u00e9 \u010dinnosti<\/span><\/a><\/li>\n<li style=\"font-weight: 400;\"><a href=\"http:\/\/rozhodni.sk\/poukazatel\/tlaciva-na-poukazanie-2-z-dane\/\" target=\"_blank\" rel=\"noopener\"><span style=\"font-weight: 400;\">In\u00e9 tla\u010div\u00e1 na pouk\u00e1zanie 2% z dane<\/span><\/a><\/li>\n<\/ul>\n<p><i><span style=\"font-weight: 400;\">Every year, the Carpathian Foundation is registered as an eligible receiver of income tax assignation by Ms. Martina Sobinkovi\u010dov\u00e1, notary public, free of charge. We are very grateful for her support.<\/span><\/i><\/p>\n\t\t\t\t\t\t\t\t<\/div>\n\t\t\t\t<\/div>\n\t\t\t\t\t<\/div>\n\t\t<\/div>\n\t\t\t\t\t<\/div>\n\t\t<\/section>\n\t\t\t\t<\/div>\n\t\t","protected":false},"excerpt":{"rendered":"<p>Assign 2% of your income tax to a better Eastern Slovakia How to assign the % of your income tax Legal and natural persons can assign 2% of their income tax directly in the tax return form. The 2018 tax return has to be filed by 1 April 2019 at the latest. If a legal [&hellip;]<\/p>\n","protected":false},"author":1,"featured_media":0,"parent":0,"menu_order":0,"comment_status":"closed","ping_status":"closed","template":"","meta":{"_acf_changed":false,"site-sidebar-layout":"no-sidebar","site-content-layout":"page-builder","ast-site-content-layout":"default","site-content-style":"default","site-sidebar-style":"default","ast-global-header-display":"","ast-banner-title-visibility":"","ast-main-header-display":"","ast-hfb-above-header-display":"","ast-hfb-below-header-display":"","ast-hfb-mobile-header-display":"","site-post-title":"disabled","ast-breadcrumbs-content":"","ast-featured-img":"disabled","footer-sml-layout":"","ast-disable-related-posts":"","theme-transparent-header-meta":"default","adv-header-id-meta":"","stick-header-meta":"","header-above-stick-meta":"","header-main-stick-meta":"","header-below-stick-meta":"","astra-migrate-meta-layouts":"default","ast-page-background-enabled":"default","ast-page-background-meta":{"desktop":{"background-color":"","background-image":"","background-repeat":"repeat","background-position":"center center","background-size":"auto","background-attachment":"scroll","background-type":"","background-media":"","overlay-type":"","overlay-color":"","overlay-opacity":"","overlay-gradient":""},"tablet":{"background-color":"","background-image":"","background-repeat":"repeat","background-position":"center center","background-size":"auto","background-attachment":"scroll","background-type":"","background-media":"","overlay-type":"","overlay-color":"","overlay-opacity":"","overlay-gradient":""},"mobile":{"background-color":"","background-image":"","background-repeat":"repeat","background-position":"center center","background-size":"auto","background-attachment":"scroll","background-type":"","background-media":"","overlay-type":"","overlay-color":"","overlay-opacity":"","overlay-gradient":""}},"ast-content-background-meta":{"desktop":{"background-color":"var(--ast-global-color-5)","background-image":"","background-repeat":"repeat","background-position":"center center","background-size":"auto","background-attachment":"scroll","background-type":"","background-media":"","overlay-type":"","overlay-color":"","overlay-opacity":"","overlay-gradient":""},"tablet":{"background-color":"var(--ast-global-color-5)","background-image":"","background-repeat":"repeat","background-position":"center center","background-size":"auto","background-attachment":"scroll","background-type":"","background-media":"","overlay-type":"","overlay-color":"","overlay-opacity":"","overlay-gradient":""},"mobile":{"background-color":"var(--ast-global-color-5)","background-image":"","background-repeat":"repeat","background-position":"center center","background-size":"auto","background-attachment":"scroll","background-type":"","background-media":"","overlay-type":"","overlay-color":"","overlay-opacity":"","overlay-gradient":""}},"footnotes":""},"class_list":["post-4142","page","type-page","status-publish","hentry"],"acf":[],"_links":{"self":[{"href":"https:\/\/karpatskanadacia.sk\/en\/wp-json\/wp\/v2\/pages\/4142","targetHints":{"allow":["GET"]}}],"collection":[{"href":"https:\/\/karpatskanadacia.sk\/en\/wp-json\/wp\/v2\/pages"}],"about":[{"href":"https:\/\/karpatskanadacia.sk\/en\/wp-json\/wp\/v2\/types\/page"}],"author":[{"embeddable":true,"href":"https:\/\/karpatskanadacia.sk\/en\/wp-json\/wp\/v2\/users\/1"}],"replies":[{"embeddable":true,"href":"https:\/\/karpatskanadacia.sk\/en\/wp-json\/wp\/v2\/comments?post=4142"}],"version-history":[{"count":4,"href":"https:\/\/karpatskanadacia.sk\/en\/wp-json\/wp\/v2\/pages\/4142\/revisions"}],"predecessor-version":[{"id":4296,"href":"https:\/\/karpatskanadacia.sk\/en\/wp-json\/wp\/v2\/pages\/4142\/revisions\/4296"}],"wp:attachment":[{"href":"https:\/\/karpatskanadacia.sk\/en\/wp-json\/wp\/v2\/media?parent=4142"}],"curies":[{"name":"wp","href":"https:\/\/api.w.org\/{rel}","templated":true}]}}