{"id":4341,"date":"2019-07-22T14:15:29","date_gmt":"2019-07-22T12:15:29","guid":{"rendered":"https:\/\/karpatskanadacia.sk\/success-stories\/"},"modified":"2019-07-22T14:15:30","modified_gmt":"2019-07-22T12:15:30","slug":"success-stories","status":"publish","type":"page","link":"https:\/\/karpatskanadacia.sk\/en\/success-stories\/","title":{"rendered":"Success stories"},"content":{"rendered":"\t\t<div data-elementor-type=\"wp-post\" data-elementor-id=\"4341\" class=\"elementor elementor-4341 elementor-4337 elementor-bc-flex-widget\" data-elementor-post-type=\"page\">\n\t\t\t\t\t\t<section class=\"elementor-section elementor-top-section elementor-element elementor-element-dd44b5c elementor-section-boxed elementor-section-height-default elementor-section-height-default\" data-id=\"dd44b5c\" data-element_type=\"section\">\n\t\t\t\t\t\t<div class=\"elementor-container elementor-column-gap-default\">\n\t\t\t\t\t<div class=\"elementor-column elementor-col-100 elementor-top-column elementor-element elementor-element-8cc1434\" data-id=\"8cc1434\" data-element_type=\"column\">\n\t\t\t<div class=\"elementor-widget-wrap elementor-element-populated\">\n\t\t\t\t\t\t<div class=\"elementor-element elementor-element-c00fb52 elementor-widget elementor-widget-jet-listing-grid\" data-id=\"c00fb52\" data-element_type=\"widget\" data-settings=\"{&quot;columns&quot;:3,&quot;columns_tablet&quot;:&quot;2&quot;,&quot;columns_mobile&quot;:&quot;1&quot;}\" data-widget_type=\"jet-listing-grid.default\">\n\t\t\t\t<div class=\"elementor-widget-container\">\n\t\t\t\t\t<div class=\"jet-listing-grid jet-listing\"><div class=\"jet-listing-grid__items grid-col-desk-3 grid-col-tablet-2 grid-col-mobile-1 jet-listing-grid--1459\" data-queried-id=\"4341|WP_Post\" data-nav=\"{&quot;enabled&quot;:false,&quot;type&quot;:null,&quot;more_el&quot;:null,&quot;query&quot;:[],&quot;widget_settings&quot;:{&quot;lisitng_id&quot;:1459,&quot;posts_num&quot;:12,&quot;columns&quot;:3,&quot;columns_tablet&quot;:2,&quot;columns_mobile&quot;:1,&quot;column_min_width&quot;:240,&quot;column_min_width_tablet&quot;:240,&quot;column_min_width_mobile&quot;:240,&quot;inline_columns_css&quot;:false,&quot;is_archive_template&quot;:&quot;&quot;,&quot;post_status&quot;:[&quot;publish&quot;],&quot;use_random_posts_num&quot;:&quot;&quot;,&quot;max_posts_num&quot;:9,&quot;not_found_message&quot;:&quot;No article found.&quot;,&quot;is_masonry&quot;:false,&quot;equal_columns_height&quot;:&quot;&quot;,&quot;use_load_more&quot;:&quot;&quot;,&quot;load_more_id&quot;:&quot;&quot;,&quot;load_more_type&quot;:&quot;click&quot;,&quot;load_more_offset&quot;:{&quot;unit&quot;:&quot;px&quot;,&quot;size&quot;:0,&quot;sizes&quot;:[]},&quot;use_custom_post_types&quot;:&quot;&quot;,&quot;custom_post_types&quot;:[],&quot;hide_widget_if&quot;:&quot;&quot;,&quot;carousel_enabled&quot;:&quot;&quot;,&quot;slides_to_scroll&quot;:&quot;1&quot;,&quot;arrows&quot;:&quot;true&quot;,&quot;arrow_icon&quot;:&quot;fa fa-angle-left&quot;,&quot;dots&quot;:&quot;&quot;,&quot;autoplay&quot;:&quot;true&quot;,&quot;pause_on_hover&quot;:&quot;true&quot;,&quot;autoplay_speed&quot;:5000,&quot;infinite&quot;:&quot;true&quot;,&quot;center_mode&quot;:&quot;&quot;,&quot;effect&quot;:&quot;slide&quot;,&quot;speed&quot;:500,&quot;inject_alternative_items&quot;:&quot;&quot;,&quot;injection_items&quot;:[],&quot;scroll_slider_enabled&quot;:&quot;&quot;,&quot;scroll_slider_on&quot;:[&quot;desktop&quot;,&quot;tablet&quot;,&quot;mobile&quot;],&quot;custom_query&quot;:false,&quot;custom_query_id&quot;:&quot;&quot;,&quot;_element_id&quot;:&quot;&quot;,&quot;collapse_first_last_gap&quot;:false,&quot;list_tag_selection&quot;:&quot;&quot;,&quot;list_items_wrapper_tag&quot;:&quot;div&quot;,&quot;list_item_tag&quot;:&quot;div&quot;,&quot;empty_items_wrapper_tag&quot;:&quot;div&quot;}}\" data-page=\"1\" data-pages=\"1\" data-listing-source=\"posts\" data-listing-id=\"1459\" data-query-id=\"\"><div class=\"jet-listing-grid__item jet-listing-dynamic-post-4149\" data-post-id=\"4149\"  ><style type=\"text\/css\">.jet-listing-dynamic-post-4149 .elementor-element.elementor-element-a1b51da:not(.elementor-motion-effects-element-type-background), .jet-listing-dynamic-post-4149 .elementor-element.elementor-element-a1b51da > .elementor-motion-effects-container > .elementor-motion-effects-layer{background-image:url(\"https:\/\/karpatskanadacia.sk\/wp-content\/uploads\/2018\/11\/Verbum-bonum-2.jpg\");}<\/style>\t\t<div data-elementor-type=\"jet-listing-items\" data-elementor-id=\"4241\" class=\"elementor elementor-4241 elementor-1459 elementor-bc-flex-widget\" data-elementor-post-type=\"jet-engine\">\n\t\t\t\t\t\t<section data-dce-background-overlay-color=\"#ffffff\" data-dce-background-image-url=\"https:\/\/karpatskanadacia.sk\/wp-content\/uploads\/2018\/11\/Verbum-bonum-2.jpg\" class=\"elementor-section elementor-top-section elementor-element elementor-element-a1b51da elementor-section-boxed elementor-section-height-default elementor-section-height-default\" data-id=\"a1b51da\" data-element_type=\"section\" data-settings=\"{&quot;background_background&quot;:&quot;classic&quot;}\">\n\t\t\t\t\t\t\t<div class=\"elementor-background-overlay\"><\/div>\n\t\t\t\t\t\t\t<div class=\"elementor-container elementor-column-gap-no\">\n\t\t\t\t\t<div class=\"elementor-column elementor-col-100 elementor-top-column elementor-element elementor-element-9bd1c55\" data-id=\"9bd1c55\" data-element_type=\"column\">\n\t\t\t<div class=\"elementor-widget-wrap elementor-element-populated\">\n\t\t\t\t\t\t<div class=\"elementor-element elementor-element-860c0ae elementor-widget-divider--view-line elementor-widget elementor-widget-divider\" data-id=\"860c0ae\" data-element_type=\"widget\" data-widget_type=\"divider.default\">\n\t\t\t\t<div class=\"elementor-widget-container\">\n\t\t\t\t\t\t\t<div class=\"elementor-divider\">\n\t\t\t<span class=\"elementor-divider-separator\">\n\t\t\t\t\t\t<\/span>\n\t\t<\/div>\n\t\t\t\t\t\t<\/div>\n\t\t\t\t<\/div>\n\t\t\t\t\t<\/div>\n\t\t<\/div>\n\t\t\t\t\t<\/div>\n\t\t<\/section>\n\t\t\t\t<section class=\"elementor-section elementor-top-section elementor-element elementor-element-fc50591 same-height-item elementor-section-boxed elementor-section-height-default elementor-section-height-default\" data-id=\"fc50591\" data-element_type=\"section\">\n\t\t\t\t\t\t<div class=\"elementor-container elementor-column-gap-wider\">\n\t\t\t\t\t<div class=\"elementor-column elementor-col-100 elementor-top-column elementor-element elementor-element-f223040\" data-id=\"f223040\" data-element_type=\"column\" data-settings=\"{&quot;background_background&quot;:&quot;classic&quot;}\">\n\t\t\t<div class=\"elementor-widget-wrap elementor-element-populated\">\n\t\t\t\t\t\t<div class=\"elementor-element elementor-element-b6aecc8 elementor-widget elementor-widget-heading\" data-id=\"b6aecc8\" data-element_type=\"widget\" data-widget_type=\"heading.default\">\n\t\t\t\t<div class=\"elementor-widget-container\">\n\t\t\t\t\t<h3 class=\"elementor-heading-title elementor-size-medium\"><a href=\"https:\/\/karpatskanadacia.sk\/en\/co-sa-podarilo\/creation-of-community-space-priestor-in-spisske-tomasovce\/\">Creation of community space \u201cprieSTOR\u201d in Spi\u0161sk\u00e9 Tom\u00e1\u0161ovce<\/a><\/h3>\t\t\t\t<\/div>\n\t\t\t\t<\/div>\n\t\t\t\t<div class=\"elementor-element elementor-element-ac2b39e elementor-widget elementor-widget-jet-listing-dynamic-field\" data-id=\"ac2b39e\" data-element_type=\"widget\" data-widget_type=\"jet-listing-dynamic-field.default\">\n\t\t\t\t<div class=\"elementor-widget-container\">\n\t\t\t\t\t<div class=\"jet-listing jet-listing-dynamic-field display-multiline\"><div class=\"jet-listing-dynamic-field__content\" >We have supported three projects implemented by the VERBUM BONUM civic association. Take a look at the way they used the funds.<\/div><\/div>\t\t\t\t<\/div>\n\t\t\t\t<\/div>\n\t\t\t\t<div class=\"elementor-element elementor-element-75f4eaf elementor-widget elementor-widget-jet-listing-dynamic-link\" data-id=\"75f4eaf\" data-element_type=\"widget\" data-widget_type=\"jet-listing-dynamic-link.default\">\n\t\t\t\t<div class=\"elementor-widget-container\">\n\t\t\t\t\t<div class=\"jet-listing jet-listing-dynamic-link\"><a href=\"https:\/\/karpatskanadacia.sk\/en\/co-sa-podarilo\/creation-of-community-space-priestor-in-spisske-tomasovce\/\" class=\"jet-listing-dynamic-link__link\"><i class=\"jet-listing-dynamic-link__icon fa fa-arrow-right\"><\/i><span class=\"jet-listing-dynamic-link__label\">FIND OUT MORE<\/span><\/a><\/div>\t\t\t\t<\/div>\n\t\t\t\t<\/div>\n\t\t\t\t\t<\/div>\n\t\t<\/div>\n\t\t\t\t\t<\/div>\n\t\t<\/section>\n\t\t\t\t<section class=\"elementor-section elementor-top-section elementor-element elementor-element-f54f60e elementor-section-boxed elementor-section-height-default elementor-section-height-default\" data-id=\"f54f60e\" data-element_type=\"section\">\n\t\t\t\t\t\t<div class=\"elementor-container elementor-column-gap-default\">\n\t\t\t\t\t<div class=\"elementor-column elementor-col-100 elementor-top-column elementor-element elementor-element-6b5a8ad\" data-id=\"6b5a8ad\" data-element_type=\"column\" data-settings=\"{&quot;background_background&quot;:&quot;classic&quot;}\">\n\t\t\t<div class=\"elementor-widget-wrap elementor-element-populated\">\n\t\t\t\t\t\t<div class=\"elementor-element elementor-element-e814b0e elementor-widget elementor-widget-jet-listing-dynamic-meta\" data-id=\"e814b0e\" data-element_type=\"widget\" data-widget_type=\"jet-listing-dynamic-meta.default\">\n\t\t\t\t<div class=\"elementor-widget-container\">\n\t\t\t\t\t<div class=\"jet-listing jet-listing-dynamic-meta meta-layout-inline\"><div class=\"jet-listing-dynamic-meta__date jet-listing-dynamic-meta__item\"><span class=\"jet-listing-dynamic-meta__item-val\"><time datetime=\"2019-06-12T15:53:48+02:00\">12.06.2019<\/time><\/span><\/div><\/div>\t\t\t\t<\/div>\n\t\t\t\t<\/div>\n\t\t\t\t\t<\/div>\n\t\t<\/div>\n\t\t\t\t\t<\/div>\n\t\t<\/section>\n\t\t\t\t<\/div>\n\t\t<\/div><div class=\"jet-listing-grid__item jet-listing-dynamic-post-4148\" data-post-id=\"4148\"  ><style type=\"text\/css\">.jet-listing-dynamic-post-4148 .elementor-element.elementor-element-a1b51da:not(.elementor-motion-effects-element-type-background), .jet-listing-dynamic-post-4148 .elementor-element.elementor-element-a1b51da > .elementor-motion-effects-container > .elementor-motion-effects-layer{background-image:url(\"https:\/\/karpatskanadacia.sk\/wp-content\/uploads\/2018\/12\/IMG_0065.jpg\");}<\/style>\t\t<div data-elementor-type=\"jet-listing-items\" data-elementor-id=\"4241\" class=\"elementor elementor-4241 elementor-1459 elementor-bc-flex-widget\" data-elementor-post-type=\"jet-engine\">\n\t\t\t\t\t\t<section data-dce-background-overlay-color=\"#ffffff\" data-dce-background-image-url=\"https:\/\/karpatskanadacia.sk\/wp-content\/uploads\/2018\/12\/IMG_0065.jpg\" class=\"elementor-section elementor-top-section elementor-element elementor-element-a1b51da elementor-section-boxed elementor-section-height-default elementor-section-height-default\" data-id=\"a1b51da\" data-element_type=\"section\" data-settings=\"{&quot;background_background&quot;:&quot;classic&quot;}\">\n\t\t\t\t\t\t\t<div class=\"elementor-background-overlay\"><\/div>\n\t\t\t\t\t\t\t<div class=\"elementor-container elementor-column-gap-no\">\n\t\t\t\t\t<div class=\"elementor-column elementor-col-100 elementor-top-column elementor-element elementor-element-9bd1c55\" data-id=\"9bd1c55\" data-element_type=\"column\">\n\t\t\t<div class=\"elementor-widget-wrap elementor-element-populated\">\n\t\t\t\t\t\t<div class=\"elementor-element elementor-element-860c0ae elementor-widget-divider--view-line elementor-widget elementor-widget-divider\" data-id=\"860c0ae\" data-element_type=\"widget\" data-widget_type=\"divider.default\">\n\t\t\t\t<div class=\"elementor-widget-container\">\n\t\t\t\t\t\t\t<div class=\"elementor-divider\">\n\t\t\t<span class=\"elementor-divider-separator\">\n\t\t\t\t\t\t<\/span>\n\t\t<\/div>\n\t\t\t\t\t\t<\/div>\n\t\t\t\t<\/div>\n\t\t\t\t\t<\/div>\n\t\t<\/div>\n\t\t\t\t\t<\/div>\n\t\t<\/section>\n\t\t\t\t<section class=\"elementor-section elementor-top-section elementor-element elementor-element-fc50591 same-height-item elementor-section-boxed elementor-section-height-default elementor-section-height-default\" data-id=\"fc50591\" data-element_type=\"section\">\n\t\t\t\t\t\t<div class=\"elementor-container elementor-column-gap-wider\">\n\t\t\t\t\t<div class=\"elementor-column elementor-col-100 elementor-top-column elementor-element elementor-element-f223040\" data-id=\"f223040\" data-element_type=\"column\" data-settings=\"{&quot;background_background&quot;:&quot;classic&quot;}\">\n\t\t\t<div class=\"elementor-widget-wrap elementor-element-populated\">\n\t\t\t\t\t\t<div class=\"elementor-element elementor-element-b6aecc8 elementor-widget elementor-widget-heading\" data-id=\"b6aecc8\" data-element_type=\"widget\" data-widget_type=\"heading.default\">\n\t\t\t\t<div class=\"elementor-widget-container\">\n\t\t\t\t\t<h3 class=\"elementor-heading-title elementor-size-medium\"><a href=\"https:\/\/karpatskanadacia.sk\/en\/co-sa-podarilo\/improvement-of-the-life-of-handicapped-people-with-the-oz-barlicka-civic-association\/\">Improvement of the life of handicapped people with the OZ Barli\u010dka civic association<\/a><\/h3>\t\t\t\t<\/div>\n\t\t\t\t<\/div>\n\t\t\t\t<div class=\"elementor-element elementor-element-ac2b39e elementor-widget elementor-widget-jet-listing-dynamic-field\" data-id=\"ac2b39e\" data-element_type=\"widget\" data-widget_type=\"jet-listing-dynamic-field.default\">\n\t\t\t\t<div class=\"elementor-widget-container\">\n\t\t\t\t\t<div class=\"jet-listing jet-listing-dynamic-field display-multiline\"><div class=\"jet-listing-dynamic-field__content\" >Carpathian Foundation has been a long-time supporter of OZ Barli\u010dka, a civic association established to improve the lives of handicapped people in Eastern Slovakia.<\/div><\/div>\t\t\t\t<\/div>\n\t\t\t\t<\/div>\n\t\t\t\t<div class=\"elementor-element elementor-element-75f4eaf elementor-widget elementor-widget-jet-listing-dynamic-link\" data-id=\"75f4eaf\" data-element_type=\"widget\" data-widget_type=\"jet-listing-dynamic-link.default\">\n\t\t\t\t<div class=\"elementor-widget-container\">\n\t\t\t\t\t<div class=\"jet-listing jet-listing-dynamic-link\"><a href=\"https:\/\/karpatskanadacia.sk\/en\/co-sa-podarilo\/improvement-of-the-life-of-handicapped-people-with-the-oz-barlicka-civic-association\/\" class=\"jet-listing-dynamic-link__link\"><i class=\"jet-listing-dynamic-link__icon fa fa-arrow-right\"><\/i><span class=\"jet-listing-dynamic-link__label\">FIND OUT MORE<\/span><\/a><\/div>\t\t\t\t<\/div>\n\t\t\t\t<\/div>\n\t\t\t\t\t<\/div>\n\t\t<\/div>\n\t\t\t\t\t<\/div>\n\t\t<\/section>\n\t\t\t\t<section class=\"elementor-section elementor-top-section elementor-element elementor-element-f54f60e elementor-section-boxed elementor-section-height-default elementor-section-height-default\" data-id=\"f54f60e\" data-element_type=\"section\">\n\t\t\t\t\t\t<div class=\"elementor-container elementor-column-gap-default\">\n\t\t\t\t\t<div class=\"elementor-column elementor-col-100 elementor-top-column elementor-element elementor-element-6b5a8ad\" data-id=\"6b5a8ad\" data-element_type=\"column\" data-settings=\"{&quot;background_background&quot;:&quot;classic&quot;}\">\n\t\t\t<div class=\"elementor-widget-wrap elementor-element-populated\">\n\t\t\t\t\t\t<div class=\"elementor-element elementor-element-e814b0e elementor-widget elementor-widget-jet-listing-dynamic-meta\" data-id=\"e814b0e\" data-element_type=\"widget\" data-widget_type=\"jet-listing-dynamic-meta.default\">\n\t\t\t\t<div class=\"elementor-widget-container\">\n\t\t\t\t\t<div class=\"jet-listing jet-listing-dynamic-meta meta-layout-inline\"><div class=\"jet-listing-dynamic-meta__date jet-listing-dynamic-meta__item\"><span class=\"jet-listing-dynamic-meta__item-val\"><time datetime=\"2019-06-12T15:52:25+02:00\">12.06.2019<\/time><\/span><\/div><\/div>\t\t\t\t<\/div>\n\t\t\t\t<\/div>\n\t\t\t\t\t<\/div>\n\t\t<\/div>\n\t\t\t\t\t<\/div>\n\t\t<\/section>\n\t\t\t\t<\/div>\n\t\t<\/div><\/div><\/div>\t\t\t\t<\/div>\n\t\t\t\t<\/div>\n\t\t\t\t\t<\/div>\n\t\t<\/div>\n\t\t\t\t\t<\/div>\n\t\t<\/section>\n\t\t\t\t<\/div>\n\t\t","protected":false},"excerpt":{"rendered":"<p>Aj v\u010faka na\u0161ej podpore dok\u00e1\u017ee OZ Maj\u00e1k n\u00e1deje pom\u00e1ha\u0165 rodin\u00e1m v n\u00fadzi. Tu je pr\u00edbeh Lenky. ZISTI\u0164 VIAC 20.03.2019 Pre\u010d\u00edtajte si, ako s na\u0161ou podporou OZ Priatelia trstenskej pr\u00edrody zmobilizovali miestnu komunitu, postupne vy\u010distili a zmenili \u017eivotn\u00e9 prostredie vo svojom okol\u00ed a vzdel\u00e1vaj\u00fa \u013eud\u00ed a deti k ochrane prostredia, v ktorom \u017eij\u00fa. ZISTI\u0164 VIAC 31.01.2019 [&hellip;]<\/p>\n","protected":false},"author":1,"featured_media":0,"parent":0,"menu_order":0,"comment_status":"closed","ping_status":"closed","template":"","meta":{"_acf_changed":false,"site-sidebar-layout":"no-sidebar","site-content-layout":"page-builder","ast-site-content-layout":"default","site-content-style":"default","site-sidebar-style":"default","ast-global-header-display":"","ast-banner-title-visibility":"","ast-main-header-display":"","ast-hfb-above-header-display":"","ast-hfb-below-header-display":"","ast-hfb-mobile-header-display":"","site-post-title":"disabled","ast-breadcrumbs-content":"","ast-featured-img":"","footer-sml-layout":"","ast-disable-related-posts":"","theme-transparent-header-meta":"","adv-header-id-meta":"","stick-header-meta":"","header-above-stick-meta":"","header-main-stick-meta":"","header-below-stick-meta":"","astra-migrate-meta-layouts":"default","ast-page-background-enabled":"default","ast-page-background-meta":{"desktop":{"background-color":"","background-image":"","background-repeat":"repeat","background-position":"center center","background-size":"auto","background-attachment":"scroll","background-type":"","background-media":"","overlay-type":"","overlay-color":"","overlay-opacity":"","overlay-gradient":""},"tablet":{"background-color":"","background-image":"","background-repeat":"repeat","background-position":"center center","background-size":"auto","background-attachment":"scroll","background-type":"","background-media":"","overlay-type":"","overlay-color":"","overlay-opacity":"","overlay-gradient":""},"mobile":{"background-color":"","background-image":"","background-repeat":"repeat","background-position":"center center","background-size":"auto","background-attachment":"scroll","background-type":"","background-media":"","overlay-type":"","overlay-color":"","overlay-opacity":"","overlay-gradient":""}},"ast-content-background-meta":{"desktop":{"background-color":"var(--ast-global-color-5)","background-image":"","background-repeat":"repeat","background-position":"center center","background-size":"auto","background-attachment":"scroll","background-type":"","background-media":"","overlay-type":"","overlay-color":"","overlay-opacity":"","overlay-gradient":""},"tablet":{"background-color":"var(--ast-global-color-5)","background-image":"","background-repeat":"repeat","background-position":"center center","background-size":"auto","background-attachment":"scroll","background-type":"","background-media":"","overlay-type":"","overlay-color":"","overlay-opacity":"","overlay-gradient":""},"mobile":{"background-color":"var(--ast-global-color-5)","background-image":"","background-repeat":"repeat","background-position":"center center","background-size":"auto","background-attachment":"scroll","background-type":"","background-media":"","overlay-type":"","overlay-color":"","overlay-opacity":"","overlay-gradient":""}},"footnotes":""},"class_list":["post-4341","page","type-page","status-publish","hentry"],"acf":[],"_links":{"self":[{"href":"https:\/\/karpatskanadacia.sk\/en\/wp-json\/wp\/v2\/pages\/4341","targetHints":{"allow":["GET"]}}],"collection":[{"href":"https:\/\/karpatskanadacia.sk\/en\/wp-json\/wp\/v2\/pages"}],"about":[{"href":"https:\/\/karpatskanadacia.sk\/en\/wp-json\/wp\/v2\/types\/page"}],"author":[{"embeddable":true,"href":"https:\/\/karpatskanadacia.sk\/en\/wp-json\/wp\/v2\/users\/1"}],"replies":[{"embeddable":true,"href":"https:\/\/karpatskanadacia.sk\/en\/wp-json\/wp\/v2\/comments?post=4341"}],"version-history":[{"count":1,"href":"https:\/\/karpatskanadacia.sk\/en\/wp-json\/wp\/v2\/pages\/4341\/revisions"}],"predecessor-version":[{"id":4342,"href":"https:\/\/karpatskanadacia.sk\/en\/wp-json\/wp\/v2\/pages\/4341\/revisions\/4342"}],"wp:attachment":[{"href":"https:\/\/karpatskanadacia.sk\/en\/wp-json\/wp\/v2\/media?parent=4341"}],"curies":[{"name":"wp","href":"https:\/\/api.w.org\/{rel}","templated":true}]}}